{"id":7382,"date":"2024-12-24T21:53:28","date_gmt":"2024-12-24T13:53:28","guid":{"rendered":"https:\/\/sopami.tech\/?post_type=product&#038;p=7382"},"modified":"2025-02-19T18:28:24","modified_gmt":"2025-02-19T10:28:24","slug":"sopami-car-coating-spray-3-in-1-ceramic-car-paint-spray","status":"publish","type":"product","link":"https:\/\/sopami.tech\/pl\/p\/sopami-car-coating-spray-3-in-1-ceramic-car-paint-spray\/","title":{"rendered":"Lakier samochodowy Sopami w sprayu | Ceramiczny lakier samochodowy 3 w 1 w sprayu"},"content":{"rendered":"<p><img fetchpriority=\"high\" decoding=\"async\" class=\"alignnone size-full wp-image-7397\" title=\"golarka sopami do chromowanego metalu, opon, lusterek, drzwi bocznych, szk\u0142a, okien.jpeg\" src=\"https:\/\/sopami.tech\/wp-content\/uploads\/2024\/12\/sopami-shaver-for-metal-plated-chrome-tiresmirrors-side-door-glass-windows.jpeg.webp\" alt=\"golarka sopami do chromowanego metalu, opon, lusterek, drzwi bocznych, szk\u0142a, okien.jpeg\" width=\"1000\" height=\"1000\" srcset=\"https:\/\/sopami.tech\/wp-content\/uploads\/2024\/12\/sopami-shaver-for-metal-plated-chrome-tiresmirrors-side-door-glass-windows.jpeg.webp 1000w, https:\/\/sopami.tech\/wp-content\/uploads\/2024\/12\/sopami-shaver-for-metal-plated-chrome-tiresmirrors-side-door-glass-windows.jpeg-300x300.webp 300w, https:\/\/sopami.tech\/wp-content\/uploads\/2024\/12\/sopami-shaver-for-metal-plated-chrome-tiresmirrors-side-door-glass-windows.jpeg-150x150.webp 150w, https:\/\/sopami.tech\/wp-content\/uploads\/2024\/12\/sopami-shaver-for-metal-plated-chrome-tiresmirrors-side-door-glass-windows.jpeg-768x768.webp 768w, https:\/\/sopami.tech\/wp-content\/uploads\/2024\/12\/sopami-shaver-for-metal-plated-chrome-tiresmirrors-side-door-glass-windows.jpeg-990x990.webp 990w, https:\/\/sopami.tech\/wp-content\/uploads\/2024\/12\/sopami-shaver-for-metal-plated-chrome-tiresmirrors-side-door-glass-windows.jpeg-441x441.webp 441w, https:\/\/sopami.tech\/wp-content\/uploads\/2024\/12\/sopami-shaver-for-metal-plated-chrome-tiresmirrors-side-door-glass-windows.jpeg-100x100.webp 100w, https:\/\/sopami.tech\/wp-content\/uploads\/2024\/12\/sopami-shaver-for-metal-plated-chrome-tiresmirrors-side-door-glass-windows.jpeg-800x800.webp 800w\" sizes=\"(max-width: 1000px) 100vw, 1000px\" \/><\/p>\n<p><img decoding=\"async\" class=\"alignnone size-full wp-image-7396\" title=\"sopami quick effect coating agent.jpeg\" src=\"https:\/\/sopami.tech\/wp-content\/uploads\/2024\/12\/sopami-quick-effect-coating-agent.jpeg-1.webp\" alt=\"sopami quick effect coating agent.jpeg\" width=\"1000\" height=\"1000\" srcset=\"https:\/\/sopami.tech\/wp-content\/uploads\/2024\/12\/sopami-quick-effect-coating-agent.jpeg-1.webp 1000w, https:\/\/sopami.tech\/wp-content\/uploads\/2024\/12\/sopami-quick-effect-coating-agent.jpeg-1-300x300.webp 300w, https:\/\/sopami.tech\/wp-content\/uploads\/2024\/12\/sopami-quick-effect-coating-agent.jpeg-1-150x150.webp 150w, https:\/\/sopami.tech\/wp-content\/uploads\/2024\/12\/sopami-quick-effect-coating-agent.jpeg-1-768x768.webp 768w, https:\/\/sopami.tech\/wp-content\/uploads\/2024\/12\/sopami-quick-effect-coating-agent.jpeg-1-990x990.webp 990w, https:\/\/sopami.tech\/wp-content\/uploads\/2024\/12\/sopami-quick-effect-coating-agent.jpeg-1-441x441.webp 441w, https:\/\/sopami.tech\/wp-content\/uploads\/2024\/12\/sopami-quick-effect-coating-agent.jpeg-1-100x100.webp 100w, https:\/\/sopami.tech\/wp-content\/uploads\/2024\/12\/sopami-quick-effect-coating-agent.jpeg-1-800x800.webp 800w\" sizes=\"(max-width: 1000px) 100vw, 1000px\" \/><\/p>\n<p><img decoding=\"async\" class=\"alignnone size-full wp-image-7395\" title=\"sopami oil film emulsion glass cleaner.jpeg\" src=\"https:\/\/sopami.tech\/wp-content\/uploads\/2024\/12\/sopami-oil-film-emulsion-glass-cleaner.jpeg.webp\" alt=\"sopami oil film emulsion glass cleaner.jpeg\" width=\"1000\" height=\"1000\" srcset=\"https:\/\/sopami.tech\/wp-content\/uploads\/2024\/12\/sopami-oil-film-emulsion-glass-cleaner.jpeg.webp 1000w, https:\/\/sopami.tech\/wp-content\/uploads\/2024\/12\/sopami-oil-film-emulsion-glass-cleaner.jpeg-300x300.webp 300w, https:\/\/sopami.tech\/wp-content\/uploads\/2024\/12\/sopami-oil-film-emulsion-glass-cleaner.jpeg-150x150.webp 150w, https:\/\/sopami.tech\/wp-content\/uploads\/2024\/12\/sopami-oil-film-emulsion-glass-cleaner.jpeg-768x768.webp 768w, https:\/\/sopami.tech\/wp-content\/uploads\/2024\/12\/sopami-oil-film-emulsion-glass-cleaner.jpeg-990x990.webp 990w, https:\/\/sopami.tech\/wp-content\/uploads\/2024\/12\/sopami-oil-film-emulsion-glass-cleaner.jpeg-441x441.webp 441w, https:\/\/sopami.tech\/wp-content\/uploads\/2024\/12\/sopami-oil-film-emulsion-glass-cleaner.jpeg-100x100.webp 100w, https:\/\/sopami.tech\/wp-content\/uploads\/2024\/12\/sopami-oil-film-emulsion-glass-cleaner.jpeg-800x800.webp 800w\" sizes=\"(max-width: 1000px) 100vw, 1000px\" \/><\/p>\n<p><img loading=\"lazy\" decoding=\"async\" class=\"alignnone size-full wp-image-7394\" title=\"sopami oil film cleaning emulsion sopami oil film emulsion glass cleaner.jpeg\" src=\"https:\/\/sopami.tech\/wp-content\/uploads\/2024\/12\/sopami-oil-film-cleaning-emulsion-sopami-oil-film-emulsion-glass-cleaner.jpeg.webp\" alt=\"sopami oil film cleaning emulsion sopami oil film emulsion glass cleaner.jpeg\" width=\"1000\" height=\"1000\" srcset=\"https:\/\/sopami.tech\/wp-content\/uploads\/2024\/12\/sopami-oil-film-cleaning-emulsion-sopami-oil-film-emulsion-glass-cleaner.jpeg.webp 1000w, https:\/\/sopami.tech\/wp-content\/uploads\/2024\/12\/sopami-oil-film-cleaning-emulsion-sopami-oil-film-emulsion-glass-cleaner.jpeg-300x300.webp 300w, https:\/\/sopami.tech\/wp-content\/uploads\/2024\/12\/sopami-oil-film-cleaning-emulsion-sopami-oil-film-emulsion-glass-cleaner.jpeg-150x150.webp 150w, https:\/\/sopami.tech\/wp-content\/uploads\/2024\/12\/sopami-oil-film-cleaning-emulsion-sopami-oil-film-emulsion-glass-cleaner.jpeg-768x768.webp 768w, https:\/\/sopami.tech\/wp-content\/uploads\/2024\/12\/sopami-oil-film-cleaning-emulsion-sopami-oil-film-emulsion-glass-cleaner.jpeg-990x990.webp 990w, https:\/\/sopami.tech\/wp-content\/uploads\/2024\/12\/sopami-oil-film-cleaning-emulsion-sopami-oil-film-emulsion-glass-cleaner.jpeg-441x441.webp 441w, https:\/\/sopami.tech\/wp-content\/uploads\/2024\/12\/sopami-oil-film-cleaning-emulsion-sopami-oil-film-emulsion-glass-cleaner.jpeg-100x100.webp 100w, https:\/\/sopami.tech\/wp-content\/uploads\/2024\/12\/sopami-oil-film-cleaning-emulsion-sopami-oil-film-emulsion-glass-cleaner.jpeg-800x800.webp 800w\" sizes=\"(max-width: 1000px) 100vw, 1000px\" \/><\/p>\n<p><img loading=\"lazy\" decoding=\"async\" class=\"alignnone size-full wp-image-7393\" title=\"sopami coating agent for every car.jpeg\" src=\"https:\/\/sopami.tech\/wp-content\/uploads\/2024\/12\/sopami-coating-agent-for-every-car.jpeg.webp\" alt=\"sopami coating agent for every car.jpeg\" width=\"1000\" height=\"1000\" srcset=\"https:\/\/sopami.tech\/wp-content\/uploads\/2024\/12\/sopami-coating-agent-for-every-car.jpeg.webp 1000w, https:\/\/sopami.tech\/wp-content\/uploads\/2024\/12\/sopami-coating-agent-for-every-car.jpeg-300x300.webp 300w, https:\/\/sopami.tech\/wp-content\/uploads\/2024\/12\/sopami-coating-agent-for-every-car.jpeg-150x150.webp 150w, https:\/\/sopami.tech\/wp-content\/uploads\/2024\/12\/sopami-coating-agent-for-every-car.jpeg-768x768.webp 768w, https:\/\/sopami.tech\/wp-content\/uploads\/2024\/12\/sopami-coating-agent-for-every-car.jpeg-990x990.webp 990w, https:\/\/sopami.tech\/wp-content\/uploads\/2024\/12\/sopami-coating-agent-for-every-car.jpeg-441x441.webp 441w, https:\/\/sopami.tech\/wp-content\/uploads\/2024\/12\/sopami-coating-agent-for-every-car.jpeg-100x100.webp 100w, https:\/\/sopami.tech\/wp-content\/uploads\/2024\/12\/sopami-coating-agent-for-every-car.jpeg-800x800.webp 800w\" sizes=\"(max-width: 1000px) 100vw, 1000px\" \/><\/p>\n<p><img loading=\"lazy\" decoding=\"async\" class=\"alignnone size-full wp-image-7392\" title=\"sopami car wax spray.jpeg\" src=\"https:\/\/sopami.tech\/wp-content\/uploads\/2024\/12\/sopami-car-wax-spray.jpeg.webp\" alt=\"sopami car wax spray.jpeg\" width=\"1000\" height=\"1000\" srcset=\"https:\/\/sopami.tech\/wp-content\/uploads\/2024\/12\/sopami-car-wax-spray.jpeg.webp 1000w, https:\/\/sopami.tech\/wp-content\/uploads\/2024\/12\/sopami-car-wax-spray.jpeg-300x300.webp 300w, https:\/\/sopami.tech\/wp-content\/uploads\/2024\/12\/sopami-car-wax-spray.jpeg-150x150.webp 150w, https:\/\/sopami.tech\/wp-content\/uploads\/2024\/12\/sopami-car-wax-spray.jpeg-768x768.webp 768w, https:\/\/sopami.tech\/wp-content\/uploads\/2024\/12\/sopami-car-wax-spray.jpeg-990x990.webp 990w, https:\/\/sopami.tech\/wp-content\/uploads\/2024\/12\/sopami-car-wax-spray.jpeg-441x441.webp 441w, https:\/\/sopami.tech\/wp-content\/uploads\/2024\/12\/sopami-car-wax-spray.jpeg-100x100.webp 100w, https:\/\/sopami.tech\/wp-content\/uploads\/2024\/12\/sopami-car-wax-spray.jpeg-800x800.webp 800w\" sizes=\"(max-width: 1000px) 100vw, 1000px\" \/><\/p>\n<p><img loading=\"lazy\" decoding=\"async\" class=\"alignnone size-full wp-image-7391\" title=\"sopami spray samochodowy opinie i skargi.jpeg\" src=\"https:\/\/sopami.tech\/wp-content\/uploads\/2024\/12\/sopami-car-spray-reviews-and-complaints.jpeg.webp\" alt=\"sopami spray samochodowy opinie i skargi.jpeg\" width=\"1000\" height=\"1000\" srcset=\"https:\/\/sopami.tech\/wp-content\/uploads\/2024\/12\/sopami-car-spray-reviews-and-complaints.jpeg.webp 1000w, https:\/\/sopami.tech\/wp-content\/uploads\/2024\/12\/sopami-car-spray-reviews-and-complaints.jpeg-300x300.webp 300w, https:\/\/sopami.tech\/wp-content\/uploads\/2024\/12\/sopami-car-spray-reviews-and-complaints.jpeg-150x150.webp 150w, https:\/\/sopami.tech\/wp-content\/uploads\/2024\/12\/sopami-car-spray-reviews-and-complaints.jpeg-768x768.webp 768w, https:\/\/sopami.tech\/wp-content\/uploads\/2024\/12\/sopami-car-spray-reviews-and-complaints.jpeg-990x990.webp 990w, https:\/\/sopami.tech\/wp-content\/uploads\/2024\/12\/sopami-car-spray-reviews-and-complaints.jpeg-441x441.webp 441w, https:\/\/sopami.tech\/wp-content\/uploads\/2024\/12\/sopami-car-spray-reviews-and-complaints.jpeg-100x100.webp 100w, https:\/\/sopami.tech\/wp-content\/uploads\/2024\/12\/sopami-car-spray-reviews-and-complaints.jpeg-800x800.webp 800w\" sizes=\"(max-width: 1000px) 100vw, 1000px\" \/><\/p>\n<h2>Specyfikacja lakieru samochodowego Sopami<\/h2>\n<ul>\n<li><strong>Pojemno\u015b\u0107 pozycji<\/strong>: 500ml<\/li>\n<li><strong>Wysoko\u015b\u0107 przedmiotu<\/strong>21,03 cm<\/li>\n<li><strong>Szeroko\u015b\u0107 elementu<\/strong>6,1 cm<\/li>\n<li><strong>Marka<\/strong>: Sopami<\/li>\n<li><strong>Pochodzenie<\/strong>: Chiny kontynentalne<\/li>\n<li><strong>Nazwa modelu<\/strong>: 128705<\/li>\n<li><strong>Typ elementu<\/strong>: Folia ochronna do farby<\/li>\n<\/ul>\n<h2>Lista pakiet\u00f3w lakier\u00f3w samochodowych Sopami<\/h2>\n<ul>\n<li>1 \u00d7 Spray do szybkiego malowania samochod\u00f3w<\/li>\n<li>1 \u00d7 R\u0119cznik<\/li>\n<\/ul>\n<h2>Cechy lakieru samochodowego Sopami<\/h2>\n<ul>\n<li><strong>Pow\u0142oka ochronna<\/strong>: Ceramiczny lakier samochodowy 3 w 1 tworzy bardzo trwa\u0142\u0105, diamentow\u0105 warstw\u0119 ochronn\u0105 na powierzchni samochodu. Os\u0142ona ta chroni przed r\u00f3\u017cnymi zanieczyszczeniami \u015brodowiskowymi, w tym brudem, t\u0142uszczem, ptasimi odchodami i plamami z wody, zapewniaj\u0105c, \u017ce lakier samochodu pozostanie nieskazitelny przez wiele miesi\u0119cy bez konieczno\u015bci cz\u0119stego ponownego nak\u0142adania.<\/li>\n<li><strong>Czyszczenie bez wysi\u0142ku<\/strong>: Ten spray bez wysi\u0142ku usuwa uporczywy brud, b\u0142oto, owady, kurz i t\u0142uszcz z powierzchni samochodu, dzi\u0119ki czemu regularne czyszczenie jest znacznie szybsze i \u0142atwiejsze. Pomaga r\u00f3wnie\u017c w usuwaniu innych typowych zanieczyszcze\u0144, w tym warstw oleju, pozostawiaj\u0105c samoch\u00f3d bez skazy po ka\u017cdym u\u017cyciu.<\/li>\n<li><strong>D\u0142ugotrwa\u0142y po\u0142ysk<\/strong>: The nanotechnology formula ensures that the protective coating is highly effective and long-lasting. The coating provides a glossy, showroom-quality shine that won\u2019t fade with time. The long-term effect makes it ideal for keeping your car looking brand new with minimal maintenance.<\/li>\n<li><strong>Zapobiega uszkodzeniom lakieru<\/strong>: Beyond just adding a shine, the ceramic coating prevents damage caused by harsh UV rays, oxidation, acid rain, and other elements that can dull your car\u2019s paintwork over time. It also protects from light scratches and swirl marks, preserving the vehicle&#8217;s aesthetic appeal.<\/li>\n<li><strong>\u0141atwa aplikacja<\/strong>: Jedn\u0105 z najwi\u0119kszych zalet tego produktu jest \u0142atwo\u015b\u0107 jego stosowania. Wystarczy rozpyli\u0107 go bezpo\u015brednio na powierzchni\u0119 samochodu, aby natychmiast usun\u0105\u0107 brud, t\u0142uszcz i inne zanieczyszczenia. Spray pomaga r\u00f3wnie\u017c utrzyma\u0107 samoch\u00f3d w czysto\u015bci na d\u0142u\u017cej, zapewniaj\u0105c nieprzywieraj\u0105c\u0105 warstw\u0119, kt\u00f3ra odpycha brud i wod\u0119.<\/li>\n<li><strong>Wielofunkcyjna ochrona<\/strong>: Nie tylko do samochod\u00f3w, ten wszechstronny spray jest skuteczny na r\u00f3\u017cnych powierzchniach, dzi\u0119ki czemu jest niezb\u0119dnym narz\u0119dziem do \u0142odzi, motocykli, kamper\u00f3w, quad\u00f3w, szk\u0142a, cz\u0119\u015bci plastikowych i innych. Dzia\u0142a r\u00f3wnie dobrze na wszystkich powierzchniach malowanych, plastikowych i szklanych, oferuj\u0105c uniwersalne rozwi\u0105zanie dla r\u00f3\u017cnych pojazd\u00f3w i urz\u0105dze\u0144.<\/li>\n<li><strong>Wodoodporno\u015b\u0107 i efekt hydrofobowy<\/strong>: Ten spray dodaje r\u00f3wnie\u017c warstw\u0119 wodoodporn\u0105, skutecznie odpychaj\u0105c wod\u0119 i zapobiegaj\u0105c powstawaniu plam wodnych na samochodzie. W\u0142a\u015bciwo\u015bci hydrofobowe zapewniaj\u0105, \u017ce woda deszczowa lub myjnie samochodowe wysychaj\u0105 bez pozostawiania plam, dzi\u0119ki czemu samoch\u00f3d jest \u0142atwiejszy w utrzymaniu w mokrych warunkach.<\/li>\n<li><strong>Rozwi\u0105zanie oszcz\u0119dzaj\u0105ce czas<\/strong>: Nie ma potrzeby d\u0142ugotrwa\u0142ego procesu woskowania. Szybko dzia\u0142aj\u0105cy spray zapewnia natychmiastowe rezultaty, oszcz\u0119dzaj\u0105c czas i osi\u0105gaj\u0105c te same d\u0142ugotrwa\u0142e efekty, co tradycyjne woskowanie. Idealny dla zapracowanych w\u0142a\u015bcicieli samochod\u00f3w, kt\u00f3rzy chc\u0105 najwy\u017cszej jako\u015bci rezultat\u00f3w bez k\u0142opot\u00f3w.<\/li>\n<li><strong>Naprawa zarysowa\u0144<\/strong>: Ten produkt ma r\u00f3wnie\u017c \u0142agodne w\u0142a\u015bciwo\u015bci naprawiania zarysowa\u0144. Wype\u0142nia drobne rysy i niedoskona\u0142o\u015bci na powierzchni samochodu, pomagaj\u0105c przywr\u00f3ci\u0107 g\u0142adkie, nieskazitelne wyko\u0144czenie.<\/li>\n<li><strong>Formu\u0142a przyjazna dla \u015brodowiska<\/strong>: Ceramiczny lakier samochodowy w sprayu 3 w 1 zosta\u0142 zaprojektowany z my\u015bl\u0105 o ekologii, dzi\u0119ki czemu stanowi bezpieczniejsz\u0105 alternatyw\u0119 dla ostrzejszych chemicznych \u015brodk\u00f3w czyszcz\u0105cych i wosk\u00f3w. Jest skuteczny bez uszczerbku dla \u015brodowiska.<\/li>\n<\/ul>\n<h2>Jak u\u017cywa\u0107 Sopami Car Coating Spray?<\/h2>\n<ol>\n<li><strong>Czyszczenie powierzchni<\/strong>: Przed zastosowaniem sprayu nale\u017cy umy\u0107 samoch\u00f3d, aby usun\u0105\u0107 brud i zanieczyszczenia.<\/li>\n<li><strong>Potrz\u0105\u015bnij butelk\u0105<\/strong>: Dobrze wstrz\u0105sn\u0105\u0107 butelk\u0105 z rozpylaczem, aby wymiesza\u0107 formu\u0142\u0119.<\/li>\n<li><strong>Spray na powierzchni\u0119<\/strong>: R\u00f3wnomiernie rozpyli\u0107 pow\u0142ok\u0119 ceramiczn\u0105 3 w 1 na lakier samochodu.<\/li>\n<li><strong>Wycieranie i polerowanie<\/strong>: U\u017cyj czystego r\u0119cznika, aby wytrze\u0107 spryskany obszar i wypolerowa\u0107 go do b\u0142yszcz\u0105cego wyko\u0144czenia.<\/li>\n<li><strong>Powtarzaj w razie potrzeby<\/strong>: Kontynuowa\u0107 natryskiwanie i polerowanie cz\u0119\u015bci samochodu a\u017c do ca\u0142kowitego pokrycia.<\/li>\n<li><strong>Let it Set<\/strong>: Aby uzyska\u0107 najlepsze rezultaty, nale\u017cy pozostawi\u0107 pow\u0142ok\u0119 do wyschni\u0119cia na kilka minut.<\/li>\n<\/ol>","protected":false},"excerpt":{"rendered":"<p>Chro\u0144, czy\u015b\u0107 i nab\u0142yszczaj sw\u00f3j samoch\u00f3d dzi\u0119ki ceramicznemu lakierowi samochodowemu Sopami 3 w 1. D\u0142ugotrwa\u0142y, wodoodporny i \u0142atwy w aplikacji dla nieskazitelnego wyko\u0144czenia.<\/p>","protected":false},"featured_media":7387,"comment_status":"open","ping_status":"closed","template":"","meta":[],"product_brand":[],"product_cat":[15],"product_tag":[],"class_list":{"0":"post-7382","1":"product","2":"type-product","3":"status-publish","4":"has-post-thumbnail","6":"product_cat-sopami-spray","8":"first","9":"instock","10":"shipping-taxable","11":"purchasable","12":"product-type-simple"},"jetpack_sharing_enabled":true,"_links":{"self":[{"href":"https:\/\/sopami.tech\/pl\/wp-json\/wp\/v2\/product\/7382","targetHints":{"allow":["GET"]}}],"collection":[{"href":"https:\/\/sopami.tech\/pl\/wp-json\/wp\/v2\/product"}],"about":[{"href":"https:\/\/sopami.tech\/pl\/wp-json\/wp\/v2\/types\/product"}],"replies":[{"embeddable":true,"href":"https:\/\/sopami.tech\/pl\/wp-json\/wp\/v2\/comments?post=7382"}],"wp:featuredmedia":[{"embeddable":true,"href":"https:\/\/sopami.tech\/pl\/wp-json\/wp\/v2\/media\/7387"}],"wp:attachment":[{"href":"https:\/\/sopami.tech\/pl\/wp-json\/wp\/v2\/media?parent=7382"}],"wp:term":[{"taxonomy":"product_brand","embeddable":true,"href":"https:\/\/sopami.tech\/pl\/wp-json\/wp\/v2\/product_brand?post=7382"},{"taxonomy":"product_cat","embeddable":true,"href":"https:\/\/sopami.tech\/pl\/wp-json\/wp\/v2\/product_cat?post=7382"},{"taxonomy":"product_tag","embeddable":true,"href":"https:\/\/sopami.tech\/pl\/wp-json\/wp\/v2\/product_tag?post=7382"}],"curies":[{"name":"wp","href":"https:\/\/api.w.org\/{rel}","templated":true}]}}