{"id":1004,"date":"2020-10-09T13:39:05","date_gmt":"2020-10-09T13:39:05","guid":{"rendered":"http:\/\/shoptimizer.local\/?page_id=848"},"modified":"2024-12-23T00:13:17","modified_gmt":"2024-12-22T16:13:17","slug":"about-us","status":"publish","type":"page","link":"https:\/\/sopami.tech\/pl\/about-us\/","title":{"rendered":"O Sopami"},"content":{"rendered":"<p>Witamy w Sopami, gdzie innowacja spotyka si\u0119 z doskona\u0142o\u015bci\u0105! Naszym celem jest dostarczanie najnowocze\u015bniejszych rozwi\u0105za\u0144 dla codziennych wyzwa\u0144. Nasza marka opiera si\u0119 na jako\u015bci, wydajno\u015bci i d\u0105\u017ceniu do perfekcji, oferuj\u0105c produkty, kt\u00f3re podnosz\u0105 jako\u015b\u0107 codziennego \u017cycia.<\/p>\n<h4>Kim jeste\u015bmy<\/h4>\n<p>Sopami to my\u015bl\u0105ca przysz\u0142o\u015bciowo marka specjalizuj\u0105ca si\u0119 w zaawansowanych produktach \u0142\u0105cz\u0105cych najnowsz\u0105 technologi\u0119 i niezr\u00f3wnan\u0105 jako\u015b\u0107. Nasza gama produkt\u00f3w obejmuje podstawowe produkty do piel\u0119gnacji samochod\u00f3w, narz\u0119dzia do piel\u0119gnacji cia\u0142a i domowe \u015brodki czysto\u015bci. Zaprojektowane z dba\u0142o\u015bci\u0105 o szczeg\u00f3\u0142y, nasze produkty zapewniaj\u0105 najwy\u017csz\u0105 wydajno\u015b\u0107 i niezawodno\u015b\u0107. Dzi\u0119ki globalnej perspektywie i zaanga\u017cowaniu w innowacje, Sopami sta\u0142a si\u0119 zaufan\u0105 mark\u0105 w bran\u017cy, zapewniaj\u0105c wyj\u0105tkow\u0105 warto\u015b\u0107 klientom na ca\u0142ym \u015bwiecie.<\/p>\n<p><img fetchpriority=\"high\" decoding=\"async\" class=\"alignnone wp-image-7359 size-full\" title=\"Oficjalna strona internetowa sopami\" src=\"https:\/\/sopami.tech\/wp-content\/uploads\/2024\/12\/about-sopami-official-website.png\" alt=\"Oficjalna strona internetowa sopami\" width=\"1200\" height=\"800\" srcset=\"https:\/\/sopami.tech\/wp-content\/uploads\/2024\/12\/about-sopami-official-website.png 1200w, https:\/\/sopami.tech\/wp-content\/uploads\/2024\/12\/about-sopami-official-website-300x200.png 300w, https:\/\/sopami.tech\/wp-content\/uploads\/2024\/12\/about-sopami-official-website-1024x683.png 1024w, https:\/\/sopami.tech\/wp-content\/uploads\/2024\/12\/about-sopami-official-website-768x512.png 768w, https:\/\/sopami.tech\/wp-content\/uploads\/2024\/12\/about-sopami-official-website-990x660.png 990w, https:\/\/sopami.tech\/wp-content\/uploads\/2024\/12\/about-sopami-official-website-441x294.png 441w, https:\/\/sopami.tech\/wp-content\/uploads\/2024\/12\/about-sopami-official-website-800x533.png 800w, https:\/\/sopami.tech\/wp-content\/uploads\/2024\/12\/about-sopami-official-website-150x100.png 150w\" sizes=\"(max-width: 1200px) 100vw, 1200px\" \/><\/p>\n<h4>Nasza misja<\/h4>\n<p>Nasza misja jest prosta: tworzy\u0107 produkty, kt\u00f3re poprawiaj\u0105 codzienne do\u015bwiadczenia. D\u0105\u017cymy do wype\u0142nienia luki mi\u0119dzy funkcjonalno\u015bci\u0105 a innowacyjno\u015bci\u0105, zapewniaj\u0105c, \u017ce ka\u017cdy element naszej kolekcji zapewnia wymierne korzy\u015bci. \u0141\u0105cz\u0105c nowoczesn\u0105 technologi\u0119 z wzornictwem zorientowanym na klienta, staramy si\u0119 uczyni\u0107 \u017cycie wygodniejszym, wydajniejszym i przyjemniejszym.<\/p>\n<h4>Dlaczego warto wybra\u0107 Sopami?<\/h4>\n<p>W Sopami wierzymy w oferowanie czego\u015b wi\u0119cej ni\u017c tylko produkt\u00f3w; dostarczamy rozwi\u0105zania, kt\u00f3re dzia\u0142aj\u0105. Oto dlaczego nasi klienci nas kochaj\u0105:<\/p>\n<ul data-spread=\"false\">\n<li><strong>Innowacyjna technologia:<\/strong> Nasze produkty cechuj\u0105 si\u0119 najnowszymi osi\u0105gni\u0119ciami technologicznymi, co zapewnia ich wydajno\u015b\u0107 na najwy\u017cszym poziomie.<\/li>\n<li><strong>Niezr\u00f3wnana jako\u015b\u0107:<\/strong> Ka\u017cdy produkt Sopami jest wykonany z najwy\u017cszej jako\u015bci materia\u0142\u00f3w i przechodzi rygorystyczne kontrole jako\u015bci, aby spe\u0142ni\u0107 najwy\u017csze standardy.<\/li>\n<li><strong>Sprawdzona skuteczno\u015b\u0107:<\/strong> Od spray\u00f3w samochodowych po golarki, nasze produkty zapewniaj\u0105 rezultaty, kt\u00f3re mo\u017cna zobaczy\u0107 i poczu\u0107.<\/li>\n<li><strong>Szeroki zakres oferty:<\/strong> Dzi\u0119ki produktom, od emulsji czyszcz\u0105cych film olejowy po szybko dzia\u0142aj\u0105ce \u015brodki powlekaj\u0105ce, zaspokajamy r\u00f3\u017cnorodne potrzeby.<\/li>\n<li><strong>Podej\u015bcie zorientowane na klienta:<\/strong> Zadowolenie klienta jest naszym priorytetem, a naszym celem jest zapewnienie wyj\u0105tkowej obs\u0142ugi.<\/li>\n<\/ul>\n<h4>Nasza linia produkt\u00f3w<\/h4>\n<ul data-spread=\"true\">\n<li><strong>Piel\u0119gnacja samochod\u00f3w:<\/strong> Sopami oferuje kompleksowy wyb\u00f3r produkt\u00f3w samochodowych zaprojektowanych tak, aby Tw\u00f3j samoch\u00f3d wygl\u0105da\u0142 i dzia\u0142a\u0142 jak najlepiej. Od Sopami Car Spray po Sopami Car Coating Spray i Car Wax, nasze rozwi\u0105zania zapewniaj\u0105 niezr\u00f3wnan\u0105 ochron\u0119 i po\u0142ysk. Nasz \u015brodek do powlekania Quick Effect zapewnia eleganckie, trwa\u0142e wyko\u0144czenie, podczas gdy emulsja do czyszczenia filmu olejowego usuwa uporczywy brud, pozostawiaj\u0105c szklane powierzchnie bez skazy.<\/li>\n<li><strong>Roztwory czyszcz\u0105ce dla gospodarstw domowych:<\/strong> \u015arodki czyszcz\u0105ce Sopami, takie jak P\u0142yn do mycia szyb i Emulsja do mycia szyb z filmem olejowym, zosta\u0142y zaprojektowane z my\u015bl\u0105 o usuwaniu trudnych plam i zabrudze\u0144 bez wysi\u0142ku. Nasz p\u0142yn do mycia okien to kolejny popularny wyb\u00f3r, kt\u00f3ry pozwala uzyska\u0107 rezultaty bez smug.<\/li>\n<li><strong>Higiena osobista:<\/strong> Do\u015bwiadcz precyzji i wydajno\u015bci dzi\u0119ki narz\u0119dziom do piel\u0119gnacji Sopami, takim jak golarka Sopami Mini Shaver. Kompaktowa i wydajna, jest idealna do piel\u0119gnacji w podr\u00f3\u017cy. Dodatkowo, nasza probiotyczna pasta do z\u0119b\u00f3w SP-7 i pasta do z\u0119b\u00f3w Bright White \u0142\u0105cz\u0105 zaawansowane formu\u0142y ze skuteczn\u0105 piel\u0119gnacj\u0105 jamy ustnej, promuj\u0105c zdrowy, promienny u\u015bmiech.<\/li>\n<li><strong>Przedmioty specjalne:<\/strong> Od odkurzaczy po wosk do zarysowa\u0144 samochodowych, innowacyjne produkty Sopami zaspokajaj\u0105 niszowe potrzeby, zapewniaj\u0105c naszym klientom zawsze dost\u0119p do praktycznych i skutecznych rozwi\u0105za\u0144.<\/li>\n<\/ul>\n<h4>Opinie i recenzje klient\u00f3w<\/h4>\n<p>Nasi klienci przem\u00f3wili, a ich recenzje m\u00f3wi\u0105 wiele o jako\u015bci i skuteczno\u015bci naszych produkt\u00f3w. Niezale\u017cnie od tego, czy jest to \u015bwietna rekomendacja dla Sopami Car Spray, czy pochwa\u0142a dla pasty do z\u0119b\u00f3w SP-7, opinie s\u0105 w przewa\u017caj\u0105cej mierze pozytywne. Powa\u017cnie traktujemy r\u00f3wnie\u017c konstruktywn\u0105 krytyk\u0119, wykorzystuj\u0105c j\u0105 do udoskonalania i ulepszania naszej oferty.<\/p>\n<h4>Jak korzysta\u0107 z produkt\u00f3w Sopami<\/h4>\n<p>Ka\u017cdy produkt Sopami zosta\u0142 zaprojektowany z my\u015bl\u0105 o \u0142atwo\u015bci obs\u0142ugi. Od prostych instrukcji aplikacji naszych spray\u00f3w do pow\u0142ok samochodowych po \u0142atwe wskaz\u00f3wki dotycz\u0105ce u\u017cytkowania naszych golarek i emulsji czyszcz\u0105cych, zapewniamy szczeg\u00f3\u0142owe przewodniki, kt\u00f3re pomog\u0105 Ci w pe\u0142ni wykorzysta\u0107 zakup.<\/p>\n<h4>Gdzie kupi\u0107<\/h4>\n<p>Produkty Sopami mo\u017cna kupi\u0107 bezpo\u015brednio na naszej stronie internetowej lub u autoryzowanych sprzedawc\u00f3w detalicznych. Oferujemy r\u00f3wnie\u017c wygodne opcje dostawy, aby zapewni\u0107 szybkie i bezproblemowe otrzymanie produkt\u00f3w.<\/p>\n<h4>Nasze zaanga\u017cowanie w zr\u00f3wnowa\u017cony rozw\u00f3j<\/h4>\n<p>W Sopami jeste\u015bmy zaanga\u017cowani w minimalizowanie naszego wp\u0142ywu na \u015brodowisko. Korzystaj\u0105c z ekologicznych materia\u0142\u00f3w i zr\u00f3wnowa\u017conych praktyk produkcyjnych, staramy si\u0119 pozytywnie wp\u0142ywa\u0107 na przysz\u0142e pokolenia.<\/p>\n<h4>Skontaktuj si\u0119 z nami<\/h4>\n<p>Chcieliby\u015bmy us\u0142ysze\u0107 od Ciebie! Je\u015bli masz pytania dotycz\u0105ce naszych produkt\u00f3w lub potrzebujesz pomocy, nie wahaj si\u0119 skontaktowa\u0107 z naszym zespo\u0142em obs\u0142ugi klienta. Jeste\u015bmy tutaj, aby pom\u00f3c Ci na ka\u017cdym kroku.<\/p>\n<h4>Do\u0142\u0105cz do spo\u0142eczno\u015bci Sopami<\/h4>\n<p>B\u0105d\u017a cz\u0119\u015bci\u0105 rosn\u0105cej spo\u0142eczno\u015bci, kt\u00f3ra ceni jako\u015b\u0107, innowacyjno\u015b\u0107 i wyj\u0105tkow\u0105 wydajno\u015b\u0107. \u015aled\u017a nas w mediach spo\u0142eczno\u015bciowych i zapisz si\u0119 do naszego newslettera, aby otrzymywa\u0107 informacje o nowych produktach, promocjach i nie tylko.<\/p>\n<p>Dzi\u0119kujemy za wybranie Sopami. Razem uczy\u0144my codzienno\u015b\u0107 niezwyk\u0142\u0105!<\/p>","protected":false},"excerpt":{"rendered":"<p>Witamy w Sopami, gdzie innowacja spotyka si\u0119 z doskona\u0142o\u015bci\u0105! Naszym celem jest dostarczanie najnowocze\u015bniejszych rozwi\u0105za\u0144 dla codziennych wyzwa\u0144. Nasza marka opiera si\u0119 na jako\u015bci, wydajno\u015bci i d\u0105\u017ceniu do perfekcji, oferuj\u0105c produkty, kt\u00f3re podnosz\u0105 jako\u015b\u0107 codziennego \u017cycia. Kim jeste\u015bmy Sopami to my\u015bl\u0105ca przysz\u0142o\u015bciowo marka specjalizuj\u0105ca si\u0119 w zaawansowanych produktach \u0142\u0105cz\u0105cych najnowsz\u0105 technologi\u0119 [...]<\/p>","protected":false},"author":1,"featured_media":0,"parent":0,"menu_order":0,"comment_status":"closed","ping_status":"closed","template":"","meta":{"footnotes":""},"class_list":["post-1004","page","type-page","status-publish","hentry"],"rankMath":{"parentDomain":"sopami.tech","noFollowDomains":[],"noFollowExcludeDomains":[],"noFollowExternalLinks":false,"featuredImageNotice":"Prezentowany obraz powinien mie\u0107 co najmniej 200 na 200 pikseli, aby m\u00f3g\u0142 go pobra\u0107 Facebook i inne serwisy spo\u0142eczno\u015bciowe.","pluginReviewed":false,"postSettings":{"linkSuggestions":true,"useFocusKeyword":false},"frontEndScore":false,"postName":"about-us","permalinkFormat":"https:\/\/sopami.tech\/pl\/%pagename%\/","showLockModifiedDate":true,"assessor":{"focusKeywordLink":"https:\/\/sopami.tech\/wp-admin\/edit.php?focus_keyword=%focus_keyword%&post_type=%post_type%","hasTOCPlugin":true,"primaryTaxonomy":false,"serpData":{"title":"","description":"Explore innovative car care, grooming, and cleaning solutions with cutting-edge technology and premium quality, designed to simplify and elevate your life","focusKeywords":"Sopami","pillarContent":false,"canonicalUrl":"","breadcrumbTitle":"","advancedRobots":{"max-snippet":"-1","max-video-preview":"-1","max-image-preview":"large"},"facebookTitle":"","facebookDescription":"","facebookImage":"","facebookImageID":"","facebookHasOverlay":false,"facebookImageOverlay":"","facebookAuthor":"","twitterCardType":"","twitterUseFacebook":true,"twitterTitle":"","twitterDescription":"","twitterImage":"","twitterImageID":"","twitterHasOverlay":false,"twitterImageOverlay":"","twitterPlayerUrl":"","twitterPlayerSize":"","twitterPlayerStream":"","twitterPlayerStreamCtype":"","twitterAppDescription":"","twitterAppIphoneName":"","twitterAppIphoneID":"","twitterAppIphoneUrl":"","twitterAppIpadName":"","twitterAppIpadID":"","twitterAppIpadUrl":"","twitterAppGoogleplayName":"","twitterAppGoogleplayID":"","twitterAppGoogleplayUrl":"","twitterAppCountry":"","robots":{"index":true},"twitterAuthor":"u\u017cytkownik","primaryTerm":0,"authorName":"sopami","titleTemplate":"%title% %sep% %sitename%","descriptionTemplate":"%excerpt%","showScoreFrontend":true,"lockModifiedDate":false},"powerWords":[],"diacritics":{"A":"[\\u0041\\u24B6\\uFF21\\u00C0\\u00C1\\u00C2\\u1EA6\\u1EA4\\u1EAA\\u1EA8\\u00C3\\u0100\\u0102\\u1EB0\\u1EAE\\u1EB4\\u1EB2\\u0226\\u01E0\\u00C4\\u01DE\\u1EA2\\u00C5\\u01FA\\u01CD\\u0200\\u0202\\u1EA0\\u1EAC\\u1EB6\\u1E00\\u0104\\u023A\\u2C6F]","AA":"[\\uA732]","AE":"[\\u00C6\\u01FC\\u01E2]","AO":"[\\uA734]","AU":"[\\uA736]","AV":"[\\uA738\\uA73A]","AY":"[\\uA73C]","B":"[\\u0042\\u24B7\\uFF22\\u1E02\\u1E04\\u1E06\\u0243\\u0182\\u0181]","C":"[\\u0043\\u24B8\\uFF23\\u0106\\u0108\\u010A\\u010C\\u00C7\\u1E08\\u0187\\u023B\\uA73E]","D":"[\\u0044\\u24B9\\uFF24\\u1E0A\\u010E\\u1E0C\\u1E10\\u1E12\\u1E0E\\u0110\\u018B\\u018A\\u0189\\uA779]","DZ":"[\\u01F1\\u01C4]","Dz":"[\\u01F2\\u01C5]","E":"[\\u0045\\u24BA\\uFF25\\u00C8\\u00C9\\u00CA\\u1EC0\\u1EBE\\u1EC4\\u1EC2\\u1EBC\\u0112\\u1E14\\u1E16\\u0114\\u0116\\u00CB\\u1EBA\\u011A\\u0204\\u0206\\u1EB8\\u1EC6\\u0228\\u1E1C\\u0118\\u1E18\\u1E1A\\u0190\\u018E]","F":"[\\u0046\\u24BB\\uFF26\\u1E1E\\u0191\\uA77B]","G":"[\\u0047\\u24BC\\uFF27\\u01F4\\u011C\\u1E20\\u011E\\u0120\\u01E6\\u0122\\u01E4\\u0193\\uA7A0\\uA77D\\uA77E]","H":"[\\u0048\\u24BD\\uFF28\\u0124\\u1E22\\u1E26\\u021E\\u1E24\\u1E28\\u1E2A\\u0126\\u2C67\\u2C75\\uA78D]","I":"[\\u0049\\u24BE\\uFF29\\u00CC\\u00CD\\u00CE\\u0128\\u012A\\u012C\\u0130\\u00CF\\u1E2E\\u1EC8\\u01CF\\u0208\\u020A\\u1ECA\\u012E\\u1E2C\\u0197]","J":"[\\u004A\\u24BF\\uFF2A\\u0134\\u0248]","K":"[\\u004B\\u24C0\\uFF2B\\u1E30\\u01E8\\u1E32\\u0136\\u1E34\\u0198\\u2C69\\uA740\\uA742\\uA744\\uA7A2]","L":"[\\u004C\\u24C1\\uFF2C\\u013F\\u0139\\u013D\\u1E36\\u1E38\\u013B\\u1E3C\\u1E3A\\u0141\\u023D\\u2C62\\u2C60\\uA748\\uA746\\uA780]","LJ":"[\\u01C7]","Lj":"[\\u01C8]","M":"[\\u004D\\u24C2\\uFF2D\\u1E3E\\u1E40\\u1E42\\u2C6E\\u019C]","N":"[\\u004E\\u24C3\\uFF2E\\u01F8\\u0143\\u00D1\\u1E44\\u0147\\u1E46\\u0145\\u1E4A\\u1E48\\u0220\\u019D\\uA790\\uA7A4]","NJ":"[\\u01CA]","Nj":"[\\u01CB]","O":"[\\u004F\\u24C4\\uFF2F\\u00D2\\u00D3\\u00D4\\u1ED2\\u1ED0\\u1ED6\\u1ED4\\u00D5\\u1E4C\\u022C\\u1E4E\\u014C\\u1E50\\u1E52\\u014E\\u022E\\u0230\\u00D6\\u022A\\u1ECE\\u0150\\u01D1\\u020C\\u020E\\u01A0\\u1EDC\\u1EDA\\u1EE0\\u1EDE\\u1EE2\\u1ECC\\u1ED8\\u01EA\\u01EC\\u00D8\\u01FE\\u0186\\u019F\\uA74A\\uA74C]","OI":"[\\u01A2]","OO":"[\\uA74E]","OU":"[\\u0222]","P":"[\\u0050\\u24C5\\uFF30\\u1E54\\u1E56\\u01A4\\u2C63\\uA750\\uA752\\uA754]","Q":"[\\u0051\\u24C6\\uFF31\\uA756\\uA758\\u024A]","R":"[\\u0052\\u24C7\\uFF32\\u0154\\u1E58\\u0158\\u0210\\u0212\\u1E5A\\u1E5C\\u0156\\u1E5E\\u024C\\u2C64\\uA75A\\uA7A6\\uA782]","S":"[\\u0053\\u24C8\\uFF33\\u1E9E\\u015A\\u1E64\\u015C\\u1E60\\u0160\\u1E66\\u1E62\\u1E68\\u0218\\u015E\\u2C7E\\uA7A8\\uA784]","T":"[\\u0054\\u24C9\\uFF34\\u1E6A\\u0164\\u1E6C\\u021A\\u0162\\u1E70\\u1E6E\\u0166\\u01AC\\u01AE\\u023E\\uA786]","TZ":"[\\uA728]","U":"[\\u0055\\u24CA\\uFF35\\u00D9\\u00DA\\u00DB\\u0168\\u1E78\\u016A\\u1E7A\\u016C\\u00DC\\u01DB\\u01D7\\u01D5\\u01D9\\u1EE6\\u016E\\u0170\\u01D3\\u0214\\u0216\\u01AF\\u1EEA\\u1EE8\\u1EEE\\u1EEC\\u1EF0\\u1EE4\\u1E72\\u0172\\u1E76\\u1E74\\u0244]","V":"[\\u0056\\u24CB\\uFF36\\u1E7C\\u1E7E\\u01B2\\uA75E\\u0245]","VY":"[\\uA760]","W":"[\\u0057\\u24CC\\uFF37\\u1E80\\u1E82\\u0174\\u1E86\\u1E84\\u1E88\\u2C72]","X":"[\\u0058\\u24CD\\uFF38\\u1E8A\\u1E8C]","Y":"[\\u0059\\u24CE\\uFF39\\u1EF2\\u00DD\\u0176\\u1EF8\\u0232\\u1E8E\\u0178\\u1EF6\\u1EF4\\u01B3\\u024E\\u1EFE]","Z":"[\\u005A\\u24CF\\uFF3A\\u0179\\u1E90\\u017B\\u017D\\u1E92\\u1E94\\u01B5\\u0224\\u2C7F\\u2C6B\\uA762]","a":"[\\u0061\\u24D0\\uFF41\\u1E9A\\u00E0\\u00E1\\u00E2\\u1EA7\\u1EA5\\u1EAB\\u1EA9\\u00E3\\u0101\\u0103\\u1EB1\\u1EAF\\u1EB5\\u1EB3\\u0227\\u01E1\\u00E4\\u01DF\\u1EA3\\u00E5\\u01FB\\u01CE\\u0201\\u0203\\u1EA1\\u1EAD\\u1EB7\\u1E01\\u0105\\u2C65\\u0250]","aa":"[\\uA733]","ae":"[\\u00E6\\u01FD\\u01E3]","ao":"[\\uA735]","au":"[\\uA737]","av":"[\\uA739\\uA73B]","ay":"[\\uA73D]","b":"[\\u0062\\u24D1\\uFF42\\u1E03\\u1E05\\u1E07\\u0180\\u0183\\u0253]","c":"[\\u0063\\u24D2\\uFF43\\u0107\\u0109\\u010B\\u010D\\u00E7\\u1E09\\u0188\\u023C\\uA73F\\u2184]","d":"[\\u0064\\u24D3\\uFF44\\u1E0B\\u010F\\u1E0D\\u1E11\\u1E13\\u1E0F\\u0111\\u018C\\u0256\\u0257\\uA77A]","dz":"[\\u01F3\\u01C6]","e":"[\\u0065\\u24D4\\uFF45\\u00E8\\u00E9\\u00EA\\u1EC1\\u1EBF\\u1EC5\\u1EC3\\u1EBD\\u0113\\u1E15\\u1E17\\u0115\\u0117\\u00EB\\u1EBB\\u011B\\u0205\\u0207\\u1EB9\\u1EC7\\u0229\\u1E1D\\u0119\\u1E19\\u1E1B\\u0247\\u025B\\u01DD]","f":"[\\u0066\\u24D5\\uFF46\\u1E1F\\u0192\\uA77C]","g":"[\\u0067\\u24D6\\uFF47\\u01F5\\u011D\\u1E21\\u011F\\u0121\\u01E7\\u0123\\u01E5\\u0260\\uA7A1\\u1D79\\uA77F]","h":"[\\u0068\\u24D7\\uFF48\\u0125\\u1E23\\u1E27\\u021F\\u1E25\\u1E29\\u1E2B\\u1E96\\u0127\\u2C68\\u2C76\\u0265]","hv":"[\\u0195]","i":"[\\u0069\\u24D8\\uFF49\\u00EC\\u00ED\\u00EE\\u0129\\u012B\\u012D\\u00EF\\u1E2F\\u1EC9\\u01D0\\u0209\\u020B\\u1ECB\\u012F\\u1E2D\\u0268\\u0131]","j":"[\\u006A\\u24D9\\uFF4A\\u0135\\u01F0\\u0249]","k":"[\\u006B\\u24DA\\uFF4B\\u1E31\\u01E9\\u1E33\\u0137\\u1E35\\u0199\\u2C6A\\uA741\\uA743\\uA745\\uA7A3]","l":"[\\u006C\\u24DB\\uFF4C\\u0140\\u013A\\u013E\\u1E37\\u1E39\\u013C\\u1E3D\\u1E3B\\u017F\\u0142\\u019A\\u026B\\u2C61\\uA749\\uA781\\uA747]","lj":"[\\u01C9]","m":"[\\u006D\\u24DC\\uFF4D\\u1E3F\\u1E41\\u1E43\\u0271\\u026F]","n":"[\\u006E\\u24DD\\uFF4E\\u01F9\\u0144\\u00F1\\u1E45\\u0148\\u1E47\\u0146\\u1E4B\\u1E49\\u019E\\u0272\\u0149\\uA791\\uA7A5]","nj":"[\\u01CC]","o":"[\\u006F\\u24DE\\uFF4F\\u00F2\\u00F3\\u00F4\\u1ED3\\u1ED1\\u1ED7\\u1ED5\\u00F5\\u1E4D\\u022D\\u1E4F\\u014D\\u1E51\\u1E53\\u014F\\u022F\\u0231\\u00F6\\u022B\\u1ECF\\u0151\\u01D2\\u020D\\u020F\\u01A1\\u1EDD\\u1EDB\\u1EE1\\u1EDF\\u1EE3\\u1ECD\\u1ED9\\u01EB\\u01ED\\u00F8\\u01FF\\u0254\\uA74B\\uA74D\\u0275]","oi":"[\\u01A3]","ou":"[\\u0223]","oo":"[\\uA74F]","p":"[\\u0070\\u24DF\\uFF50\\u1E55\\u1E57\\u01A5\\u1D7D\\uA751\\uA753\\uA755]","q":"[\\u0071\\u24E0\\uFF51\\u024B\\uA757\\uA759]","r":"[\\u0072\\u24E1\\uFF52\\u0155\\u1E59\\u0159\\u0211\\u0213\\u1E5B\\u1E5D\\u0157\\u1E5F\\u024D\\u027D\\uA75B\\uA7A7\\uA783]","s":"[\\u0073\\u24E2\\uFF53\\u015B\\u1E65\\u015D\\u1E61\\u0161\\u1E67\\u1E63\\u1E69\\u0219\\u015F\\u023F\\uA7A9\\uA785\\u1E9B]","ss":"[\\u00DF]","t":"[\\u0074\\u24E3\\uFF54\\u1E6B\\u1E97\\u0165\\u1E6D\\u021B\\u0163\\u1E71\\u1E6F\\u0167\\u01AD\\u0288\\u2C66\\uA787]","tz":"[\\uA729]","u":"[\\u0075\\u24E4\\uFF55\\u00F9\\u00FA\\u00FB\\u0169\\u1E79\\u016B\\u1E7B\\u016D\\u00FC\\u01DC\\u01D8\\u01D6\\u01DA\\u1EE7\\u016F\\u0171\\u01D4\\u0215\\u0217\\u01B0\\u1EEB\\u1EE9\\u1EEF\\u1EED\\u1EF1\\u1EE5\\u1E73\\u0173\\u1E77\\u1E75\\u0289]","v":"[\\u0076\\u24E5\\uFF56\\u1E7D\\u1E7F\\u028B\\uA75F\\u028C]","vy":"[\\uA761]","w":"[\\u0077\\u24E6\\uFF57\\u1E81\\u1E83\\u0175\\u1E87\\u1E85\\u1E98\\u1E89\\u2C73]","x":"[\\u0078\\u24E7\\uFF58\\u1E8B\\u1E8D]","y":"[\\u0079\\u24E8\\uFF59\\u1EF3\\u00FD\\u0177\\u1EF9\\u0233\\u1E8F\\u00FF\\u1EF7\\u1E99\\u1EF5\\u01B4\\u024F\\u1EFF]","z":"[\\u007A\\u24E9\\uFF5A\\u017A\\u1E91\\u017C\\u017E\\u1E93\\u1E95\\u01B6\\u0225\\u0240\\u2C6C\\uA763]"},"researchesTests":["contentHasTOC","contentHasShortParagraphs","contentHasAssets","keywordInTitle","keywordInMetaDescription","keywordInPermalink","keywordIn10Percent","keywordInContent","keywordInSubheadings","keywordInImageAlt","keywordDensity","keywordNotUsed","lengthContent","lengthPermalink","linksHasInternal","linksHasExternals","linksNotAllExternals","titleStartWithKeyword","titleSentiment","titleHasPowerWords","titleHasNumber","hasContentAI"],"hasRedirection":false,"hasBreadcrumb":false},"homeUrl":"https:\/\/sopami.tech\/pl","objectID":1004,"objectType":"post","locale":"pl","localeFull":"pl_PL","overlayImages":{"play":{"name":"Ikona PLAY","url":"https:\/\/sopami.tech\/wp-content\/plugins\/seo-by-rank-math\/assets\/admin\/img\/icon-play.png","path":"\/www\/wwwroot\/sopami.tech\/wp-content\/plugins\/seo-by-rank-math\/assets\/admin\/img\/icon-play.png","position":"middle_center"},"gif":{"name":"Ikona GIF","url":"https:\/\/sopami.tech\/wp-content\/plugins\/seo-by-rank-math\/assets\/admin\/img\/icon-gif.png","path":"\/www\/wwwroot\/sopami.tech\/wp-content\/plugins\/seo-by-rank-math\/assets\/admin\/img\/icon-gif.png","position":"middle_center"}},"defautOgImage":"https:\/\/sopami.tech\/wp-content\/plugins\/seo-by-rank-math\/assets\/admin\/img\/social-placeholder.jpg","customPermalinks":true,"isUserRegistered":false,"autoSuggestKeywords":false,"connectSiteUrl":"https:\/\/rankmath.com\/auth?site=https%3A%2F%2Fsopami.tech%2Fpl&r=https%3A%2F%2Fsopami.tech%2Fpl%2Fwp-json%2Fwp%2Fv2%2Fpages%2F1004%3Fnonce%3D02fc745530","maxTags":5,"trendsIcon":"<svg viewBox=\"0 0 610 610\"><path d=\"M18.85,446,174.32,290.48l58.08,58.08L76.93,504a14.54,14.54,0,0,1-20.55,0L18.83,466.48a14.54,14.54,0,0,1,0-20.55Z\" style=\"fill:#4285f4\"\/><path d=\"M242.65,242.66,377.59,377.6l-47.75,47.75a14.54,14.54,0,0,1-20.55,0L174.37,290.43l47.75-47.75A14.52,14.52,0,0,1,242.65,242.66Z\" style=\"fill:#ea4335\"\/><polygon points=\"319.53 319.53 479.26 159.8 537.34 217.88 377.61 377.62 319.53 319.53\" style=\"fill:#fabb05\"\/><path d=\"M594.26,262.73V118.61h0a16.94,16.94,0,0,0-16.94-16.94H433.2a16.94,16.94,0,0,0-12,28.92L565.34,274.71h0a16.94,16.94,0,0,0,28.92-12Z\" style=\"fill:#34a853\"\/><rect width=\"610\" height=\"610\" style=\"fill:none\"\/><\/svg>","showScore":true,"siteFavIcon":"https:\/\/sopami.tech\/wp-content\/uploads\/2024\/12\/sopami-official-icon--100x100.webp","canUser":{"general":false,"advanced":false,"snippet":false,"social":false,"analysis":false,"analytics":false,"content_ai":false},"isPro":false,"is_front_page":false,"trendsUpgradeLink":"https:\/\/rankmath.com\/pricing\/?utm_source=Plugin&utm_medium=CE%20General%20Tab%20Trends&utm_campaign=WP","trendsUpgradeLabel":"Ulepszenie","trendsPreviewImage":"https:\/\/sopami.tech\/wp-content\/plugins\/seo-by-rank-math\/assets\/admin\/img\/trends-preview.jpg","currentEditor":false,"homepageData":{"assessor":{"powerWords":[],"diacritics":true,"researchesTests":["contentHasTOC","contentHasShortParagraphs","contentHasAssets","keywordInTitle","keywordInMetaDescription","keywordInPermalink","keywordIn10Percent","keywordInContent","keywordInSubheadings","keywordInImageAlt","keywordDensity","keywordNotUsed","lengthContent","lengthPermalink","linksHasInternal","linksHasExternals","linksNotAllExternals","titleStartWithKeyword","titleSentiment","titleHasPowerWords","titleHasNumber","hasContentAI"],"hasBreadcrumb":false,"serpData":{"title":"%sitename% %page% %sep% %sitedesc%","description":"","titleTemplate":"%sitename% %page% %sep% %sitedesc%","descriptionTemplate":"","focusKeywords":"","breadcrumbTitle":"Home","robots":{"index":true},"advancedRobots":{"max-snippet":"-1","max-video-preview":"-1","max-image-preview":"large"},"facebookTitle":"","facebookDescription":"","facebookImage":"","facebookImageID":""}}},"tocTitle":"Table of Contents","tocExcludeHeadings":[],"listStyle":"ul"},"jetpack_sharing_enabled":true,"_links":{"self":[{"href":"https:\/\/sopami.tech\/pl\/wp-json\/wp\/v2\/pages\/1004","targetHints":{"allow":["GET"]}}],"collection":[{"href":"https:\/\/sopami.tech\/pl\/wp-json\/wp\/v2\/pages"}],"about":[{"href":"https:\/\/sopami.tech\/pl\/wp-json\/wp\/v2\/types\/page"}],"author":[{"embeddable":true,"href":"https:\/\/sopami.tech\/pl\/wp-json\/wp\/v2\/users\/1"}],"replies":[{"embeddable":true,"href":"https:\/\/sopami.tech\/pl\/wp-json\/wp\/v2\/comments?post=1004"}],"version-history":[{"count":8,"href":"https:\/\/sopami.tech\/pl\/wp-json\/wp\/v2\/pages\/1004\/revisions"}],"predecessor-version":[{"id":7360,"href":"https:\/\/sopami.tech\/pl\/wp-json\/wp\/v2\/pages\/1004\/revisions\/7360"}],"wp:attachment":[{"href":"https:\/\/sopami.tech\/pl\/wp-json\/wp\/v2\/media?parent=1004"}],"curies":[{"name":"wp","href":"https:\/\/api.w.org\/{rel}","templated":true}]}}