{"id":7418,"date":"2024-12-24T21:53:14","date_gmt":"2024-12-24T13:53:14","guid":{"rendered":"https:\/\/sopami.tech\/?post_type=product&#038;p=7418"},"modified":"2024-12-24T21:53:15","modified_gmt":"2024-12-24T13:53:15","slug":"sopami-car-scratch-wax","status":"publish","type":"product","link":"https:\/\/sopami.tech\/it\/p\/sopami-car-scratch-wax\/","title":{"rendered":"Cera antigraffio per auto Sopami"},"content":{"rendered":"<p><img fetchpriority=\"high\" decoding=\"async\" class=\"alignnone size-full wp-image-7419\" title=\"facile riparazione ritocco rapido di Sopami Car Scratch Wax\" src=\"https:\/\/sopami.tech\/wp-content\/uploads\/2024\/12\/easy-repair-quick-retouching-of-Sopami-Car-Scratch-Wax.webp\" alt=\"facile riparazione ritocco rapido di Sopami Car Scratch Wax\" width=\"1566\" height=\"2098\" srcset=\"https:\/\/sopami.tech\/wp-content\/uploads\/2024\/12\/easy-repair-quick-retouching-of-Sopami-Car-Scratch-Wax.webp 1566w, https:\/\/sopami.tech\/wp-content\/uploads\/2024\/12\/easy-repair-quick-retouching-of-Sopami-Car-Scratch-Wax-224x300.webp 224w, https:\/\/sopami.tech\/wp-content\/uploads\/2024\/12\/easy-repair-quick-retouching-of-Sopami-Car-Scratch-Wax-764x1024.webp 764w, https:\/\/sopami.tech\/wp-content\/uploads\/2024\/12\/easy-repair-quick-retouching-of-Sopami-Car-Scratch-Wax-768x1029.webp 768w, https:\/\/sopami.tech\/wp-content\/uploads\/2024\/12\/easy-repair-quick-retouching-of-Sopami-Car-Scratch-Wax-1147x1536.webp 1147w, https:\/\/sopami.tech\/wp-content\/uploads\/2024\/12\/easy-repair-quick-retouching-of-Sopami-Car-Scratch-Wax-1529x2048.webp 1529w, https:\/\/sopami.tech\/wp-content\/uploads\/2024\/12\/easy-repair-quick-retouching-of-Sopami-Car-Scratch-Wax-990x1326.webp 990w, https:\/\/sopami.tech\/wp-content\/uploads\/2024\/12\/easy-repair-quick-retouching-of-Sopami-Car-Scratch-Wax-441x591.webp 441w, https:\/\/sopami.tech\/wp-content\/uploads\/2024\/12\/easy-repair-quick-retouching-of-Sopami-Car-Scratch-Wax-300x402.webp 300w, https:\/\/sopami.tech\/wp-content\/uploads\/2024\/12\/easy-repair-quick-retouching-of-Sopami-Car-Scratch-Wax-800x1072.webp 800w, https:\/\/sopami.tech\/wp-content\/uploads\/2024\/12\/easy-repair-quick-retouching-of-Sopami-Car-Scratch-Wax-150x201.webp 150w\" sizes=\"(max-width: 1566px) 100vw, 1566px\" \/> <img decoding=\"async\" class=\"alignnone size-full wp-image-7420\" title=\"rimessa a nuovo rapida e senza danni della vernice originale con Sopami Car Scratch Wax\" src=\"https:\/\/sopami.tech\/wp-content\/uploads\/2024\/12\/quick-refurbishment-without-damage-the-original-paint-using-Sopami-Car-Scratch-Wax.webp\" alt=\"rimessa a nuovo rapida e senza danni della vernice originale con Sopami Car Scratch Wax\" width=\"1578\" height=\"894\" srcset=\"https:\/\/sopami.tech\/wp-content\/uploads\/2024\/12\/quick-refurbishment-without-damage-the-original-paint-using-Sopami-Car-Scratch-Wax.webp 1578w, https:\/\/sopami.tech\/wp-content\/uploads\/2024\/12\/quick-refurbishment-without-damage-the-original-paint-using-Sopami-Car-Scratch-Wax-300x170.webp 300w, https:\/\/sopami.tech\/wp-content\/uploads\/2024\/12\/quick-refurbishment-without-damage-the-original-paint-using-Sopami-Car-Scratch-Wax-1024x580.webp 1024w, https:\/\/sopami.tech\/wp-content\/uploads\/2024\/12\/quick-refurbishment-without-damage-the-original-paint-using-Sopami-Car-Scratch-Wax-768x435.webp 768w, https:\/\/sopami.tech\/wp-content\/uploads\/2024\/12\/quick-refurbishment-without-damage-the-original-paint-using-Sopami-Car-Scratch-Wax-1536x870.webp 1536w, https:\/\/sopami.tech\/wp-content\/uploads\/2024\/12\/quick-refurbishment-without-damage-the-original-paint-using-Sopami-Car-Scratch-Wax-990x561.webp 990w, https:\/\/sopami.tech\/wp-content\/uploads\/2024\/12\/quick-refurbishment-without-damage-the-original-paint-using-Sopami-Car-Scratch-Wax-441x250.webp 441w, https:\/\/sopami.tech\/wp-content\/uploads\/2024\/12\/quick-refurbishment-without-damage-the-original-paint-using-Sopami-Car-Scratch-Wax-800x453.webp 800w, https:\/\/sopami.tech\/wp-content\/uploads\/2024\/12\/quick-refurbishment-without-damage-the-original-paint-using-Sopami-Car-Scratch-Wax-150x85.webp 150w\" sizes=\"(max-width: 1578px) 100vw, 1578px\" \/> <img decoding=\"async\" class=\"alignnone size-full wp-image-7421\" title=\"piccoli graffi grandi problemi, utilizzando la cera per graffi per auto Sopami per risolvere\" src=\"https:\/\/sopami.tech\/wp-content\/uploads\/2024\/12\/small-scratches-big-problems-using-Sopami-Car-Scratch-Wax-to-solve.webp\" alt=\"piccoli graffi grandi problemi, utilizzando la cera per graffi per auto Sopami per risolvere\" width=\"1576\" height=\"1584\" srcset=\"https:\/\/sopami.tech\/wp-content\/uploads\/2024\/12\/small-scratches-big-problems-using-Sopami-Car-Scratch-Wax-to-solve.webp 1576w, https:\/\/sopami.tech\/wp-content\/uploads\/2024\/12\/small-scratches-big-problems-using-Sopami-Car-Scratch-Wax-to-solve-298x300.webp 298w, https:\/\/sopami.tech\/wp-content\/uploads\/2024\/12\/small-scratches-big-problems-using-Sopami-Car-Scratch-Wax-to-solve-1019x1024.webp 1019w, https:\/\/sopami.tech\/wp-content\/uploads\/2024\/12\/small-scratches-big-problems-using-Sopami-Car-Scratch-Wax-to-solve-150x151.webp 150w, https:\/\/sopami.tech\/wp-content\/uploads\/2024\/12\/small-scratches-big-problems-using-Sopami-Car-Scratch-Wax-to-solve-768x772.webp 768w, https:\/\/sopami.tech\/wp-content\/uploads\/2024\/12\/small-scratches-big-problems-using-Sopami-Car-Scratch-Wax-to-solve-1528x1536.webp 1528w, https:\/\/sopami.tech\/wp-content\/uploads\/2024\/12\/small-scratches-big-problems-using-Sopami-Car-Scratch-Wax-to-solve-990x995.webp 990w, https:\/\/sopami.tech\/wp-content\/uploads\/2024\/12\/small-scratches-big-problems-using-Sopami-Car-Scratch-Wax-to-solve-441x443.webp 441w, https:\/\/sopami.tech\/wp-content\/uploads\/2024\/12\/small-scratches-big-problems-using-Sopami-Car-Scratch-Wax-to-solve-100x100.webp 100w, https:\/\/sopami.tech\/wp-content\/uploads\/2024\/12\/small-scratches-big-problems-using-Sopami-Car-Scratch-Wax-to-solve-300x302.webp 300w, https:\/\/sopami.tech\/wp-content\/uploads\/2024\/12\/small-scratches-big-problems-using-Sopami-Car-Scratch-Wax-to-solve-800x804.webp 800w\" sizes=\"(max-width: 1576px) 100vw, 1576px\" \/> <img loading=\"lazy\" decoding=\"async\" class=\"alignnone size-full wp-image-7422\" title=\"Sopami Cera per graffi auto immagini reivew\" src=\"https:\/\/sopami.tech\/wp-content\/uploads\/2024\/12\/Sopami-Car-Scratch-Wax-pictures-reivew.webp\" alt=\"Sopami Cera per graffi auto immagini reivew\" width=\"1566\" height=\"1748\" srcset=\"https:\/\/sopami.tech\/wp-content\/uploads\/2024\/12\/Sopami-Car-Scratch-Wax-pictures-reivew.webp 1566w, https:\/\/sopami.tech\/wp-content\/uploads\/2024\/12\/Sopami-Car-Scratch-Wax-pictures-reivew-269x300.webp 269w, https:\/\/sopami.tech\/wp-content\/uploads\/2024\/12\/Sopami-Car-Scratch-Wax-pictures-reivew-917x1024.webp 917w, https:\/\/sopami.tech\/wp-content\/uploads\/2024\/12\/Sopami-Car-Scratch-Wax-pictures-reivew-768x857.webp 768w, https:\/\/sopami.tech\/wp-content\/uploads\/2024\/12\/Sopami-Car-Scratch-Wax-pictures-reivew-1376x1536.webp 1376w, https:\/\/sopami.tech\/wp-content\/uploads\/2024\/12\/Sopami-Car-Scratch-Wax-pictures-reivew-990x1105.webp 990w, https:\/\/sopami.tech\/wp-content\/uploads\/2024\/12\/Sopami-Car-Scratch-Wax-pictures-reivew-441x492.webp 441w, https:\/\/sopami.tech\/wp-content\/uploads\/2024\/12\/Sopami-Car-Scratch-Wax-pictures-reivew-300x335.webp 300w, https:\/\/sopami.tech\/wp-content\/uploads\/2024\/12\/Sopami-Car-Scratch-Wax-pictures-reivew-800x893.webp 800w, https:\/\/sopami.tech\/wp-content\/uploads\/2024\/12\/Sopami-Car-Scratch-Wax-pictures-reivew-150x167.webp 150w\" sizes=\"(max-width: 1566px) 100vw, 1566px\" \/> <img loading=\"lazy\" decoding=\"async\" class=\"alignnone size-full wp-image-7423\" title=\"Sopami Car Scratch Wax riparazione rapida, nessun sbiadimento, nessun rimbalzo\" src=\"https:\/\/sopami.tech\/wp-content\/uploads\/2024\/12\/Sopami-Car-Scratch-Wax-quick-repair-no-fading-no-rebound.webp\" alt=\"Sopami Car Scratch Wax riparazione rapida, nessun sbiadimento, nessun rimbalzo\" width=\"1574\" height=\"1976\" srcset=\"https:\/\/sopami.tech\/wp-content\/uploads\/2024\/12\/Sopami-Car-Scratch-Wax-quick-repair-no-fading-no-rebound.webp 1574w, https:\/\/sopami.tech\/wp-content\/uploads\/2024\/12\/Sopami-Car-Scratch-Wax-quick-repair-no-fading-no-rebound-239x300.webp 239w, https:\/\/sopami.tech\/wp-content\/uploads\/2024\/12\/Sopami-Car-Scratch-Wax-quick-repair-no-fading-no-rebound-816x1024.webp 816w, https:\/\/sopami.tech\/wp-content\/uploads\/2024\/12\/Sopami-Car-Scratch-Wax-quick-repair-no-fading-no-rebound-768x964.webp 768w, https:\/\/sopami.tech\/wp-content\/uploads\/2024\/12\/Sopami-Car-Scratch-Wax-quick-repair-no-fading-no-rebound-1224x1536.webp 1224w, https:\/\/sopami.tech\/wp-content\/uploads\/2024\/12\/Sopami-Car-Scratch-Wax-quick-repair-no-fading-no-rebound-990x1243.webp 990w, https:\/\/sopami.tech\/wp-content\/uploads\/2024\/12\/Sopami-Car-Scratch-Wax-quick-repair-no-fading-no-rebound-441x554.webp 441w, https:\/\/sopami.tech\/wp-content\/uploads\/2024\/12\/Sopami-Car-Scratch-Wax-quick-repair-no-fading-no-rebound-300x377.webp 300w, https:\/\/sopami.tech\/wp-content\/uploads\/2024\/12\/Sopami-Car-Scratch-Wax-quick-repair-no-fading-no-rebound-800x1004.webp 800w, https:\/\/sopami.tech\/wp-content\/uploads\/2024\/12\/Sopami-Car-Scratch-Wax-quick-repair-no-fading-no-rebound-150x188.webp 150w\" sizes=\"(max-width: 1574px) 100vw, 1574px\" \/> <img loading=\"lazy\" decoding=\"async\" class=\"alignnone size-full wp-image-7424\" title=\"Sopami Cera per graffi auto rimuove le strisce solari, riparazione rapida, vernice protettiva\" src=\"https:\/\/sopami.tech\/wp-content\/uploads\/2024\/12\/Sopami-Car-Scratch-Wax-remove-sun-stripes-fast-repair-protective-paint.webp\" alt=\"Sopami Cera per graffi auto rimuove le strisce solari, riparazione rapida, vernice protettiva\" width=\"1576\" height=\"1180\" srcset=\"https:\/\/sopami.tech\/wp-content\/uploads\/2024\/12\/Sopami-Car-Scratch-Wax-remove-sun-stripes-fast-repair-protective-paint.webp 1576w, https:\/\/sopami.tech\/wp-content\/uploads\/2024\/12\/Sopami-Car-Scratch-Wax-remove-sun-stripes-fast-repair-protective-paint-300x225.webp 300w, https:\/\/sopami.tech\/wp-content\/uploads\/2024\/12\/Sopami-Car-Scratch-Wax-remove-sun-stripes-fast-repair-protective-paint-1024x767.webp 1024w, https:\/\/sopami.tech\/wp-content\/uploads\/2024\/12\/Sopami-Car-Scratch-Wax-remove-sun-stripes-fast-repair-protective-paint-768x575.webp 768w, https:\/\/sopami.tech\/wp-content\/uploads\/2024\/12\/Sopami-Car-Scratch-Wax-remove-sun-stripes-fast-repair-protective-paint-1536x1150.webp 1536w, https:\/\/sopami.tech\/wp-content\/uploads\/2024\/12\/Sopami-Car-Scratch-Wax-remove-sun-stripes-fast-repair-protective-paint-990x741.webp 990w, https:\/\/sopami.tech\/wp-content\/uploads\/2024\/12\/Sopami-Car-Scratch-Wax-remove-sun-stripes-fast-repair-protective-paint-441x330.webp 441w, https:\/\/sopami.tech\/wp-content\/uploads\/2024\/12\/Sopami-Car-Scratch-Wax-remove-sun-stripes-fast-repair-protective-paint-800x599.webp 800w, https:\/\/sopami.tech\/wp-content\/uploads\/2024\/12\/Sopami-Car-Scratch-Wax-remove-sun-stripes-fast-repair-protective-paint-150x112.webp 150w\" sizes=\"(max-width: 1576px) 100vw, 1576px\" \/> <img loading=\"lazy\" decoding=\"async\" class=\"alignnone size-full wp-image-7425\" title=\"che tipo di graffi possono essere riparati con la cera per graffi per auto Sopami\" src=\"https:\/\/sopami.tech\/wp-content\/uploads\/2024\/12\/what-kind-of-scratches-can-Sopami-Car-Scratch-Wax-be-repaired.webp\" alt=\"che tipo di graffi possono essere riparati con la cera per graffi per auto Sopami\" width=\"1572\" height=\"1416\" srcset=\"https:\/\/sopami.tech\/wp-content\/uploads\/2024\/12\/what-kind-of-scratches-can-Sopami-Car-Scratch-Wax-be-repaired.webp 1572w, https:\/\/sopami.tech\/wp-content\/uploads\/2024\/12\/what-kind-of-scratches-can-Sopami-Car-Scratch-Wax-be-repaired-300x270.webp 300w, https:\/\/sopami.tech\/wp-content\/uploads\/2024\/12\/what-kind-of-scratches-can-Sopami-Car-Scratch-Wax-be-repaired-1024x922.webp 1024w, https:\/\/sopami.tech\/wp-content\/uploads\/2024\/12\/what-kind-of-scratches-can-Sopami-Car-Scratch-Wax-be-repaired-768x692.webp 768w, https:\/\/sopami.tech\/wp-content\/uploads\/2024\/12\/what-kind-of-scratches-can-Sopami-Car-Scratch-Wax-be-repaired-1536x1384.webp 1536w, https:\/\/sopami.tech\/wp-content\/uploads\/2024\/12\/what-kind-of-scratches-can-Sopami-Car-Scratch-Wax-be-repaired-990x892.webp 990w, https:\/\/sopami.tech\/wp-content\/uploads\/2024\/12\/what-kind-of-scratches-can-Sopami-Car-Scratch-Wax-be-repaired-441x397.webp 441w, https:\/\/sopami.tech\/wp-content\/uploads\/2024\/12\/what-kind-of-scratches-can-Sopami-Car-Scratch-Wax-be-repaired-800x721.webp 800w, https:\/\/sopami.tech\/wp-content\/uploads\/2024\/12\/what-kind-of-scratches-can-Sopami-Car-Scratch-Wax-be-repaired-150x135.webp 150w\" sizes=\"(max-width: 1572px) 100vw, 1572px\" \/><\/p>\n<h2>Specifica della cera antigraffio per auto Sopami<\/h2>\n<ul>\n<li><strong>Nome del prodotto<\/strong>: Cera antigraffio per auto Sopami<\/li>\n<li><strong>Capacit\u00e0 del prodotto<\/strong>: 150ml<\/li>\n<li><strong>Adatto per<\/strong>: Graffi sottili e poco profondi su tutti i colori di vernice dell'auto<\/li>\n<li><strong>Caratteristiche del prodotto<\/strong>: Riparazione rapida, nessuna decolorazione, nessun rimbalzo, sicuro per la vernice originale, capacit\u00e0 di lucidatura.<\/li>\n<li><strong>Tecnologia<\/strong>: Tecnologia di riparazione a smerigliatura per un'efficace rimozione dei graffi<\/li>\n<li><strong>Utilizzo<\/strong>: Ideale per piccoli graffi alla vernice, ossidazione, strisce solari e sbiadimento.<\/li>\n<li><strong>Imballaggio<\/strong>: Flacone da 150 ml<\/li>\n<\/ul>\n<h2><strong>Cera per graffi per auto Sopami Caratteristiche<\/strong><\/h2>\n<ul>\n<li><strong>Riparazione dei graffi facile e veloce<\/strong>: La cera per graffi per auto Sopami offre una soluzione rapida ed efficace per affrontare i piccoli graffi e le imperfezioni della vernice. Che si tratti di un graffio sottile dovuto a un incidente in un parcheggio o di un graffio superficiale causato da un contatto accidentale, questo prodotto consente di effettuare ritocchi rapidi con il minimo sforzo.<\/li>\n<li><strong>Non si scolorisce, non si sbiadisce<\/strong>: Una delle preoccupazioni principali dei prodotti per la riparazione dei graffi dell'auto \u00e8 il potenziale di scolorimento o sbiadimento nel tempo. Sopami Car Scratch Wax elimina questo problema grazie a una formulazione che garantisce che la vernice del veicolo rimanga di colore uniforme dopo l'uso. Il prodotto si fonde perfettamente con la vernice originale dell'auto e non presenta differenze di tonalit\u00e0 degne di nota.<\/li>\n<li><strong>Delicato e sicuro per la vernice originale<\/strong>: La cera utilizza un componente abrasivo morbido, il che significa che agisce delicatamente sulla vernice dell'auto senza causare danni. \u00c8 perfetta per trattare graffi leggeri e moderati, ma non \u00e8 destinata a graffi profondi o gravi che mostrano il primer. In questi casi, si consiglia una riparazione professionale.<\/li>\n<li><strong>Protezione permanente ed effetto di lunga durata<\/strong>: Una volta applicata, la cera per graffi per auto Sopami fornisce una protezione di lunga durata contro i nuovi graffi. Crea una superficie liscia e lucida che resiste all'usura e ai danni causati dalle attivit\u00e0 quotidiane come il lavaggio, la ceratura e la guida in condizioni climatiche avverse.<\/li>\n<li><strong>Funziona su tutti i colori di vernice<\/strong>: Questa cera antigraffio \u00e8 adatta a tutti i colori di vernice dell'auto e rappresenta una soluzione ideale per diversi tipi di veicoli. Non importa se avete un'auto nera, bianca, argentata o rossa: il prodotto si fonde perfettamente con la vernice di qualsiasi auto, rendendolo uno strumento versatile per tutti i proprietari di auto.<\/li>\n<li><strong>Lucidatura e ripristino della brillantezza<\/strong>: Sopami Car Scratch Wax non solo ripara i graffi, ma lucida e ripristina la brillantezza della vernice dell'auto. Leviga efficacemente l'area interessata, restituendo una finitura lucida e liscia.<\/li>\n<li><strong>Prevenire ulteriori danni<\/strong>: Se non trattati, i graffi minori possono portare a problemi pi\u00f9 gravi come ossidazione, ruggine e scrostature. Sopami Car Scratch Wax aiuta a prevenire tutto ci\u00f2, riempiendo i graffi e fornendo un rivestimento protettivo che protegge l'area interessata dagli agenti atmosferici.<\/li>\n<li><strong>Conveniente e conveniente<\/strong>: Invece di spendere una grossa somma per riparazioni professionali, Sopami Car Scratch Wax offre una soluzione economica per i danni minori. \u00c8 possibile ottenere risultati di livello professionale a casa, risparmiando tempo e denaro.<\/li>\n<\/ul>\n<h2>Elenco delle confezioni di cera per graffi per auto Sopami<\/h2>\n<ul>\n<li>1 \u00d7 <strong>Cera per graffi per auto Sopami (150ml)<\/strong><\/li>\n<li>1 \u00d7 <strong>Applicatore a spugna<\/strong><\/li>\n<\/ul>\n<h2>Come usare la cera per graffi per auto Sopami<\/h2>\n<ol>\n<li><strong>Preparare la superficie<\/strong>: Assicurarsi che l'area da trattare sia pulita e priva di polvere, sporco o sabbia. Pulire delicatamente l'area graffiata prima dell'applicazione.<\/li>\n<li><strong>Agitare il prodotto<\/strong>: Agitare bene il flacone per garantire la corretta miscelazione della cera.<\/li>\n<li><strong>Applicare la cera<\/strong>: Versare una piccola quantit\u00e0 di cera per graffi Sopami sull'applicatore di spugna in dotazione.<\/li>\n<li><strong>Applicare in modo uniforme<\/strong>: Spalmare il prodotto sulla zona graffiata, applicandolo uniformemente con movimenti circolari. Assicurarsi che la cera copra l'intero graffio.<\/li>\n<li><strong>Polacco<\/strong>: Dopo aver applicato il prodotto, tamponare delicatamente l'area con un asciugamano pulito e morbido o un panno in microfibra finch\u00e9 il graffio non \u00e8 pi\u00f9 visibile.<\/li>\n<li><strong>Ripetere se necessario<\/strong>: Per graffi pi\u00f9 profondi o punti ostinati, \u00e8 possibile riapplicare il prodotto e ripetere il processo fino alla scomparsa del graffio.<\/li>\n<li><strong>Tocco finale<\/strong>: Lucidare l'area con un panno pulito per ottenere una finitura liscia e brillante.<\/li>\n<\/ol>\n<p><strong>Nota<\/strong>: Questo prodotto \u00e8 progettato per graffi sottili e poco profondi. Per i graffi profondi che mostrano il primer, \u00e8 meglio rivolgersi a un professionista per la riparazione.<\/p>","protected":false},"excerpt":{"rendered":"<p>Riparate rapidamente i graffi sottili con la cera per graffi Sopami. Non scolorisce, \u00e8 sicura su tutti i colori e ripristina la lucentezza dell'auto. Ideale per piccoli ritocchi alla vernice<\/p>","protected":false},"featured_media":7428,"comment_status":"open","ping_status":"closed","template":"","meta":[],"product_brand":[],"product_cat":[15],"product_tag":[],"class_list":{"0":"post-7418","1":"product","2":"type-product","3":"status-publish","4":"has-post-thumbnail","6":"product_cat-sopami-spray","8":"first","9":"instock","10":"shipping-taxable","11":"purchasable","12":"product-type-simple"},"jetpack_sharing_enabled":true,"_links":{"self":[{"href":"https:\/\/sopami.tech\/it\/wp-json\/wp\/v2\/product\/7418","targetHints":{"allow":["GET"]}}],"collection":[{"href":"https:\/\/sopami.tech\/it\/wp-json\/wp\/v2\/product"}],"about":[{"href":"https:\/\/sopami.tech\/it\/wp-json\/wp\/v2\/types\/product"}],"replies":[{"embeddable":true,"href":"https:\/\/sopami.tech\/it\/wp-json\/wp\/v2\/comments?post=7418"}],"wp:featuredmedia":[{"embeddable":true,"href":"https:\/\/sopami.tech\/it\/wp-json\/wp\/v2\/media\/7428"}],"wp:attachment":[{"href":"https:\/\/sopami.tech\/it\/wp-json\/wp\/v2\/media?parent=7418"}],"wp:term":[{"taxonomy":"product_brand","embeddable":true,"href":"https:\/\/sopami.tech\/it\/wp-json\/wp\/v2\/product_brand?post=7418"},{"taxonomy":"product_cat","embeddable":true,"href":"https:\/\/sopami.tech\/it\/wp-json\/wp\/v2\/product_cat?post=7418"},{"taxonomy":"product_tag","embeddable":true,"href":"https:\/\/sopami.tech\/it\/wp-json\/wp\/v2\/product_tag?post=7418"}],"curies":[{"name":"wp","href":"https:\/\/api.w.org\/{rel}","templated":true}]}}