{"id":7404,"date":"2024-12-24T21:53:20","date_gmt":"2024-12-24T13:53:20","guid":{"rendered":"https:\/\/sopami.tech\/?post_type=product&#038;p=7404"},"modified":"2024-12-24T21:53:21","modified_gmt":"2024-12-24T13:53:21","slug":"sopami-oil-film-cleaning-emulsion","status":"publish","type":"product","link":"https:\/\/sopami.tech\/it\/p\/sopami-oil-film-cleaning-emulsion\/","title":{"rendered":"Emulsione detergente per film d'olio Sopami"},"content":{"rendered":"<p><img fetchpriority=\"high\" decoding=\"async\" class=\"alignnone size-full wp-image-7416\" title=\"detergente per vetri sopami\" src=\"https:\/\/sopami.tech\/wp-content\/uploads\/2024\/12\/sopami-window-cleaner.webp\" alt=\"detergente per vetri sopami\" width=\"1001\" height=\"1001\" srcset=\"https:\/\/sopami.tech\/wp-content\/uploads\/2024\/12\/sopami-window-cleaner.webp 1001w, https:\/\/sopami.tech\/wp-content\/uploads\/2024\/12\/sopami-window-cleaner-300x300.webp 300w, https:\/\/sopami.tech\/wp-content\/uploads\/2024\/12\/sopami-window-cleaner-150x150.webp 150w, https:\/\/sopami.tech\/wp-content\/uploads\/2024\/12\/sopami-window-cleaner-768x768.webp 768w, https:\/\/sopami.tech\/wp-content\/uploads\/2024\/12\/sopami-window-cleaner-990x990.webp 990w, https:\/\/sopami.tech\/wp-content\/uploads\/2024\/12\/sopami-window-cleaner-441x441.webp 441w, https:\/\/sopami.tech\/wp-content\/uploads\/2024\/12\/sopami-window-cleaner-100x100.webp 100w, https:\/\/sopami.tech\/wp-content\/uploads\/2024\/12\/sopami-window-cleaner-800x800.webp 800w\" sizes=\"(max-width: 1001px) 100vw, 1001px\" \/> <img decoding=\"async\" class=\"alignnone size-full wp-image-7415\" title=\"aspirapolvere sopami\" src=\"https:\/\/sopami.tech\/wp-content\/uploads\/2024\/12\/sopami-vacuum-cleaner.webp\" alt=\"aspirapolvere sopami\" width=\"1001\" height=\"1001\" srcset=\"https:\/\/sopami.tech\/wp-content\/uploads\/2024\/12\/sopami-vacuum-cleaner.webp 1001w, https:\/\/sopami.tech\/wp-content\/uploads\/2024\/12\/sopami-vacuum-cleaner-300x300.webp 300w, https:\/\/sopami.tech\/wp-content\/uploads\/2024\/12\/sopami-vacuum-cleaner-150x150.webp 150w, https:\/\/sopami.tech\/wp-content\/uploads\/2024\/12\/sopami-vacuum-cleaner-768x768.webp 768w, https:\/\/sopami.tech\/wp-content\/uploads\/2024\/12\/sopami-vacuum-cleaner-990x990.webp 990w, https:\/\/sopami.tech\/wp-content\/uploads\/2024\/12\/sopami-vacuum-cleaner-441x441.webp 441w, https:\/\/sopami.tech\/wp-content\/uploads\/2024\/12\/sopami-vacuum-cleaner-100x100.webp 100w, https:\/\/sopami.tech\/wp-content\/uploads\/2024\/12\/sopami-vacuum-cleaner-800x800.webp 800w\" sizes=\"(max-width: 1001px) 100vw, 1001px\" \/><br \/>\n<img decoding=\"async\" class=\"alignnone size-full wp-image-7406\" title=\"aliexpress sopami cera auto spray da porcellana\" src=\"https:\/\/sopami.tech\/wp-content\/uploads\/2024\/12\/aliexpress-sopami-car-wax-spray-from-china.webp\" alt=\"aliexpress sopami cera auto spray da porcellana\" width=\"1001\" height=\"1001\" srcset=\"https:\/\/sopami.tech\/wp-content\/uploads\/2024\/12\/aliexpress-sopami-car-wax-spray-from-china.webp 1001w, https:\/\/sopami.tech\/wp-content\/uploads\/2024\/12\/aliexpress-sopami-car-wax-spray-from-china-300x300.webp 300w, https:\/\/sopami.tech\/wp-content\/uploads\/2024\/12\/aliexpress-sopami-car-wax-spray-from-china-150x150.webp 150w, https:\/\/sopami.tech\/wp-content\/uploads\/2024\/12\/aliexpress-sopami-car-wax-spray-from-china-768x768.webp 768w, https:\/\/sopami.tech\/wp-content\/uploads\/2024\/12\/aliexpress-sopami-car-wax-spray-from-china-990x990.webp 990w, https:\/\/sopami.tech\/wp-content\/uploads\/2024\/12\/aliexpress-sopami-car-wax-spray-from-china-441x441.webp 441w, https:\/\/sopami.tech\/wp-content\/uploads\/2024\/12\/aliexpress-sopami-car-wax-spray-from-china-100x100.webp 100w, https:\/\/sopami.tech\/wp-content\/uploads\/2024\/12\/aliexpress-sopami-car-wax-spray-from-china-800x800.webp 800w\" sizes=\"(max-width: 1001px) 100vw, 1001px\" \/> <img loading=\"lazy\" decoding=\"async\" class=\"alignnone size-full wp-image-7414\" title=\"sopami sp7 dentifricio probiotico\" src=\"https:\/\/sopami.tech\/wp-content\/uploads\/2024\/12\/sopami-sp7-probiotic-toothpaste.webp\" alt=\"sopami sp7 dentifricio probiotico\" width=\"1001\" height=\"1001\" srcset=\"https:\/\/sopami.tech\/wp-content\/uploads\/2024\/12\/sopami-sp7-probiotic-toothpaste.webp 1001w, https:\/\/sopami.tech\/wp-content\/uploads\/2024\/12\/sopami-sp7-probiotic-toothpaste-300x300.webp 300w, https:\/\/sopami.tech\/wp-content\/uploads\/2024\/12\/sopami-sp7-probiotic-toothpaste-150x150.webp 150w, https:\/\/sopami.tech\/wp-content\/uploads\/2024\/12\/sopami-sp7-probiotic-toothpaste-768x768.webp 768w, https:\/\/sopami.tech\/wp-content\/uploads\/2024\/12\/sopami-sp7-probiotic-toothpaste-990x990.webp 990w, https:\/\/sopami.tech\/wp-content\/uploads\/2024\/12\/sopami-sp7-probiotic-toothpaste-441x441.webp 441w, https:\/\/sopami.tech\/wp-content\/uploads\/2024\/12\/sopami-sp7-probiotic-toothpaste-100x100.webp 100w, https:\/\/sopami.tech\/wp-content\/uploads\/2024\/12\/sopami-sp7-probiotic-toothpaste-800x800.webp 800w\" sizes=\"(max-width: 1001px) 100vw, 1001px\" \/><br \/>\n<img loading=\"lazy\" decoding=\"async\" class=\"alignnone size-full wp-image-7417\" title=\"spray di recupero per autoveicoli sopami\" src=\"https:\/\/sopami.tech\/wp-content\/uploads\/2024\/12\/spray-de-recubrimiento-de-coche-sopami.webp\" alt=\"spray di recupero per autoveicoli sopami\" width=\"1001\" height=\"1001\" srcset=\"https:\/\/sopami.tech\/wp-content\/uploads\/2024\/12\/spray-de-recubrimiento-de-coche-sopami.webp 1001w, https:\/\/sopami.tech\/wp-content\/uploads\/2024\/12\/spray-de-recubrimiento-de-coche-sopami-300x300.webp 300w, https:\/\/sopami.tech\/wp-content\/uploads\/2024\/12\/spray-de-recubrimiento-de-coche-sopami-150x150.webp 150w, https:\/\/sopami.tech\/wp-content\/uploads\/2024\/12\/spray-de-recubrimiento-de-coche-sopami-768x768.webp 768w, https:\/\/sopami.tech\/wp-content\/uploads\/2024\/12\/spray-de-recubrimiento-de-coche-sopami-990x990.webp 990w, https:\/\/sopami.tech\/wp-content\/uploads\/2024\/12\/spray-de-recubrimiento-de-coche-sopami-441x441.webp 441w, https:\/\/sopami.tech\/wp-content\/uploads\/2024\/12\/spray-de-recubrimiento-de-coche-sopami-100x100.webp 100w, https:\/\/sopami.tech\/wp-content\/uploads\/2024\/12\/spray-de-recubrimiento-de-coche-sopami-800x800.webp 800w\" sizes=\"(max-width: 1001px) 100vw, 1001px\" \/> \u00a0<img loading=\"lazy\" decoding=\"async\" class=\"alignnone size-full wp-image-7412\" title=\"Emulsione detergente per film d&#039;olio Sopami\" src=\"https:\/\/sopami.tech\/wp-content\/uploads\/2024\/12\/Sopami-Oil-Film-Cleaning-Emulsion.webp\" alt=\"Emulsione detergente per film d&#039;olio Sopami\" width=\"1001\" height=\"1001\" srcset=\"https:\/\/sopami.tech\/wp-content\/uploads\/2024\/12\/Sopami-Oil-Film-Cleaning-Emulsion.webp 1001w, https:\/\/sopami.tech\/wp-content\/uploads\/2024\/12\/Sopami-Oil-Film-Cleaning-Emulsion-300x300.webp 300w, https:\/\/sopami.tech\/wp-content\/uploads\/2024\/12\/Sopami-Oil-Film-Cleaning-Emulsion-150x150.webp 150w, https:\/\/sopami.tech\/wp-content\/uploads\/2024\/12\/Sopami-Oil-Film-Cleaning-Emulsion-768x768.webp 768w, https:\/\/sopami.tech\/wp-content\/uploads\/2024\/12\/Sopami-Oil-Film-Cleaning-Emulsion-990x990.webp 990w, https:\/\/sopami.tech\/wp-content\/uploads\/2024\/12\/Sopami-Oil-Film-Cleaning-Emulsion-441x441.webp 441w, https:\/\/sopami.tech\/wp-content\/uploads\/2024\/12\/Sopami-Oil-Film-Cleaning-Emulsion-100x100.webp 100w, https:\/\/sopami.tech\/wp-content\/uploads\/2024\/12\/Sopami-Oil-Film-Cleaning-Emulsion-800x800.webp 800w\" sizes=\"(max-width: 1001px) 100vw, 1001px\" \/> <img loading=\"lazy\" decoding=\"async\" class=\"alignnone size-full wp-image-7411\" title=\"emulsione detergente sopami oil film emulsione detergente sopami oil film detergente per vetri\" src=\"https:\/\/sopami.tech\/wp-content\/uploads\/2024\/12\/sopami-oil-film-cleaning-emulsion-sopami-oil-film-emulsion-glass-cleaner.webp\" alt=\"emulsione detergente sopami oil film emulsione detergente sopami oil film detergente per vetri\" width=\"1001\" height=\"1001\" srcset=\"https:\/\/sopami.tech\/wp-content\/uploads\/2024\/12\/sopami-oil-film-cleaning-emulsion-sopami-oil-film-emulsion-glass-cleaner.webp 1001w, https:\/\/sopami.tech\/wp-content\/uploads\/2024\/12\/sopami-oil-film-cleaning-emulsion-sopami-oil-film-emulsion-glass-cleaner-300x300.webp 300w, https:\/\/sopami.tech\/wp-content\/uploads\/2024\/12\/sopami-oil-film-cleaning-emulsion-sopami-oil-film-emulsion-glass-cleaner-150x150.webp 150w, https:\/\/sopami.tech\/wp-content\/uploads\/2024\/12\/sopami-oil-film-cleaning-emulsion-sopami-oil-film-emulsion-glass-cleaner-768x768.webp 768w, https:\/\/sopami.tech\/wp-content\/uploads\/2024\/12\/sopami-oil-film-cleaning-emulsion-sopami-oil-film-emulsion-glass-cleaner-990x990.webp 990w, https:\/\/sopami.tech\/wp-content\/uploads\/2024\/12\/sopami-oil-film-cleaning-emulsion-sopami-oil-film-emulsion-glass-cleaner-441x441.webp 441w, https:\/\/sopami.tech\/wp-content\/uploads\/2024\/12\/sopami-oil-film-cleaning-emulsion-sopami-oil-film-emulsion-glass-cleaner-100x100.webp 100w, https:\/\/sopami.tech\/wp-content\/uploads\/2024\/12\/sopami-oil-film-cleaning-emulsion-sopami-oil-film-emulsion-glass-cleaner-800x800.webp 800w\" sizes=\"(max-width: 1001px) 100vw, 1001px\" \/> <img loading=\"lazy\" decoding=\"async\" class=\"alignnone size-full wp-image-7410\" title=\"emporio sopami film d&#039;olio sopami\" src=\"https:\/\/sopami.tech\/wp-content\/uploads\/2024\/12\/sopami-emporium-sopami-oil-film.webp\" alt=\"emporio sopami film d&#039;olio sopami\" width=\"1001\" height=\"1001\" srcset=\"https:\/\/sopami.tech\/wp-content\/uploads\/2024\/12\/sopami-emporium-sopami-oil-film.webp 1001w, https:\/\/sopami.tech\/wp-content\/uploads\/2024\/12\/sopami-emporium-sopami-oil-film-300x300.webp 300w, https:\/\/sopami.tech\/wp-content\/uploads\/2024\/12\/sopami-emporium-sopami-oil-film-150x150.webp 150w, https:\/\/sopami.tech\/wp-content\/uploads\/2024\/12\/sopami-emporium-sopami-oil-film-768x768.webp 768w, https:\/\/sopami.tech\/wp-content\/uploads\/2024\/12\/sopami-emporium-sopami-oil-film-990x990.webp 990w, https:\/\/sopami.tech\/wp-content\/uploads\/2024\/12\/sopami-emporium-sopami-oil-film-441x441.webp 441w, https:\/\/sopami.tech\/wp-content\/uploads\/2024\/12\/sopami-emporium-sopami-oil-film-100x100.webp 100w, https:\/\/sopami.tech\/wp-content\/uploads\/2024\/12\/sopami-emporium-sopami-oil-film-800x800.webp 800w\" sizes=\"(max-width: 1001px) 100vw, 1001px\" \/> <img loading=\"lazy\" decoding=\"async\" class=\"alignnone size-full wp-image-7409\" title=\"sopami auto spray vicino a me\" src=\"https:\/\/sopami.tech\/wp-content\/uploads\/2024\/12\/sopami-car-spray-near-me.webp\" alt=\"sopami auto spray vicino a me\" width=\"1001\" height=\"1001\" srcset=\"https:\/\/sopami.tech\/wp-content\/uploads\/2024\/12\/sopami-car-spray-near-me.webp 1001w, https:\/\/sopami.tech\/wp-content\/uploads\/2024\/12\/sopami-car-spray-near-me-300x300.webp 300w, https:\/\/sopami.tech\/wp-content\/uploads\/2024\/12\/sopami-car-spray-near-me-150x150.webp 150w, https:\/\/sopami.tech\/wp-content\/uploads\/2024\/12\/sopami-car-spray-near-me-768x768.webp 768w, https:\/\/sopami.tech\/wp-content\/uploads\/2024\/12\/sopami-car-spray-near-me-990x990.webp 990w, https:\/\/sopami.tech\/wp-content\/uploads\/2024\/12\/sopami-car-spray-near-me-441x441.webp 441w, https:\/\/sopami.tech\/wp-content\/uploads\/2024\/12\/sopami-car-spray-near-me-100x100.webp 100w, https:\/\/sopami.tech\/wp-content\/uploads\/2024\/12\/sopami-car-spray-near-me-800x800.webp 800w\" sizes=\"(max-width: 1001px) 100vw, 1001px\" \/> <img loading=\"lazy\" decoding=\"async\" class=\"alignnone size-full wp-image-7408\" title=\"rivestimento auto sopami\" src=\"https:\/\/sopami.tech\/wp-content\/uploads\/2024\/12\/sopami-car-coating.webp\" alt=\"rivestimento auto sopami\" width=\"1001\" height=\"1001\" srcset=\"https:\/\/sopami.tech\/wp-content\/uploads\/2024\/12\/sopami-car-coating.webp 1001w, https:\/\/sopami.tech\/wp-content\/uploads\/2024\/12\/sopami-car-coating-300x300.webp 300w, https:\/\/sopami.tech\/wp-content\/uploads\/2024\/12\/sopami-car-coating-150x150.webp 150w, https:\/\/sopami.tech\/wp-content\/uploads\/2024\/12\/sopami-car-coating-768x768.webp 768w, https:\/\/sopami.tech\/wp-content\/uploads\/2024\/12\/sopami-car-coating-990x990.webp 990w, https:\/\/sopami.tech\/wp-content\/uploads\/2024\/12\/sopami-car-coating-441x441.webp 441w, https:\/\/sopami.tech\/wp-content\/uploads\/2024\/12\/sopami-car-coating-100x100.webp 100w, https:\/\/sopami.tech\/wp-content\/uploads\/2024\/12\/sopami-car-coating-800x800.webp 800w\" sizes=\"(max-width: 1001px) 100vw, 1001px\" \/> <img loading=\"lazy\" decoding=\"async\" class=\"alignnone size-full wp-image-7407\" title=\"amazon sopami cera antigraffio per auto\" src=\"https:\/\/sopami.tech\/wp-content\/uploads\/2024\/12\/amazon-sopami-car-scratch-wax.webp\" alt=\"amazon sopami cera antigraffio per auto\" width=\"1001\" height=\"1001\" srcset=\"https:\/\/sopami.tech\/wp-content\/uploads\/2024\/12\/amazon-sopami-car-scratch-wax.webp 1001w, https:\/\/sopami.tech\/wp-content\/uploads\/2024\/12\/amazon-sopami-car-scratch-wax-300x300.webp 300w, https:\/\/sopami.tech\/wp-content\/uploads\/2024\/12\/amazon-sopami-car-scratch-wax-150x150.webp 150w, https:\/\/sopami.tech\/wp-content\/uploads\/2024\/12\/amazon-sopami-car-scratch-wax-768x768.webp 768w, https:\/\/sopami.tech\/wp-content\/uploads\/2024\/12\/amazon-sopami-car-scratch-wax-990x990.webp 990w, https:\/\/sopami.tech\/wp-content\/uploads\/2024\/12\/amazon-sopami-car-scratch-wax-441x441.webp 441w, https:\/\/sopami.tech\/wp-content\/uploads\/2024\/12\/amazon-sopami-car-scratch-wax-100x100.webp 100w, https:\/\/sopami.tech\/wp-content\/uploads\/2024\/12\/amazon-sopami-car-scratch-wax-800x800.webp 800w\" sizes=\"(max-width: 1001px) 100vw, 1001px\" \/><br \/>\n<img loading=\"lazy\" decoding=\"async\" class=\"alignnone size-full wp-image-7413\" title=\"agente di rivestimento ad effetto rapido sopami\" src=\"https:\/\/sopami.tech\/wp-content\/uploads\/2024\/12\/sopami-quick-effect-coating-agent-1.webp\" alt=\"agente di rivestimento ad effetto rapido sopami\" width=\"1001\" height=\"1001\" srcset=\"https:\/\/sopami.tech\/wp-content\/uploads\/2024\/12\/sopami-quick-effect-coating-agent-1.webp 1001w, https:\/\/sopami.tech\/wp-content\/uploads\/2024\/12\/sopami-quick-effect-coating-agent-1-300x300.webp 300w, https:\/\/sopami.tech\/wp-content\/uploads\/2024\/12\/sopami-quick-effect-coating-agent-1-150x150.webp 150w, https:\/\/sopami.tech\/wp-content\/uploads\/2024\/12\/sopami-quick-effect-coating-agent-1-768x768.webp 768w, https:\/\/sopami.tech\/wp-content\/uploads\/2024\/12\/sopami-quick-effect-coating-agent-1-990x990.webp 990w, https:\/\/sopami.tech\/wp-content\/uploads\/2024\/12\/sopami-quick-effect-coating-agent-1-441x441.webp 441w, https:\/\/sopami.tech\/wp-content\/uploads\/2024\/12\/sopami-quick-effect-coating-agent-1-100x100.webp 100w, https:\/\/sopami.tech\/wp-content\/uploads\/2024\/12\/sopami-quick-effect-coating-agent-1-800x800.webp 800w\" sizes=\"(max-width: 1001px) 100vw, 1001px\" \/><\/p>\n<h2>Emulsione detergente a base di film d'olio Sopami Specifiche<\/h2>\n<ul>\n<li><strong>Nome del prodotto<\/strong>: Emulsione detergente per film d'olio Sopami<\/li>\n<li><strong>Capacit\u00e0 del prodotto<\/strong>: 150ml<\/li>\n<li><strong>Dimensione del prodotto<\/strong>: Circa <em>5.71<\/em>\u00a0pollici<\/li>\n<li><strong>Utilizzo del prodotto<\/strong>: Rimozione e decontaminazione del film d'olio dell'auto<\/li>\n<li><strong>Caratteristiche del prodotto<\/strong>: Senza tergicristalli, protezione efficace dei vetri, doppio uso per la casa e l'auto<\/li>\n<\/ul>\n<h2>Emulsione detergente per film d'olio Sopami Caratteristiche<\/h2>\n<ul>\n<li><strong>Efficace rimozione del film d'olio<\/strong>: Sopami Oil Film Cleaning Emulsion \u00e8 formulato specificamente per eliminare i residui oleosi che si accumulano sulla superficie del veicolo. Agisce dissolvendo lo strato di grasso causato dalla sporcizia della strada, dai gas di scarico e dagli inquinanti ambientali, ripristinando efficacemente la chiarezza e la pulizia del veicolo. Che si tratti di vetri, specchietti o pannelli della carrozzeria, questo prodotto rende la rimozione delle pellicole di olio rapida e semplice.<\/li>\n<li><strong>Non \u00e8 necessario il tergicristallo<\/strong>: A differenza dei metodi di pulizia tradizionali, che spesso richiedono un'eccessiva pulizia o l'uso di un tergicristallo, l'Emulsione detergente per film d'olio Sopami elimina la necessit\u00e0 di un'attrezzatura speciale. \u00c8 sufficiente applicare il prodotto e passare un panno morbido per ottenere una finitura brillante e senza striature. Questo rende il processo di pulizia pi\u00f9 semplice e veloce, facendovi risparmiare tempo e fatica.<\/li>\n<li><strong>Protezione idrofobica<\/strong>: Una delle caratteristiche principali di questa emulsione sono le sue propriet\u00e0 idrofobiche. Dopo l'applicazione, le superfici trattate sviluppano uno strato idrorepellente che impedisce all'acqua di aderire alla superficie. In questo modo \u00e8 pi\u00f9 facile mantenere un aspetto pulito e trasparente anche in caso di pioggia, poich\u00e9 le gocce d'acqua scivolano via dal vetro senza lasciare striature o macchie.<\/li>\n<li><strong>Ripristina la lucentezza e la chiarezza<\/strong>: Sopami Oil Film Cleaning Emulsion non solo rimuove lo sporco e l'olio, ma aiuta anche a ripristinare la lucentezza e la chiarezza originali dei vetri e delle superfici vetrate dell'auto. Rimuovendo la pellicola di olio e i contaminanti che opacizzano la superficie, migliora l'aspetto generale del veicolo, lasciandolo fresco e ben curato.<\/li>\n<li><strong>Doppio uso per la casa e l'auto<\/strong>: Sebbene sia stata progettata principalmente per l'uso automobilistico, l'Emulsione detergente per film d'olio Sopami \u00e8 efficace anche per l'uso su altre superfici solide della casa. Pu\u00f2 essere utilizzata per pulire vetri, specchi e persino le superfici della cucina o del bagno che accumulano olio e sporcizia. Questo lo rende un detergente versatile e pratico per varie esigenze di pulizia.<\/li>\n<li><strong>Rivestimento protettivo<\/strong>: Dopo il processo di pulizia, Sopami Oil Film Cleaning Emulsion lascia un sottile strato protettivo sulla superficie trattata. Questo strato agisce come una barriera contro i futuri accumuli di olio e sporcizia, mantenendo le superfici pi\u00f9 pulite pi\u00f9 a lungo. L'uso regolare aiuta a mantenere una superficie pi\u00f9 chiara, pi\u00f9 lucida e pi\u00f9 protetta.<\/li>\n<li><strong>Facile da applicare<\/strong>: L'emulsione \u00e8 molto facile da applicare, anche nelle zone difficili da raggiungere. \u00c8 dotata di un comodo pennello in spugna per un'applicazione precisa, che consente di coprire le zone desiderate in modo completo e uniforme. La formula \u00e8 inoltre ad asciugatura rapida, quindi non \u00e8 necessario attendere a lungo perch\u00e9 il prodotto faccia effetto.<\/li>\n<li><strong>Sicuro per diverse superfici<\/strong>: Questa emulsione detergente pu\u00f2 essere utilizzata su diverse superfici, tra cui vetro, specchi, metallo e plastica, ed \u00e8 quindi adatta per auto, moto, barche, camper e altri veicoli. La sua formulazione delicata ma efficace garantisce che non danneggi o scolorisca le superfici, fornendo al contempo eccellenti prestazioni di pulizia.<\/li>\n<li><strong>Formula basata sulle nanotecnologie<\/strong>: Utilizzando la nanotecnologia avanzata, questa emulsione detergente fornisce un ulteriore strato di protezione contro lo sporco e la sporcizia. La nanoformula impedisce ai contaminanti di aderire alle superfici, rendendo la pulizia pi\u00f9 facile ed efficiente nel lungo periodo.<\/li>\n<\/ul>\n<h2>Pacchetto di emulsioni per la pulizia del film d'olio Sopami<\/h2>\n<ul>\n<li>1 \u00d7 <strong>Sopami Detergente per vetri con emulsione di film d'olio (150 ml)<\/strong><\/li>\n<li>1 \u00d7 <strong>Pennello di spugna<\/strong><\/li>\n<\/ul>\n<h2>Come utilizzare l'emulsione detergente Sopami Oil Film?<\/h2>\n<ol>\n<li><strong>Preparare la superficie<\/strong>: Assicurarsi che la superficie da pulire sia asciutta e priva di sporco o detriti.<\/li>\n<li><strong>Applicare l'emulsione<\/strong>: Erogare una piccola quantit\u00e0 di Emulsione detergente Sopami Oil Film sulla spazzola di spugna in dotazione.<\/li>\n<li><strong>Applicare in modo uniforme<\/strong>: Applicare delicatamente l'emulsione sulla zona desiderata, distribuendola uniformemente sulla superficie.<\/li>\n<li><strong>Eliminare gli eccessi<\/strong>: Utilizzare un panno morbido e pulito per eliminare l'emulsione in eccesso, lasciando la superficie lucida e trasparente.<\/li>\n<li><strong>Lucidare per una maggiore brillantezza<\/strong>: Per una finitura ancora pi\u00f9 lucida, lucidare delicatamente la superficie con un panno in microfibra dopo la pulizia.<\/li>\n<li><strong>Ripetere se necessario<\/strong>: Per le pellicole di olio o le macchie ostinate, riapplicare l'emulsione sulle aree interessate e ripetere il processo finch\u00e9 la superficie non \u00e8 completamente pulita.<\/li>\n<\/ol>","protected":false},"excerpt":{"rendered":"<p>Rimuovete le pellicole di olio e ripristinate la lucentezza con l'Emulsione detergente per pellicole di olio Sopami. Facile da usare, idrofobica e perfetta per auto, vetri e superfici domestiche.<\/p>","protected":false},"featured_media":7400,"comment_status":"open","ping_status":"closed","template":"","meta":[],"product_brand":[],"product_cat":[15],"product_tag":[],"class_list":{"0":"post-7404","1":"product","2":"type-product","3":"status-publish","4":"has-post-thumbnail","6":"product_cat-sopami-spray","8":"first","9":"instock","10":"shipping-taxable","11":"purchasable","12":"product-type-simple"},"jetpack_sharing_enabled":true,"_links":{"self":[{"href":"https:\/\/sopami.tech\/it\/wp-json\/wp\/v2\/product\/7404","targetHints":{"allow":["GET"]}}],"collection":[{"href":"https:\/\/sopami.tech\/it\/wp-json\/wp\/v2\/product"}],"about":[{"href":"https:\/\/sopami.tech\/it\/wp-json\/wp\/v2\/types\/product"}],"replies":[{"embeddable":true,"href":"https:\/\/sopami.tech\/it\/wp-json\/wp\/v2\/comments?post=7404"}],"wp:featuredmedia":[{"embeddable":true,"href":"https:\/\/sopami.tech\/it\/wp-json\/wp\/v2\/media\/7400"}],"wp:attachment":[{"href":"https:\/\/sopami.tech\/it\/wp-json\/wp\/v2\/media?parent=7404"}],"wp:term":[{"taxonomy":"product_brand","embeddable":true,"href":"https:\/\/sopami.tech\/it\/wp-json\/wp\/v2\/product_brand?post=7404"},{"taxonomy":"product_cat","embeddable":true,"href":"https:\/\/sopami.tech\/it\/wp-json\/wp\/v2\/product_cat?post=7404"},{"taxonomy":"product_tag","embeddable":true,"href":"https:\/\/sopami.tech\/it\/wp-json\/wp\/v2\/product_tag?post=7404"}],"curies":[{"name":"wp","href":"https:\/\/api.w.org\/{rel}","templated":true}]}}