{"id":7382,"date":"2024-12-24T21:53:28","date_gmt":"2024-12-24T13:53:28","guid":{"rendered":"https:\/\/sopami.tech\/?post_type=product&#038;p=7382"},"modified":"2025-02-19T18:28:24","modified_gmt":"2025-02-19T10:28:24","slug":"sopami-car-coating-spray-3-in-1-ceramic-car-paint-spray","status":"publish","type":"product","link":"https:\/\/sopami.tech\/it\/p\/sopami-car-coating-spray-3-in-1-ceramic-car-paint-spray\/","title":{"rendered":"Sopami Spray per il rivestimento dell'auto e Spray per la vernice per auto in ceramica 3 in 1"},"content":{"rendered":"<p><img fetchpriority=\"high\" decoding=\"async\" class=\"alignnone size-full wp-image-7397\" title=\"rasoio sopami per metallo cromato, pneumatici, specchietti, porte laterali, vetri, finestre.jpeg\" src=\"https:\/\/sopami.tech\/wp-content\/uploads\/2024\/12\/sopami-shaver-for-metal-plated-chrome-tiresmirrors-side-door-glass-windows.jpeg.webp\" alt=\"rasoio sopami per metallo cromato, pneumatici, specchietti, porte laterali, vetri, finestre.jpeg\" width=\"1000\" height=\"1000\" srcset=\"https:\/\/sopami.tech\/wp-content\/uploads\/2024\/12\/sopami-shaver-for-metal-plated-chrome-tiresmirrors-side-door-glass-windows.jpeg.webp 1000w, https:\/\/sopami.tech\/wp-content\/uploads\/2024\/12\/sopami-shaver-for-metal-plated-chrome-tiresmirrors-side-door-glass-windows.jpeg-300x300.webp 300w, https:\/\/sopami.tech\/wp-content\/uploads\/2024\/12\/sopami-shaver-for-metal-plated-chrome-tiresmirrors-side-door-glass-windows.jpeg-150x150.webp 150w, https:\/\/sopami.tech\/wp-content\/uploads\/2024\/12\/sopami-shaver-for-metal-plated-chrome-tiresmirrors-side-door-glass-windows.jpeg-768x768.webp 768w, https:\/\/sopami.tech\/wp-content\/uploads\/2024\/12\/sopami-shaver-for-metal-plated-chrome-tiresmirrors-side-door-glass-windows.jpeg-990x990.webp 990w, https:\/\/sopami.tech\/wp-content\/uploads\/2024\/12\/sopami-shaver-for-metal-plated-chrome-tiresmirrors-side-door-glass-windows.jpeg-441x441.webp 441w, https:\/\/sopami.tech\/wp-content\/uploads\/2024\/12\/sopami-shaver-for-metal-plated-chrome-tiresmirrors-side-door-glass-windows.jpeg-100x100.webp 100w, https:\/\/sopami.tech\/wp-content\/uploads\/2024\/12\/sopami-shaver-for-metal-plated-chrome-tiresmirrors-side-door-glass-windows.jpeg-800x800.webp 800w\" sizes=\"(max-width: 1000px) 100vw, 1000px\" \/><\/p>\n<p><img decoding=\"async\" class=\"alignnone size-full wp-image-7396\" title=\"sopami agente di rivestimento ad effetto rapido.jpeg\" src=\"https:\/\/sopami.tech\/wp-content\/uploads\/2024\/12\/sopami-quick-effect-coating-agent.jpeg-1.webp\" alt=\"sopami agente di rivestimento ad effetto rapido.jpeg\" width=\"1000\" height=\"1000\" srcset=\"https:\/\/sopami.tech\/wp-content\/uploads\/2024\/12\/sopami-quick-effect-coating-agent.jpeg-1.webp 1000w, https:\/\/sopami.tech\/wp-content\/uploads\/2024\/12\/sopami-quick-effect-coating-agent.jpeg-1-300x300.webp 300w, https:\/\/sopami.tech\/wp-content\/uploads\/2024\/12\/sopami-quick-effect-coating-agent.jpeg-1-150x150.webp 150w, https:\/\/sopami.tech\/wp-content\/uploads\/2024\/12\/sopami-quick-effect-coating-agent.jpeg-1-768x768.webp 768w, https:\/\/sopami.tech\/wp-content\/uploads\/2024\/12\/sopami-quick-effect-coating-agent.jpeg-1-990x990.webp 990w, https:\/\/sopami.tech\/wp-content\/uploads\/2024\/12\/sopami-quick-effect-coating-agent.jpeg-1-441x441.webp 441w, https:\/\/sopami.tech\/wp-content\/uploads\/2024\/12\/sopami-quick-effect-coating-agent.jpeg-1-100x100.webp 100w, https:\/\/sopami.tech\/wp-content\/uploads\/2024\/12\/sopami-quick-effect-coating-agent.jpeg-1-800x800.webp 800w\" sizes=\"(max-width: 1000px) 100vw, 1000px\" \/><\/p>\n<p><img decoding=\"async\" class=\"alignnone size-full wp-image-7395\" title=\"detergente per vetri in emulsione oleosa sopami.jpeg\" src=\"https:\/\/sopami.tech\/wp-content\/uploads\/2024\/12\/sopami-oil-film-emulsion-glass-cleaner.jpeg.webp\" alt=\"detergente per vetri in emulsione oleosa sopami.jpeg\" width=\"1000\" height=\"1000\" srcset=\"https:\/\/sopami.tech\/wp-content\/uploads\/2024\/12\/sopami-oil-film-emulsion-glass-cleaner.jpeg.webp 1000w, https:\/\/sopami.tech\/wp-content\/uploads\/2024\/12\/sopami-oil-film-emulsion-glass-cleaner.jpeg-300x300.webp 300w, https:\/\/sopami.tech\/wp-content\/uploads\/2024\/12\/sopami-oil-film-emulsion-glass-cleaner.jpeg-150x150.webp 150w, https:\/\/sopami.tech\/wp-content\/uploads\/2024\/12\/sopami-oil-film-emulsion-glass-cleaner.jpeg-768x768.webp 768w, https:\/\/sopami.tech\/wp-content\/uploads\/2024\/12\/sopami-oil-film-emulsion-glass-cleaner.jpeg-990x990.webp 990w, https:\/\/sopami.tech\/wp-content\/uploads\/2024\/12\/sopami-oil-film-emulsion-glass-cleaner.jpeg-441x441.webp 441w, https:\/\/sopami.tech\/wp-content\/uploads\/2024\/12\/sopami-oil-film-emulsion-glass-cleaner.jpeg-100x100.webp 100w, https:\/\/sopami.tech\/wp-content\/uploads\/2024\/12\/sopami-oil-film-emulsion-glass-cleaner.jpeg-800x800.webp 800w\" sizes=\"(max-width: 1000px) 100vw, 1000px\" \/><\/p>\n<p><img loading=\"lazy\" decoding=\"async\" class=\"alignnone size-full wp-image-7394\" title=\"emulsione detergente sopami oil film emulsione detergente per vetri.jpeg\" src=\"https:\/\/sopami.tech\/wp-content\/uploads\/2024\/12\/sopami-oil-film-cleaning-emulsion-sopami-oil-film-emulsion-glass-cleaner.jpeg.webp\" alt=\"emulsione detergente sopami oil film emulsione detergente per vetri.jpeg\" width=\"1000\" height=\"1000\" srcset=\"https:\/\/sopami.tech\/wp-content\/uploads\/2024\/12\/sopami-oil-film-cleaning-emulsion-sopami-oil-film-emulsion-glass-cleaner.jpeg.webp 1000w, https:\/\/sopami.tech\/wp-content\/uploads\/2024\/12\/sopami-oil-film-cleaning-emulsion-sopami-oil-film-emulsion-glass-cleaner.jpeg-300x300.webp 300w, https:\/\/sopami.tech\/wp-content\/uploads\/2024\/12\/sopami-oil-film-cleaning-emulsion-sopami-oil-film-emulsion-glass-cleaner.jpeg-150x150.webp 150w, https:\/\/sopami.tech\/wp-content\/uploads\/2024\/12\/sopami-oil-film-cleaning-emulsion-sopami-oil-film-emulsion-glass-cleaner.jpeg-768x768.webp 768w, https:\/\/sopami.tech\/wp-content\/uploads\/2024\/12\/sopami-oil-film-cleaning-emulsion-sopami-oil-film-emulsion-glass-cleaner.jpeg-990x990.webp 990w, https:\/\/sopami.tech\/wp-content\/uploads\/2024\/12\/sopami-oil-film-cleaning-emulsion-sopami-oil-film-emulsion-glass-cleaner.jpeg-441x441.webp 441w, https:\/\/sopami.tech\/wp-content\/uploads\/2024\/12\/sopami-oil-film-cleaning-emulsion-sopami-oil-film-emulsion-glass-cleaner.jpeg-100x100.webp 100w, https:\/\/sopami.tech\/wp-content\/uploads\/2024\/12\/sopami-oil-film-cleaning-emulsion-sopami-oil-film-emulsion-glass-cleaner.jpeg-800x800.webp 800w\" sizes=\"(max-width: 1000px) 100vw, 1000px\" \/><\/p>\n<p><img loading=\"lazy\" decoding=\"async\" class=\"alignnone size-full wp-image-7393\" title=\"sopami agente di rivestimento per ogni auto.jpeg\" src=\"https:\/\/sopami.tech\/wp-content\/uploads\/2024\/12\/sopami-coating-agent-for-every-car.jpeg.webp\" alt=\"sopami agente di rivestimento per ogni auto.jpeg\" width=\"1000\" height=\"1000\" srcset=\"https:\/\/sopami.tech\/wp-content\/uploads\/2024\/12\/sopami-coating-agent-for-every-car.jpeg.webp 1000w, https:\/\/sopami.tech\/wp-content\/uploads\/2024\/12\/sopami-coating-agent-for-every-car.jpeg-300x300.webp 300w, https:\/\/sopami.tech\/wp-content\/uploads\/2024\/12\/sopami-coating-agent-for-every-car.jpeg-150x150.webp 150w, https:\/\/sopami.tech\/wp-content\/uploads\/2024\/12\/sopami-coating-agent-for-every-car.jpeg-768x768.webp 768w, https:\/\/sopami.tech\/wp-content\/uploads\/2024\/12\/sopami-coating-agent-for-every-car.jpeg-990x990.webp 990w, https:\/\/sopami.tech\/wp-content\/uploads\/2024\/12\/sopami-coating-agent-for-every-car.jpeg-441x441.webp 441w, https:\/\/sopami.tech\/wp-content\/uploads\/2024\/12\/sopami-coating-agent-for-every-car.jpeg-100x100.webp 100w, https:\/\/sopami.tech\/wp-content\/uploads\/2024\/12\/sopami-coating-agent-for-every-car.jpeg-800x800.webp 800w\" sizes=\"(max-width: 1000px) 100vw, 1000px\" \/><\/p>\n<p><img loading=\"lazy\" decoding=\"async\" class=\"alignnone size-full wp-image-7392\" title=\"cera spray per auto sopami.jpeg\" src=\"https:\/\/sopami.tech\/wp-content\/uploads\/2024\/12\/sopami-car-wax-spray.jpeg.webp\" alt=\"cera spray per auto sopami.jpeg\" width=\"1000\" height=\"1000\" srcset=\"https:\/\/sopami.tech\/wp-content\/uploads\/2024\/12\/sopami-car-wax-spray.jpeg.webp 1000w, https:\/\/sopami.tech\/wp-content\/uploads\/2024\/12\/sopami-car-wax-spray.jpeg-300x300.webp 300w, https:\/\/sopami.tech\/wp-content\/uploads\/2024\/12\/sopami-car-wax-spray.jpeg-150x150.webp 150w, https:\/\/sopami.tech\/wp-content\/uploads\/2024\/12\/sopami-car-wax-spray.jpeg-768x768.webp 768w, https:\/\/sopami.tech\/wp-content\/uploads\/2024\/12\/sopami-car-wax-spray.jpeg-990x990.webp 990w, https:\/\/sopami.tech\/wp-content\/uploads\/2024\/12\/sopami-car-wax-spray.jpeg-441x441.webp 441w, https:\/\/sopami.tech\/wp-content\/uploads\/2024\/12\/sopami-car-wax-spray.jpeg-100x100.webp 100w, https:\/\/sopami.tech\/wp-content\/uploads\/2024\/12\/sopami-car-wax-spray.jpeg-800x800.webp 800w\" sizes=\"(max-width: 1000px) 100vw, 1000px\" \/><\/p>\n<p><img loading=\"lazy\" decoding=\"async\" class=\"alignnone size-full wp-image-7391\" title=\"sopami spray per auto recensioni e reclami.jpeg\" src=\"https:\/\/sopami.tech\/wp-content\/uploads\/2024\/12\/sopami-car-spray-reviews-and-complaints.jpeg.webp\" alt=\"sopami spray per auto recensioni e reclami.jpeg\" width=\"1000\" height=\"1000\" srcset=\"https:\/\/sopami.tech\/wp-content\/uploads\/2024\/12\/sopami-car-spray-reviews-and-complaints.jpeg.webp 1000w, https:\/\/sopami.tech\/wp-content\/uploads\/2024\/12\/sopami-car-spray-reviews-and-complaints.jpeg-300x300.webp 300w, https:\/\/sopami.tech\/wp-content\/uploads\/2024\/12\/sopami-car-spray-reviews-and-complaints.jpeg-150x150.webp 150w, https:\/\/sopami.tech\/wp-content\/uploads\/2024\/12\/sopami-car-spray-reviews-and-complaints.jpeg-768x768.webp 768w, https:\/\/sopami.tech\/wp-content\/uploads\/2024\/12\/sopami-car-spray-reviews-and-complaints.jpeg-990x990.webp 990w, https:\/\/sopami.tech\/wp-content\/uploads\/2024\/12\/sopami-car-spray-reviews-and-complaints.jpeg-441x441.webp 441w, https:\/\/sopami.tech\/wp-content\/uploads\/2024\/12\/sopami-car-spray-reviews-and-complaints.jpeg-100x100.webp 100w, https:\/\/sopami.tech\/wp-content\/uploads\/2024\/12\/sopami-car-spray-reviews-and-complaints.jpeg-800x800.webp 800w\" sizes=\"(max-width: 1000px) 100vw, 1000px\" \/><\/p>\n<h2>Specifica del rivestimento spray per auto Sopami<\/h2>\n<ul>\n<li><strong>Volume dell'articolo<\/strong>: 500ml<\/li>\n<li><strong>Altezza articolo<\/strong>: 21,03 cm<\/li>\n<li><strong>Larghezza articolo<\/strong>: 6,1 cm<\/li>\n<li><strong>Marchio<\/strong>: Sopami<\/li>\n<li><strong>Origine<\/strong>: Cina continentale<\/li>\n<li><strong>Nome del modello<\/strong>: 128705<\/li>\n<li><strong>Tipo di articolo<\/strong>: Pellicola protettiva per verniciatura<\/li>\n<\/ul>\n<h2>Elenco delle confezioni di Sopami Car Coating Spray<\/h2>\n<ul>\n<li>1 \u00d7 Spray di rivestimento rapido per auto<\/li>\n<li>1 \u00d7 Asciugamano<\/li>\n<\/ul>\n<h2>Spray di rivestimento per auto Sopami Caratteristiche<\/h2>\n<ul>\n<li><strong>Rivestimento protettivo<\/strong>: Lo spray ceramico per auto 3 in 1 crea uno strato protettivo altamente durevole, simile a un diamante, sulla superficie dell'auto. Questo scudo protegge da una serie di contaminanti ambientali, tra cui sporco, grasso, escrementi di uccelli e macchie d'acqua, garantendo che la vernice dell'auto rimanga immacolata per mesi senza doverla riapplicare frequentemente.<\/li>\n<li><strong>Pulizia senza sforzo<\/strong>: Questo spray rimuove senza fatica lo sporco ostinato, il fango, gli insetti, la polvere e il grasso dalla superficie dell'auto, rendendo la pulizia regolare molto pi\u00f9 rapida e semplice. Aiuta anche a rimuovere altri contaminanti comuni, tra cui le pellicole d'olio, lasciando l'auto immacolata dopo ogni utilizzo.<\/li>\n<li><strong>Lucentezza di lunga durata<\/strong>: The nanotechnology formula ensures that the protective coating is highly effective and long-lasting. The coating provides a glossy, showroom-quality shine that won\u2019t fade with time. The long-term effect makes it ideal for keeping your car looking brand new with minimal maintenance.<\/li>\n<li><strong>Previene i danni alla vernice<\/strong>: Beyond just adding a shine, the ceramic coating prevents damage caused by harsh UV rays, oxidation, acid rain, and other elements that can dull your car\u2019s paintwork over time. It also protects from light scratches and swirl marks, preserving the vehicle&#8217;s aesthetic appeal.<\/li>\n<li><strong>Applicazione facile<\/strong>: Uno dei maggiori vantaggi di questo prodotto \u00e8 la sua semplicit\u00e0 di applicazione. Basta spruzzarlo direttamente sulla superficie dell'auto per rimuovere immediatamente sporco, grasso e altri contaminanti. Lo spray aiuta anche a mantenere l'auto pulita pi\u00f9 a lungo, fornendo uno strato antiaderente che respinge lo sporco e l'acqua.<\/li>\n<li><strong>Protezione multiuso<\/strong>: Non solo per le auto, questo spray versatile \u00e8 efficace su una variet\u00e0 di superfici e rappresenta uno strumento essenziale per barche, motociclette, camper, quad, vetri, parti in plastica e altro ancora. Funziona ugualmente bene su tutte le superfici verniciate, in plastica e in vetro, offrendo una soluzione universale per vari veicoli e attrezzature.<\/li>\n<li><strong>Effetto impermeabilizzante e idrofobico<\/strong>: Questo spray aggiunge anche uno strato resistente all'acqua, respingendo efficacemente l'acqua e prevenendo la formazione di macchie d'acqua sull'auto. Le propriet\u00e0 idrofobiche fanno s\u00ec che l'acqua piovana o gli autolavaggi si asciughino senza lasciare macchie, facilitando la manutenzione dell'auto in condizioni di bagnato.<\/li>\n<li><strong>Soluzione per risparmiare tempo<\/strong>: Non \u00e8 necessario un lungo processo di ceretta. Lo spray ad azione rapida offre risultati immediati, facendovi risparmiare tempo e ottenendo gli stessi effetti di lunga durata della ceratura tradizionale. Perfetto per i proprietari di auto molto impegnate che desiderano risultati di alta qualit\u00e0 senza la fatica del lavoro.<\/li>\n<li><strong>Riparazione dei graffi<\/strong>: Questo prodotto ha anche una leggera capacit\u00e0 di riparare i graffi. Riempie i piccoli graffi e le imperfezioni sulla superficie dell'auto, aiutando a ripristinare una finitura liscia e impeccabile.<\/li>\n<li><strong>Formula ecologica<\/strong>: Lo spray 3 in 1 Ceramic Car Paint \u00e8 stato progettato tenendo conto dei principi di ecocompatibilit\u00e0 e rappresenta un'alternativa pi\u00f9 sicura ai detergenti chimici e alle cere pi\u00f9 aggressivi. \u00c8 efficace senza compromettere l'ambiente.<\/li>\n<\/ul>\n<h2>Come si usa lo spray di rivestimento per auto Sopami?<\/h2>\n<ol>\n<li><strong>Pulire la superficie<\/strong>: Lavare l'auto per rimuovere sporco e detriti prima di applicare lo spray.<\/li>\n<li><strong>Agitare la bottiglia<\/strong>: Agitare bene il flacone spray per miscelare la formula.<\/li>\n<li><strong>Spruzzare sulla superficie<\/strong>: Spruzzare uniformemente il rivestimento ceramico 3-in-1 sulla vernice dell'auto.<\/li>\n<li><strong>Pulire e lucidare<\/strong>: Utilizzare un panno pulito per pulire l'area spruzzata e lucidarla.<\/li>\n<li><strong>Ripetere secondo le necessit\u00e0<\/strong>: Continuare a spruzzare e lucidare le sezioni dell'auto fino al completo rivestimento.<\/li>\n<li><strong>Lasciar riposare<\/strong>: Per ottenere risultati ottimali, lasciare asciugare il rivestimento per alcuni minuti.<\/li>\n<\/ol>","protected":false},"excerpt":{"rendered":"<p>Proteggete, pulite e fate brillare la vostra auto con Sopami 3-in-1 Ceramic Car Paint Spray. Di lunga durata, resistente all'acqua e facile da applicare per una finitura impeccabile.<\/p>","protected":false},"featured_media":7387,"comment_status":"open","ping_status":"closed","template":"","meta":[],"product_brand":[],"product_cat":[15],"product_tag":[],"class_list":{"0":"post-7382","1":"product","2":"type-product","3":"status-publish","4":"has-post-thumbnail","6":"product_cat-sopami-spray","8":"first","9":"instock","10":"shipping-taxable","11":"purchasable","12":"product-type-simple"},"jetpack_sharing_enabled":true,"_links":{"self":[{"href":"https:\/\/sopami.tech\/it\/wp-json\/wp\/v2\/product\/7382","targetHints":{"allow":["GET"]}}],"collection":[{"href":"https:\/\/sopami.tech\/it\/wp-json\/wp\/v2\/product"}],"about":[{"href":"https:\/\/sopami.tech\/it\/wp-json\/wp\/v2\/types\/product"}],"replies":[{"embeddable":true,"href":"https:\/\/sopami.tech\/it\/wp-json\/wp\/v2\/comments?post=7382"}],"wp:featuredmedia":[{"embeddable":true,"href":"https:\/\/sopami.tech\/it\/wp-json\/wp\/v2\/media\/7387"}],"wp:attachment":[{"href":"https:\/\/sopami.tech\/it\/wp-json\/wp\/v2\/media?parent=7382"}],"wp:term":[{"taxonomy":"product_brand","embeddable":true,"href":"https:\/\/sopami.tech\/it\/wp-json\/wp\/v2\/product_brand?post=7382"},{"taxonomy":"product_cat","embeddable":true,"href":"https:\/\/sopami.tech\/it\/wp-json\/wp\/v2\/product_cat?post=7382"},{"taxonomy":"product_tag","embeddable":true,"href":"https:\/\/sopami.tech\/it\/wp-json\/wp\/v2\/product_tag?post=7382"}],"curies":[{"name":"wp","href":"https:\/\/api.w.org\/{rel}","templated":true}]}}