{"id":7418,"date":"2024-12-24T21:53:14","date_gmt":"2024-12-24T13:53:14","guid":{"rendered":"https:\/\/sopami.tech\/?post_type=product&#038;p=7418"},"modified":"2024-12-24T21:53:15","modified_gmt":"2024-12-24T13:53:15","slug":"sopami-car-scratch-wax","status":"publish","type":"product","link":"https:\/\/sopami.tech\/fr\/p\/sopami-car-scratch-wax\/","title":{"rendered":"Sopami Car Scratch Wax"},"content":{"rendered":"<p><img fetchpriority=\"high\" decoding=\"async\" class=\"alignnone size-full wp-image-7419\" title=\"r\u00e9paration facile retouche rapide de Sopami Car Scratch Wax\" src=\"https:\/\/sopami.tech\/wp-content\/uploads\/2024\/12\/easy-repair-quick-retouching-of-Sopami-Car-Scratch-Wax.webp\" alt=\"r\u00e9paration facile retouche rapide de Sopami Car Scratch Wax\" width=\"1566\" height=\"2098\" srcset=\"https:\/\/sopami.tech\/wp-content\/uploads\/2024\/12\/easy-repair-quick-retouching-of-Sopami-Car-Scratch-Wax.webp 1566w, https:\/\/sopami.tech\/wp-content\/uploads\/2024\/12\/easy-repair-quick-retouching-of-Sopami-Car-Scratch-Wax-224x300.webp 224w, https:\/\/sopami.tech\/wp-content\/uploads\/2024\/12\/easy-repair-quick-retouching-of-Sopami-Car-Scratch-Wax-764x1024.webp 764w, https:\/\/sopami.tech\/wp-content\/uploads\/2024\/12\/easy-repair-quick-retouching-of-Sopami-Car-Scratch-Wax-768x1029.webp 768w, https:\/\/sopami.tech\/wp-content\/uploads\/2024\/12\/easy-repair-quick-retouching-of-Sopami-Car-Scratch-Wax-1147x1536.webp 1147w, https:\/\/sopami.tech\/wp-content\/uploads\/2024\/12\/easy-repair-quick-retouching-of-Sopami-Car-Scratch-Wax-1529x2048.webp 1529w, https:\/\/sopami.tech\/wp-content\/uploads\/2024\/12\/easy-repair-quick-retouching-of-Sopami-Car-Scratch-Wax-990x1326.webp 990w, https:\/\/sopami.tech\/wp-content\/uploads\/2024\/12\/easy-repair-quick-retouching-of-Sopami-Car-Scratch-Wax-441x591.webp 441w, https:\/\/sopami.tech\/wp-content\/uploads\/2024\/12\/easy-repair-quick-retouching-of-Sopami-Car-Scratch-Wax-300x402.webp 300w, https:\/\/sopami.tech\/wp-content\/uploads\/2024\/12\/easy-repair-quick-retouching-of-Sopami-Car-Scratch-Wax-800x1072.webp 800w, https:\/\/sopami.tech\/wp-content\/uploads\/2024\/12\/easy-repair-quick-retouching-of-Sopami-Car-Scratch-Wax-150x201.webp 150w\" sizes=\"(max-width: 1566px) 100vw, 1566px\" \/> <img decoding=\"async\" class=\"alignnone size-full wp-image-7420\" title=\"remise \u00e0 neuf rapide sans endommager la peinture d&#039;origine \u00e0 l&#039;aide de la cire anti-rayures Sopami Car Scratch Wax\" src=\"https:\/\/sopami.tech\/wp-content\/uploads\/2024\/12\/quick-refurbishment-without-damage-the-original-paint-using-Sopami-Car-Scratch-Wax.webp\" alt=\"remise \u00e0 neuf rapide sans endommager la peinture d&#039;origine \u00e0 l&#039;aide de la cire anti-rayures Sopami Car Scratch Wax\" width=\"1578\" height=\"894\" srcset=\"https:\/\/sopami.tech\/wp-content\/uploads\/2024\/12\/quick-refurbishment-without-damage-the-original-paint-using-Sopami-Car-Scratch-Wax.webp 1578w, https:\/\/sopami.tech\/wp-content\/uploads\/2024\/12\/quick-refurbishment-without-damage-the-original-paint-using-Sopami-Car-Scratch-Wax-300x170.webp 300w, https:\/\/sopami.tech\/wp-content\/uploads\/2024\/12\/quick-refurbishment-without-damage-the-original-paint-using-Sopami-Car-Scratch-Wax-1024x580.webp 1024w, https:\/\/sopami.tech\/wp-content\/uploads\/2024\/12\/quick-refurbishment-without-damage-the-original-paint-using-Sopami-Car-Scratch-Wax-768x435.webp 768w, https:\/\/sopami.tech\/wp-content\/uploads\/2024\/12\/quick-refurbishment-without-damage-the-original-paint-using-Sopami-Car-Scratch-Wax-1536x870.webp 1536w, https:\/\/sopami.tech\/wp-content\/uploads\/2024\/12\/quick-refurbishment-without-damage-the-original-paint-using-Sopami-Car-Scratch-Wax-990x561.webp 990w, https:\/\/sopami.tech\/wp-content\/uploads\/2024\/12\/quick-refurbishment-without-damage-the-original-paint-using-Sopami-Car-Scratch-Wax-441x250.webp 441w, https:\/\/sopami.tech\/wp-content\/uploads\/2024\/12\/quick-refurbishment-without-damage-the-original-paint-using-Sopami-Car-Scratch-Wax-800x453.webp 800w, https:\/\/sopami.tech\/wp-content\/uploads\/2024\/12\/quick-refurbishment-without-damage-the-original-paint-using-Sopami-Car-Scratch-Wax-150x85.webp 150w\" sizes=\"(max-width: 1578px) 100vw, 1578px\" \/> <img decoding=\"async\" class=\"alignnone size-full wp-image-7421\" title=\"Les petites rayures posent de gros probl\u00e8mes, l&#039;utilisation de la cire anti-rayures Sopami Car Scratch Wax permet de r\u00e9soudre les probl\u00e8mes li\u00e9s aux rayures.\" src=\"https:\/\/sopami.tech\/wp-content\/uploads\/2024\/12\/small-scratches-big-problems-using-Sopami-Car-Scratch-Wax-to-solve.webp\" alt=\"Les petites rayures posent de gros probl\u00e8mes, l&#039;utilisation de la cire anti-rayures Sopami Car Scratch Wax permet de r\u00e9soudre les probl\u00e8mes li\u00e9s aux rayures.\" width=\"1576\" height=\"1584\" srcset=\"https:\/\/sopami.tech\/wp-content\/uploads\/2024\/12\/small-scratches-big-problems-using-Sopami-Car-Scratch-Wax-to-solve.webp 1576w, https:\/\/sopami.tech\/wp-content\/uploads\/2024\/12\/small-scratches-big-problems-using-Sopami-Car-Scratch-Wax-to-solve-298x300.webp 298w, https:\/\/sopami.tech\/wp-content\/uploads\/2024\/12\/small-scratches-big-problems-using-Sopami-Car-Scratch-Wax-to-solve-1019x1024.webp 1019w, https:\/\/sopami.tech\/wp-content\/uploads\/2024\/12\/small-scratches-big-problems-using-Sopami-Car-Scratch-Wax-to-solve-150x151.webp 150w, https:\/\/sopami.tech\/wp-content\/uploads\/2024\/12\/small-scratches-big-problems-using-Sopami-Car-Scratch-Wax-to-solve-768x772.webp 768w, https:\/\/sopami.tech\/wp-content\/uploads\/2024\/12\/small-scratches-big-problems-using-Sopami-Car-Scratch-Wax-to-solve-1528x1536.webp 1528w, https:\/\/sopami.tech\/wp-content\/uploads\/2024\/12\/small-scratches-big-problems-using-Sopami-Car-Scratch-Wax-to-solve-990x995.webp 990w, https:\/\/sopami.tech\/wp-content\/uploads\/2024\/12\/small-scratches-big-problems-using-Sopami-Car-Scratch-Wax-to-solve-441x443.webp 441w, https:\/\/sopami.tech\/wp-content\/uploads\/2024\/12\/small-scratches-big-problems-using-Sopami-Car-Scratch-Wax-to-solve-100x100.webp 100w, https:\/\/sopami.tech\/wp-content\/uploads\/2024\/12\/small-scratches-big-problems-using-Sopami-Car-Scratch-Wax-to-solve-300x302.webp 300w, https:\/\/sopami.tech\/wp-content\/uploads\/2024\/12\/small-scratches-big-problems-using-Sopami-Car-Scratch-Wax-to-solve-800x804.webp 800w\" sizes=\"(max-width: 1576px) 100vw, 1576px\" \/> <img loading=\"lazy\" decoding=\"async\" class=\"alignnone size-full wp-image-7422\" title=\"Sopami Car Scratch Wax pictures reivew\" src=\"https:\/\/sopami.tech\/wp-content\/uploads\/2024\/12\/Sopami-Car-Scratch-Wax-pictures-reivew.webp\" alt=\"Sopami Car Scratch Wax pictures reivew\" width=\"1566\" height=\"1748\" srcset=\"https:\/\/sopami.tech\/wp-content\/uploads\/2024\/12\/Sopami-Car-Scratch-Wax-pictures-reivew.webp 1566w, https:\/\/sopami.tech\/wp-content\/uploads\/2024\/12\/Sopami-Car-Scratch-Wax-pictures-reivew-269x300.webp 269w, https:\/\/sopami.tech\/wp-content\/uploads\/2024\/12\/Sopami-Car-Scratch-Wax-pictures-reivew-917x1024.webp 917w, https:\/\/sopami.tech\/wp-content\/uploads\/2024\/12\/Sopami-Car-Scratch-Wax-pictures-reivew-768x857.webp 768w, https:\/\/sopami.tech\/wp-content\/uploads\/2024\/12\/Sopami-Car-Scratch-Wax-pictures-reivew-1376x1536.webp 1376w, https:\/\/sopami.tech\/wp-content\/uploads\/2024\/12\/Sopami-Car-Scratch-Wax-pictures-reivew-990x1105.webp 990w, https:\/\/sopami.tech\/wp-content\/uploads\/2024\/12\/Sopami-Car-Scratch-Wax-pictures-reivew-441x492.webp 441w, https:\/\/sopami.tech\/wp-content\/uploads\/2024\/12\/Sopami-Car-Scratch-Wax-pictures-reivew-300x335.webp 300w, https:\/\/sopami.tech\/wp-content\/uploads\/2024\/12\/Sopami-Car-Scratch-Wax-pictures-reivew-800x893.webp 800w, https:\/\/sopami.tech\/wp-content\/uploads\/2024\/12\/Sopami-Car-Scratch-Wax-pictures-reivew-150x167.webp 150w\" sizes=\"(max-width: 1566px) 100vw, 1566px\" \/> <img loading=\"lazy\" decoding=\"async\" class=\"alignnone size-full wp-image-7423\" title=\"Sopami Car Scratch Wax r\u00e9paration rapide, pas de d\u00e9coloration, pas de rebondissement\" src=\"https:\/\/sopami.tech\/wp-content\/uploads\/2024\/12\/Sopami-Car-Scratch-Wax-quick-repair-no-fading-no-rebound.webp\" alt=\"Sopami Car Scratch Wax r\u00e9paration rapide, pas de d\u00e9coloration, pas de rebondissement\" width=\"1574\" height=\"1976\" srcset=\"https:\/\/sopami.tech\/wp-content\/uploads\/2024\/12\/Sopami-Car-Scratch-Wax-quick-repair-no-fading-no-rebound.webp 1574w, https:\/\/sopami.tech\/wp-content\/uploads\/2024\/12\/Sopami-Car-Scratch-Wax-quick-repair-no-fading-no-rebound-239x300.webp 239w, https:\/\/sopami.tech\/wp-content\/uploads\/2024\/12\/Sopami-Car-Scratch-Wax-quick-repair-no-fading-no-rebound-816x1024.webp 816w, https:\/\/sopami.tech\/wp-content\/uploads\/2024\/12\/Sopami-Car-Scratch-Wax-quick-repair-no-fading-no-rebound-768x964.webp 768w, https:\/\/sopami.tech\/wp-content\/uploads\/2024\/12\/Sopami-Car-Scratch-Wax-quick-repair-no-fading-no-rebound-1224x1536.webp 1224w, https:\/\/sopami.tech\/wp-content\/uploads\/2024\/12\/Sopami-Car-Scratch-Wax-quick-repair-no-fading-no-rebound-990x1243.webp 990w, https:\/\/sopami.tech\/wp-content\/uploads\/2024\/12\/Sopami-Car-Scratch-Wax-quick-repair-no-fading-no-rebound-441x554.webp 441w, https:\/\/sopami.tech\/wp-content\/uploads\/2024\/12\/Sopami-Car-Scratch-Wax-quick-repair-no-fading-no-rebound-300x377.webp 300w, https:\/\/sopami.tech\/wp-content\/uploads\/2024\/12\/Sopami-Car-Scratch-Wax-quick-repair-no-fading-no-rebound-800x1004.webp 800w, https:\/\/sopami.tech\/wp-content\/uploads\/2024\/12\/Sopami-Car-Scratch-Wax-quick-repair-no-fading-no-rebound-150x188.webp 150w\" sizes=\"(max-width: 1574px) 100vw, 1574px\" \/> <img loading=\"lazy\" decoding=\"async\" class=\"alignnone size-full wp-image-7424\" title=\"Sopami Car Scratch Wax enl\u00e8ve les rayures du soleil, r\u00e9paration rapide, protection de la peinture\" src=\"https:\/\/sopami.tech\/wp-content\/uploads\/2024\/12\/Sopami-Car-Scratch-Wax-remove-sun-stripes-fast-repair-protective-paint.webp\" alt=\"Sopami Car Scratch Wax enl\u00e8ve les rayures du soleil, r\u00e9paration rapide, protection de la peinture\" width=\"1576\" height=\"1180\" srcset=\"https:\/\/sopami.tech\/wp-content\/uploads\/2024\/12\/Sopami-Car-Scratch-Wax-remove-sun-stripes-fast-repair-protective-paint.webp 1576w, https:\/\/sopami.tech\/wp-content\/uploads\/2024\/12\/Sopami-Car-Scratch-Wax-remove-sun-stripes-fast-repair-protective-paint-300x225.webp 300w, https:\/\/sopami.tech\/wp-content\/uploads\/2024\/12\/Sopami-Car-Scratch-Wax-remove-sun-stripes-fast-repair-protective-paint-1024x767.webp 1024w, https:\/\/sopami.tech\/wp-content\/uploads\/2024\/12\/Sopami-Car-Scratch-Wax-remove-sun-stripes-fast-repair-protective-paint-768x575.webp 768w, https:\/\/sopami.tech\/wp-content\/uploads\/2024\/12\/Sopami-Car-Scratch-Wax-remove-sun-stripes-fast-repair-protective-paint-1536x1150.webp 1536w, https:\/\/sopami.tech\/wp-content\/uploads\/2024\/12\/Sopami-Car-Scratch-Wax-remove-sun-stripes-fast-repair-protective-paint-990x741.webp 990w, https:\/\/sopami.tech\/wp-content\/uploads\/2024\/12\/Sopami-Car-Scratch-Wax-remove-sun-stripes-fast-repair-protective-paint-441x330.webp 441w, https:\/\/sopami.tech\/wp-content\/uploads\/2024\/12\/Sopami-Car-Scratch-Wax-remove-sun-stripes-fast-repair-protective-paint-800x599.webp 800w, https:\/\/sopami.tech\/wp-content\/uploads\/2024\/12\/Sopami-Car-Scratch-Wax-remove-sun-stripes-fast-repair-protective-paint-150x112.webp 150w\" sizes=\"(max-width: 1576px) 100vw, 1576px\" \/> <img loading=\"lazy\" decoding=\"async\" class=\"alignnone size-full wp-image-7425\" title=\"Quels types de rayures peuvent \u00eatre r\u00e9par\u00e9s avec la cire Sopami Car Scratch Wax ?\" src=\"https:\/\/sopami.tech\/wp-content\/uploads\/2024\/12\/what-kind-of-scratches-can-Sopami-Car-Scratch-Wax-be-repaired.webp\" alt=\"Quels types de rayures peuvent \u00eatre r\u00e9par\u00e9s avec la cire Sopami Car Scratch Wax ?\" width=\"1572\" height=\"1416\" srcset=\"https:\/\/sopami.tech\/wp-content\/uploads\/2024\/12\/what-kind-of-scratches-can-Sopami-Car-Scratch-Wax-be-repaired.webp 1572w, https:\/\/sopami.tech\/wp-content\/uploads\/2024\/12\/what-kind-of-scratches-can-Sopami-Car-Scratch-Wax-be-repaired-300x270.webp 300w, https:\/\/sopami.tech\/wp-content\/uploads\/2024\/12\/what-kind-of-scratches-can-Sopami-Car-Scratch-Wax-be-repaired-1024x922.webp 1024w, https:\/\/sopami.tech\/wp-content\/uploads\/2024\/12\/what-kind-of-scratches-can-Sopami-Car-Scratch-Wax-be-repaired-768x692.webp 768w, https:\/\/sopami.tech\/wp-content\/uploads\/2024\/12\/what-kind-of-scratches-can-Sopami-Car-Scratch-Wax-be-repaired-1536x1384.webp 1536w, https:\/\/sopami.tech\/wp-content\/uploads\/2024\/12\/what-kind-of-scratches-can-Sopami-Car-Scratch-Wax-be-repaired-990x892.webp 990w, https:\/\/sopami.tech\/wp-content\/uploads\/2024\/12\/what-kind-of-scratches-can-Sopami-Car-Scratch-Wax-be-repaired-441x397.webp 441w, https:\/\/sopami.tech\/wp-content\/uploads\/2024\/12\/what-kind-of-scratches-can-Sopami-Car-Scratch-Wax-be-repaired-800x721.webp 800w, https:\/\/sopami.tech\/wp-content\/uploads\/2024\/12\/what-kind-of-scratches-can-Sopami-Car-Scratch-Wax-be-repaired-150x135.webp 150w\" sizes=\"(max-width: 1572px) 100vw, 1572px\" \/><\/p>\n<h2>Sopami Car Scratch Wax Sp\u00e9cification<\/h2>\n<ul>\n<li><strong>Nom du produit<\/strong>: Sopami Car Scratch Wax<\/li>\n<li><strong>Capacit\u00e9 du produit<\/strong>: 150ml<\/li>\n<li><strong>Convient pour<\/strong>: Rayures fines et peu profondes sur toutes les couleurs de peinture automobile<\/li>\n<li><strong>Caract\u00e9ristiques du produit<\/strong>: R\u00e9paration rapide, pas de d\u00e9coloration, pas de rebond, sans danger pour la peinture d'origine, possibilit\u00e9 de polissage.<\/li>\n<li><strong>Technologie<\/strong>: Technologie de r\u00e9paration par meulage pour une \u00e9limination efficace des rayures<\/li>\n<li><strong>Utilisation<\/strong>: Id\u00e9al pour les petites rayures de peinture, l'oxydation, les rayures de soleil et la d\u00e9coloration.<\/li>\n<li><strong>Emballage<\/strong>: Flacon de 150 ml<\/li>\n<\/ul>\n<h2><strong>Sopami Car Scratch Wax Caract\u00e9ristiques<\/strong><\/h2>\n<ul>\n<li><strong>R\u00e9paration rapide et facile des rayures<\/strong>: Sopami Car Scratch Wax offre une solution rapide et efficace pour traiter les rayures mineures et les imperfections de la peinture. Qu'il s'agisse d'une fine rayure due \u00e0 un incident sur un parking ou d'une rayure peu profonde caus\u00e9e par un contact accidentel, ce produit permet de faire des retouches rapides avec un minimum d'effort.<\/li>\n<li><strong>Pas de d\u00e9coloration, pas d'affadissement<\/strong>: L'un des principaux probl\u00e8mes pos\u00e9s par les produits de r\u00e9paration des rayures de voiture est le risque de d\u00e9coloration ou d'alt\u00e9ration de la couleur au fil du temps. Sopami Car Scratch Wax \u00e9limine ce probl\u00e8me gr\u00e2ce \u00e0 une formulation qui garantit que la peinture de votre v\u00e9hicule reste de couleur constante apr\u00e8s utilisation. Le produit se fond parfaitement avec la peinture d'origine de votre voiture, ce qui permet d'\u00e9viter toute diff\u00e9rence de teinte perceptible.<\/li>\n<li><strong>Doux et sans danger pour la peinture originale<\/strong>: La cire utilise un composant abrasif doux, ce qui signifie qu'elle agit d\u00e9licatement sur la peinture de votre voiture sans l'endommager. Elle est parfaite pour traiter les rayures l\u00e9g\u00e8res \u00e0 mod\u00e9r\u00e9es, mais n'est pas con\u00e7ue pour les rayures profondes ou graves qui laissent appara\u00eetre l'appr\u00eat. Dans ce cas, il est recommand\u00e9 de faire appel \u00e0 un professionnel.<\/li>\n<li><strong>Protection permanente et effet durable<\/strong>: Une fois appliqu\u00e9e, la cire anti-rayures Sopami Car Scratch Wax offre une protection durable contre les nouvelles rayures. Elle cr\u00e9e une surface lisse et polie qui r\u00e9siste \u00e0 l'usure et aux dommages caus\u00e9s par les activit\u00e9s quotidiennes telles que le lavage, le cirage et la conduite dans des conditions m\u00e9t\u00e9orologiques difficiles.<\/li>\n<li><strong>Fonctionne sur toutes les couleurs de peinture<\/strong>: Cette cire anti-rayures convient \u00e0 toutes les couleurs de peinture, ce qui en fait une solution id\u00e9ale pour diff\u00e9rents types de v\u00e9hicules. Peu importe que vous ayez une voiture noire, blanche, argent\u00e9e ou rouge : le produit se fond parfaitement dans la peinture de n'importe quelle voiture, ce qui en fait un outil polyvalent pour tous les propri\u00e9taires de voitures.<\/li>\n<li><strong>Polissage et restauration de la brillance<\/strong>: Sopami Car Scratch Wax ne se contente pas de r\u00e9parer les rayures, il polit et restaure la brillance de la peinture de votre voiture. Elle lisse efficacement la zone affect\u00e9e et lui redonne une finition brillante et lisse.<\/li>\n<li><strong>Pr\u00e9venir d'autres dommages<\/strong>: Si elles ne sont pas trait\u00e9es, les petites rayures peuvent entra\u00eener des probl\u00e8mes plus graves comme l'oxydation, la rouille et l'\u00e9caillage. Sopami Car Scratch Wax aide \u00e0 pr\u00e9venir ces probl\u00e8mes en remplissant les rayures et en fournissant une couche protectrice qui prot\u00e8ge la zone affect\u00e9e des \u00e9l\u00e9ments.<\/li>\n<li><strong>Abordable et pratique<\/strong>: Plut\u00f4t que de d\u00e9penser une somme importante pour des r\u00e9parations professionnelles, Sopami Car Scratch Wax offre une solution rentable pour les dommages mineurs. Vous pouvez obtenir des r\u00e9sultats de niveau professionnel \u00e0 la maison, en \u00e9conomisant du temps et de l'argent.<\/li>\n<\/ul>\n<h2>Liste d'emballage de la cire \u00e0 gratter pour voiture de Sopami<\/h2>\n<ul>\n<li>1 \u00d7 <strong>Sopami Car Scratch Wax (150ml)<\/strong><\/li>\n<li>1 \u00d7 <strong>Applicateur \u00e9ponge<\/strong><\/li>\n<\/ul>\n<h2>Comment utiliser la cire anti-rayures Sopami Car Scratch Wax ?<\/h2>\n<ol>\n<li><strong>Pr\u00e9paration de la surface<\/strong>: Veiller \u00e0 ce que la zone \u00e0 traiter soit propre et exempte de poussi\u00e8re, de salet\u00e9 ou de sable. Essuyer d\u00e9licatement la zone ray\u00e9e avant l'application.<\/li>\n<li><strong>Agiter le produit<\/strong>: Bien agiter le flacon pour s'assurer que la cire est bien m\u00e9lang\u00e9e.<\/li>\n<li><strong>Appliquer la cire<\/strong>: Versez une petite quantit\u00e9 de Sopami Car Scratch Wax sur l'applicateur \u00e9ponge fourni.<\/li>\n<li><strong>Appliquer uniform\u00e9ment<\/strong>: Appliquez le produit sur la zone \u00e9rafl\u00e9e en effectuant des mouvements circulaires r\u00e9guliers. Veillez \u00e0 ce que la cire recouvre enti\u00e8rement la rayure.<\/li>\n<li><strong>Polonais<\/strong>: Apr\u00e8s avoir appliqu\u00e9 le produit, polir doucement la zone avec une serviette propre et douce ou un chiffon en microfibres jusqu'\u00e0 ce que la rayure ne soit plus visible.<\/li>\n<li><strong>R\u00e9p\u00e9ter si n\u00e9cessaire<\/strong>: Pour les rayures plus profondes ou les taches tenaces, vous pouvez r\u00e9appliquer le produit et r\u00e9p\u00e9ter le processus jusqu'\u00e0 ce que la rayure disparaisse.<\/li>\n<li><strong>Touche finale<\/strong>: Polir la zone avec un chiffon propre pour obtenir une finition lisse et brillante.<\/li>\n<\/ol>\n<p><strong>Note<\/strong>: Ce produit est con\u00e7u pour les rayures fines et peu profondes. Pour les rayures profondes laissant appara\u00eetre l'appr\u00eat, il est pr\u00e9f\u00e9rable de faire appel \u00e0 un professionnel pour la r\u00e9paration.<\/p>","protected":false},"excerpt":{"rendered":"<p>R\u00e9parez rapidement les fines rayures avec Sopami Car Scratch Wax. Pas de d\u00e9coloration, sans danger pour toutes les couleurs, et redonne de l'\u00e9clat \u00e0 votre voiture. Id\u00e9al pour les petites retouches de peinture<\/p>","protected":false},"featured_media":7428,"comment_status":"open","ping_status":"closed","template":"","meta":[],"product_brand":[],"product_cat":[15],"product_tag":[],"class_list":{"0":"post-7418","1":"product","2":"type-product","3":"status-publish","4":"has-post-thumbnail","6":"product_cat-sopami-spray","8":"first","9":"instock","10":"shipping-taxable","11":"purchasable","12":"product-type-simple"},"jetpack_sharing_enabled":true,"_links":{"self":[{"href":"https:\/\/sopami.tech\/fr\/wp-json\/wp\/v2\/product\/7418","targetHints":{"allow":["GET"]}}],"collection":[{"href":"https:\/\/sopami.tech\/fr\/wp-json\/wp\/v2\/product"}],"about":[{"href":"https:\/\/sopami.tech\/fr\/wp-json\/wp\/v2\/types\/product"}],"replies":[{"embeddable":true,"href":"https:\/\/sopami.tech\/fr\/wp-json\/wp\/v2\/comments?post=7418"}],"wp:featuredmedia":[{"embeddable":true,"href":"https:\/\/sopami.tech\/fr\/wp-json\/wp\/v2\/media\/7428"}],"wp:attachment":[{"href":"https:\/\/sopami.tech\/fr\/wp-json\/wp\/v2\/media?parent=7418"}],"wp:term":[{"taxonomy":"product_brand","embeddable":true,"href":"https:\/\/sopami.tech\/fr\/wp-json\/wp\/v2\/product_brand?post=7418"},{"taxonomy":"product_cat","embeddable":true,"href":"https:\/\/sopami.tech\/fr\/wp-json\/wp\/v2\/product_cat?post=7418"},{"taxonomy":"product_tag","embeddable":true,"href":"https:\/\/sopami.tech\/fr\/wp-json\/wp\/v2\/product_tag?post=7418"}],"curies":[{"name":"wp","href":"https:\/\/api.w.org\/{rel}","templated":true}]}}