{"id":7382,"date":"2024-12-24T21:53:28","date_gmt":"2024-12-24T13:53:28","guid":{"rendered":"https:\/\/sopami.tech\/?post_type=product&#038;p=7382"},"modified":"2025-02-19T18:28:24","modified_gmt":"2025-02-19T10:28:24","slug":"sopami-car-coating-spray-3-in-1-ceramic-car-paint-spray","status":"publish","type":"product","link":"https:\/\/sopami.tech\/fr\/p\/sopami-car-coating-spray-3-in-1-ceramic-car-paint-spray\/","title":{"rendered":"Sopami Car Coating Spray | 3-in-1 Ceramic Car Paint Spray"},"content":{"rendered":"<p><img fetchpriority=\"high\" decoding=\"async\" class=\"alignnone size-full wp-image-7397\" title=\"rasoir sopami pour m\u00e9tal chrom\u00e9, pneus, r\u00e9troviseurs, portes lat\u00e9rales, vitres, fen\u00eatres.jpeg\" src=\"https:\/\/sopami.tech\/wp-content\/uploads\/2024\/12\/sopami-shaver-for-metal-plated-chrome-tiresmirrors-side-door-glass-windows.jpeg.webp\" alt=\"rasoir sopami pour m\u00e9tal chrom\u00e9, pneus, r\u00e9troviseurs, portes lat\u00e9rales, vitres, fen\u00eatres.jpeg\" width=\"1000\" height=\"1000\" srcset=\"https:\/\/sopami.tech\/wp-content\/uploads\/2024\/12\/sopami-shaver-for-metal-plated-chrome-tiresmirrors-side-door-glass-windows.jpeg.webp 1000w, https:\/\/sopami.tech\/wp-content\/uploads\/2024\/12\/sopami-shaver-for-metal-plated-chrome-tiresmirrors-side-door-glass-windows.jpeg-300x300.webp 300w, https:\/\/sopami.tech\/wp-content\/uploads\/2024\/12\/sopami-shaver-for-metal-plated-chrome-tiresmirrors-side-door-glass-windows.jpeg-150x150.webp 150w, https:\/\/sopami.tech\/wp-content\/uploads\/2024\/12\/sopami-shaver-for-metal-plated-chrome-tiresmirrors-side-door-glass-windows.jpeg-768x768.webp 768w, https:\/\/sopami.tech\/wp-content\/uploads\/2024\/12\/sopami-shaver-for-metal-plated-chrome-tiresmirrors-side-door-glass-windows.jpeg-990x990.webp 990w, https:\/\/sopami.tech\/wp-content\/uploads\/2024\/12\/sopami-shaver-for-metal-plated-chrome-tiresmirrors-side-door-glass-windows.jpeg-441x441.webp 441w, https:\/\/sopami.tech\/wp-content\/uploads\/2024\/12\/sopami-shaver-for-metal-plated-chrome-tiresmirrors-side-door-glass-windows.jpeg-100x100.webp 100w, https:\/\/sopami.tech\/wp-content\/uploads\/2024\/12\/sopami-shaver-for-metal-plated-chrome-tiresmirrors-side-door-glass-windows.jpeg-800x800.webp 800w\" sizes=\"(max-width: 1000px) 100vw, 1000px\" \/><\/p>\n<p><img decoding=\"async\" class=\"alignnone size-full wp-image-7396\" title=\"sopami quick effect coating agent.jpeg\" src=\"https:\/\/sopami.tech\/wp-content\/uploads\/2024\/12\/sopami-quick-effect-coating-agent.jpeg-1.webp\" alt=\"sopami quick effect coating agent.jpeg\" width=\"1000\" height=\"1000\" srcset=\"https:\/\/sopami.tech\/wp-content\/uploads\/2024\/12\/sopami-quick-effect-coating-agent.jpeg-1.webp 1000w, https:\/\/sopami.tech\/wp-content\/uploads\/2024\/12\/sopami-quick-effect-coating-agent.jpeg-1-300x300.webp 300w, https:\/\/sopami.tech\/wp-content\/uploads\/2024\/12\/sopami-quick-effect-coating-agent.jpeg-1-150x150.webp 150w, https:\/\/sopami.tech\/wp-content\/uploads\/2024\/12\/sopami-quick-effect-coating-agent.jpeg-1-768x768.webp 768w, https:\/\/sopami.tech\/wp-content\/uploads\/2024\/12\/sopami-quick-effect-coating-agent.jpeg-1-990x990.webp 990w, https:\/\/sopami.tech\/wp-content\/uploads\/2024\/12\/sopami-quick-effect-coating-agent.jpeg-1-441x441.webp 441w, https:\/\/sopami.tech\/wp-content\/uploads\/2024\/12\/sopami-quick-effect-coating-agent.jpeg-1-100x100.webp 100w, https:\/\/sopami.tech\/wp-content\/uploads\/2024\/12\/sopami-quick-effect-coating-agent.jpeg-1-800x800.webp 800w\" sizes=\"(max-width: 1000px) 100vw, 1000px\" \/><\/p>\n<p><img decoding=\"async\" class=\"alignnone size-full wp-image-7395\" title=\"sopami oil film emulsion glass cleaner.jpeg\" src=\"https:\/\/sopami.tech\/wp-content\/uploads\/2024\/12\/sopami-oil-film-emulsion-glass-cleaner.jpeg.webp\" alt=\"sopami oil film emulsion glass cleaner.jpeg\" width=\"1000\" height=\"1000\" srcset=\"https:\/\/sopami.tech\/wp-content\/uploads\/2024\/12\/sopami-oil-film-emulsion-glass-cleaner.jpeg.webp 1000w, https:\/\/sopami.tech\/wp-content\/uploads\/2024\/12\/sopami-oil-film-emulsion-glass-cleaner.jpeg-300x300.webp 300w, https:\/\/sopami.tech\/wp-content\/uploads\/2024\/12\/sopami-oil-film-emulsion-glass-cleaner.jpeg-150x150.webp 150w, https:\/\/sopami.tech\/wp-content\/uploads\/2024\/12\/sopami-oil-film-emulsion-glass-cleaner.jpeg-768x768.webp 768w, https:\/\/sopami.tech\/wp-content\/uploads\/2024\/12\/sopami-oil-film-emulsion-glass-cleaner.jpeg-990x990.webp 990w, https:\/\/sopami.tech\/wp-content\/uploads\/2024\/12\/sopami-oil-film-emulsion-glass-cleaner.jpeg-441x441.webp 441w, https:\/\/sopami.tech\/wp-content\/uploads\/2024\/12\/sopami-oil-film-emulsion-glass-cleaner.jpeg-100x100.webp 100w, https:\/\/sopami.tech\/wp-content\/uploads\/2024\/12\/sopami-oil-film-emulsion-glass-cleaner.jpeg-800x800.webp 800w\" sizes=\"(max-width: 1000px) 100vw, 1000px\" \/><\/p>\n<p><img loading=\"lazy\" decoding=\"async\" class=\"alignnone size-full wp-image-7394\" title=\"sopami oil film cleaning emulsion sopami oil film emulsion glass cleaner.jpeg\" src=\"https:\/\/sopami.tech\/wp-content\/uploads\/2024\/12\/sopami-oil-film-cleaning-emulsion-sopami-oil-film-emulsion-glass-cleaner.jpeg.webp\" alt=\"sopami oil film cleaning emulsion sopami oil film emulsion glass cleaner.jpeg\" width=\"1000\" height=\"1000\" srcset=\"https:\/\/sopami.tech\/wp-content\/uploads\/2024\/12\/sopami-oil-film-cleaning-emulsion-sopami-oil-film-emulsion-glass-cleaner.jpeg.webp 1000w, https:\/\/sopami.tech\/wp-content\/uploads\/2024\/12\/sopami-oil-film-cleaning-emulsion-sopami-oil-film-emulsion-glass-cleaner.jpeg-300x300.webp 300w, https:\/\/sopami.tech\/wp-content\/uploads\/2024\/12\/sopami-oil-film-cleaning-emulsion-sopami-oil-film-emulsion-glass-cleaner.jpeg-150x150.webp 150w, https:\/\/sopami.tech\/wp-content\/uploads\/2024\/12\/sopami-oil-film-cleaning-emulsion-sopami-oil-film-emulsion-glass-cleaner.jpeg-768x768.webp 768w, https:\/\/sopami.tech\/wp-content\/uploads\/2024\/12\/sopami-oil-film-cleaning-emulsion-sopami-oil-film-emulsion-glass-cleaner.jpeg-990x990.webp 990w, https:\/\/sopami.tech\/wp-content\/uploads\/2024\/12\/sopami-oil-film-cleaning-emulsion-sopami-oil-film-emulsion-glass-cleaner.jpeg-441x441.webp 441w, https:\/\/sopami.tech\/wp-content\/uploads\/2024\/12\/sopami-oil-film-cleaning-emulsion-sopami-oil-film-emulsion-glass-cleaner.jpeg-100x100.webp 100w, https:\/\/sopami.tech\/wp-content\/uploads\/2024\/12\/sopami-oil-film-cleaning-emulsion-sopami-oil-film-emulsion-glass-cleaner.jpeg-800x800.webp 800w\" sizes=\"(max-width: 1000px) 100vw, 1000px\" \/><\/p>\n<p><img loading=\"lazy\" decoding=\"async\" class=\"alignnone size-full wp-image-7393\" title=\"sopami agent de rev\u00eatement pour chaque voiture.jpeg\" src=\"https:\/\/sopami.tech\/wp-content\/uploads\/2024\/12\/sopami-coating-agent-for-every-car.jpeg.webp\" alt=\"sopami agent de rev\u00eatement pour chaque voiture.jpeg\" width=\"1000\" height=\"1000\" srcset=\"https:\/\/sopami.tech\/wp-content\/uploads\/2024\/12\/sopami-coating-agent-for-every-car.jpeg.webp 1000w, https:\/\/sopami.tech\/wp-content\/uploads\/2024\/12\/sopami-coating-agent-for-every-car.jpeg-300x300.webp 300w, https:\/\/sopami.tech\/wp-content\/uploads\/2024\/12\/sopami-coating-agent-for-every-car.jpeg-150x150.webp 150w, https:\/\/sopami.tech\/wp-content\/uploads\/2024\/12\/sopami-coating-agent-for-every-car.jpeg-768x768.webp 768w, https:\/\/sopami.tech\/wp-content\/uploads\/2024\/12\/sopami-coating-agent-for-every-car.jpeg-990x990.webp 990w, https:\/\/sopami.tech\/wp-content\/uploads\/2024\/12\/sopami-coating-agent-for-every-car.jpeg-441x441.webp 441w, https:\/\/sopami.tech\/wp-content\/uploads\/2024\/12\/sopami-coating-agent-for-every-car.jpeg-100x100.webp 100w, https:\/\/sopami.tech\/wp-content\/uploads\/2024\/12\/sopami-coating-agent-for-every-car.jpeg-800x800.webp 800w\" sizes=\"(max-width: 1000px) 100vw, 1000px\" \/><\/p>\n<p><img loading=\"lazy\" decoding=\"async\" class=\"alignnone size-full wp-image-7392\" title=\"sopami car wax spray.jpeg\" src=\"https:\/\/sopami.tech\/wp-content\/uploads\/2024\/12\/sopami-car-wax-spray.jpeg.webp\" alt=\"sopami car wax spray.jpeg\" width=\"1000\" height=\"1000\" srcset=\"https:\/\/sopami.tech\/wp-content\/uploads\/2024\/12\/sopami-car-wax-spray.jpeg.webp 1000w, https:\/\/sopami.tech\/wp-content\/uploads\/2024\/12\/sopami-car-wax-spray.jpeg-300x300.webp 300w, https:\/\/sopami.tech\/wp-content\/uploads\/2024\/12\/sopami-car-wax-spray.jpeg-150x150.webp 150w, https:\/\/sopami.tech\/wp-content\/uploads\/2024\/12\/sopami-car-wax-spray.jpeg-768x768.webp 768w, https:\/\/sopami.tech\/wp-content\/uploads\/2024\/12\/sopami-car-wax-spray.jpeg-990x990.webp 990w, https:\/\/sopami.tech\/wp-content\/uploads\/2024\/12\/sopami-car-wax-spray.jpeg-441x441.webp 441w, https:\/\/sopami.tech\/wp-content\/uploads\/2024\/12\/sopami-car-wax-spray.jpeg-100x100.webp 100w, https:\/\/sopami.tech\/wp-content\/uploads\/2024\/12\/sopami-car-wax-spray.jpeg-800x800.webp 800w\" sizes=\"(max-width: 1000px) 100vw, 1000px\" \/><\/p>\n<p><img loading=\"lazy\" decoding=\"async\" class=\"alignnone size-full wp-image-7391\" title=\"sopami car spray reviews and complaints.jpeg\" src=\"https:\/\/sopami.tech\/wp-content\/uploads\/2024\/12\/sopami-car-spray-reviews-and-complaints.jpeg.webp\" alt=\"sopami car spray reviews and complaints.jpeg\" width=\"1000\" height=\"1000\" srcset=\"https:\/\/sopami.tech\/wp-content\/uploads\/2024\/12\/sopami-car-spray-reviews-and-complaints.jpeg.webp 1000w, https:\/\/sopami.tech\/wp-content\/uploads\/2024\/12\/sopami-car-spray-reviews-and-complaints.jpeg-300x300.webp 300w, https:\/\/sopami.tech\/wp-content\/uploads\/2024\/12\/sopami-car-spray-reviews-and-complaints.jpeg-150x150.webp 150w, https:\/\/sopami.tech\/wp-content\/uploads\/2024\/12\/sopami-car-spray-reviews-and-complaints.jpeg-768x768.webp 768w, https:\/\/sopami.tech\/wp-content\/uploads\/2024\/12\/sopami-car-spray-reviews-and-complaints.jpeg-990x990.webp 990w, https:\/\/sopami.tech\/wp-content\/uploads\/2024\/12\/sopami-car-spray-reviews-and-complaints.jpeg-441x441.webp 441w, https:\/\/sopami.tech\/wp-content\/uploads\/2024\/12\/sopami-car-spray-reviews-and-complaints.jpeg-100x100.webp 100w, https:\/\/sopami.tech\/wp-content\/uploads\/2024\/12\/sopami-car-spray-reviews-and-complaints.jpeg-800x800.webp 800w\" sizes=\"(max-width: 1000px) 100vw, 1000px\" \/><\/p>\n<h2>Sopami Car Coating Spray Sp\u00e9cification<\/h2>\n<ul>\n<li><strong>Volume de l'article<\/strong>: 500ml<\/li>\n<li><strong>Hauteur de l'article<\/strong>: 21,03 cm<\/li>\n<li><strong>Largeur de l'article<\/strong>: 6,1 cm<\/li>\n<li><strong>Marque<\/strong>: Sopami<\/li>\n<li><strong>Origine<\/strong>: Chine continentale<\/li>\n<li><strong>Nom du mod\u00e8le<\/strong>: 128705<\/li>\n<li><strong>Type d'article<\/strong>: Film de protection de la peinture<\/li>\n<\/ul>\n<h2>Liste de colis de Sopami Car Coating Spray<\/h2>\n<ul>\n<li>1 \u00d7 Spray de rev\u00eatement rapide pour voitures<\/li>\n<li>1 \u00d7 Serviette<\/li>\n<\/ul>\n<h2>Sopami Car Coating Spray Caract\u00e9ristiques<\/h2>\n<ul>\n<li><strong>Rev\u00eatement protecteur<\/strong>: Le spray de peinture automobile c\u00e9ramique 3 en 1 cr\u00e9e une couche protectrice tr\u00e8s durable, semblable \u00e0 un diamant, sur la surface de votre voiture. Ce bouclier prot\u00e8ge contre une vari\u00e9t\u00e9 de contaminants environnementaux, y compris la salet\u00e9, la graisse, les fientes d'oiseaux et les taches d'eau, garantissant que la peinture de votre voiture reste impeccable pendant des mois sans avoir \u00e0 la r\u00e9appliquer fr\u00e9quemment.<\/li>\n<li><strong>Nettoyage sans effort<\/strong>: Ce spray \u00e9limine sans effort la salet\u00e9 tenace, la boue, les insectes, la poussi\u00e8re et la graisse de la surface de votre voiture, ce qui rend le nettoyage r\u00e9gulier beaucoup plus rapide et facile. Il aide \u00e9galement \u00e0 \u00e9liminer d'autres contaminants courants, y compris les films d'huile, laissant votre voiture impeccable apr\u00e8s chaque utilisation.<\/li>\n<li><strong>Brillance longue dur\u00e9e<\/strong>: The nanotechnology formula ensures that the protective coating is highly effective and long-lasting. The coating provides a glossy, showroom-quality shine that won\u2019t fade with time. The long-term effect makes it ideal for keeping your car looking brand new with minimal maintenance.<\/li>\n<li><strong>Pr\u00e9vient les dommages \u00e0 la peinture<\/strong>: Beyond just adding a shine, the ceramic coating prevents damage caused by harsh UV rays, oxidation, acid rain, and other elements that can dull your car\u2019s paintwork over time. It also protects from light scratches and swirl marks, preserving the vehicle&#8217;s aesthetic appeal.<\/li>\n<li><strong>Application facile<\/strong>: L'un des principaux avantages de ce produit est sa simplicit\u00e9 d'application. Il suffit de le vaporiser directement sur la surface de la voiture pour qu'il \u00e9limine instantan\u00e9ment la salet\u00e9, la graisse et les autres contaminants. Le spray aide \u00e9galement \u00e0 maintenir la voiture propre plus longtemps en cr\u00e9ant une couche antiadh\u00e9sive qui repousse la salet\u00e9 et l'eau.<\/li>\n<li><strong>Protection polyvalente<\/strong>: Ce spray polyvalent n'est pas seulement destin\u00e9 aux voitures, il est efficace sur une grande vari\u00e9t\u00e9 de surfaces, ce qui en fait un outil essentiel pour les bateaux, les motos, les v\u00e9hicules r\u00e9cr\u00e9atifs, les quads, les vitres, les pi\u00e8ces en plastique et bien plus encore. Il fonctionne \u00e9galement sur toutes les surfaces peintes, en plastique et en verre, offrant une solution universelle pour divers v\u00e9hicules et \u00e9quipements.<\/li>\n<li><strong>Effet imperm\u00e9abilisant et hydrophobe<\/strong>: Ce spray ajoute \u00e9galement une couche r\u00e9sistante \u00e0 l'eau, repoussant efficacement l'eau et emp\u00eachant la formation de taches d'eau sur votre voiture. Les propri\u00e9t\u00e9s hydrophobes garantissent que l'eau de pluie ou les lavages de voiture s\u00e8chent sans laisser de taches, ce qui facilite l'entretien de votre voiture dans des conditions humides.<\/li>\n<li><strong>Une solution pour gagner du temps<\/strong>: Plus besoin d'une longue \u00e9pilation \u00e0 la cire. Le spray \u00e0 action rapide offre des r\u00e9sultats instantan\u00e9s, ce qui vous permet de gagner du temps tout en obtenant les m\u00eames effets durables qu'avec un cirage traditionnel. Parfait pour les propri\u00e9taires de voitures tr\u00e8s occup\u00e9s qui souhaitent obtenir des r\u00e9sultats de qualit\u00e9 sup\u00e9rieure sans se compliquer la vie.<\/li>\n<li><strong>R\u00e9paration des rayures<\/strong>: Ce produit poss\u00e8de \u00e9galement de l\u00e9g\u00e8res capacit\u00e9s de r\u00e9paration des rayures. Il comble les petites rayures et imperfections de la surface de votre voiture, contribuant \u00e0 restaurer une finition lisse et impeccable.<\/li>\n<li><strong>Formule \u00e9cologique<\/strong>: Le Spray C\u00e9ramique 3 en 1 pour peinture automobile a \u00e9t\u00e9 con\u00e7u dans le respect de l'environnement, ce qui en fait une alternative plus s\u00fbre aux nettoyants chimiques et aux cires plus agressifs. Il est efficace sans compromettre l'environnement.<\/li>\n<\/ul>\n<h2>Comment utiliser le Sopami Car Coating Spray ?<\/h2>\n<ol>\n<li><strong>Nettoyer la surface<\/strong>: Lavez votre voiture pour \u00e9liminer la salet\u00e9 et les d\u00e9bris avant d'appliquer le spray.<\/li>\n<li><strong>Secouez la bouteille<\/strong>: Bien agiter le flacon pulv\u00e9risateur pour m\u00e9langer la formule.<\/li>\n<li><strong>Vaporiser sur la surface<\/strong>: Vaporiser uniform\u00e9ment le rev\u00eatement c\u00e9ramique 3 en 1 sur la peinture de la voiture.<\/li>\n<li><strong>Essuyer et polir<\/strong>: Utilisez une serviette propre pour essuyer la zone pulv\u00e9ris\u00e9e et la polir jusqu'\u00e0 ce qu'elle soit brillante.<\/li>\n<li><strong>R\u00e9p\u00e9ter au besoin<\/strong>: Continuer \u00e0 pulv\u00e9riser et \u00e0 lustrer les sections de la voiture jusqu'\u00e0 ce qu'elles soient enti\u00e8rement recouvertes.<\/li>\n<li><strong>Laissez-le s'installer<\/strong>: Laisser s\u00e9cher le rev\u00eatement pendant quelques minutes pour obtenir les meilleurs r\u00e9sultats.<\/li>\n<\/ol>","protected":false},"excerpt":{"rendered":"<p>Prot\u00e9gez, nettoyez et faites briller votre voiture avec le spray de peinture c\u00e9ramique pour voiture 3 en 1 de Sopami. Longue dur\u00e9e, r\u00e9sistant \u00e0 l'eau et facile \u00e0 appliquer pour une finition impeccable.<\/p>","protected":false},"featured_media":7387,"comment_status":"open","ping_status":"closed","template":"","meta":[],"product_brand":[],"product_cat":[15],"product_tag":[],"class_list":{"0":"post-7382","1":"product","2":"type-product","3":"status-publish","4":"has-post-thumbnail","6":"product_cat-sopami-spray","8":"first","9":"instock","10":"shipping-taxable","11":"purchasable","12":"product-type-simple"},"jetpack_sharing_enabled":true,"_links":{"self":[{"href":"https:\/\/sopami.tech\/fr\/wp-json\/wp\/v2\/product\/7382","targetHints":{"allow":["GET"]}}],"collection":[{"href":"https:\/\/sopami.tech\/fr\/wp-json\/wp\/v2\/product"}],"about":[{"href":"https:\/\/sopami.tech\/fr\/wp-json\/wp\/v2\/types\/product"}],"replies":[{"embeddable":true,"href":"https:\/\/sopami.tech\/fr\/wp-json\/wp\/v2\/comments?post=7382"}],"wp:featuredmedia":[{"embeddable":true,"href":"https:\/\/sopami.tech\/fr\/wp-json\/wp\/v2\/media\/7387"}],"wp:attachment":[{"href":"https:\/\/sopami.tech\/fr\/wp-json\/wp\/v2\/media?parent=7382"}],"wp:term":[{"taxonomy":"product_brand","embeddable":true,"href":"https:\/\/sopami.tech\/fr\/wp-json\/wp\/v2\/product_brand?post=7382"},{"taxonomy":"product_cat","embeddable":true,"href":"https:\/\/sopami.tech\/fr\/wp-json\/wp\/v2\/product_cat?post=7382"},{"taxonomy":"product_tag","embeddable":true,"href":"https:\/\/sopami.tech\/fr\/wp-json\/wp\/v2\/product_tag?post=7382"}],"curies":[{"name":"wp","href":"https:\/\/api.w.org\/{rel}","templated":true}]}}