{"id":7418,"date":"2024-12-24T21:53:14","date_gmt":"2024-12-24T13:53:14","guid":{"rendered":"https:\/\/sopami.tech\/?post_type=product&#038;p=7418"},"modified":"2024-12-24T21:53:15","modified_gmt":"2024-12-24T13:53:15","slug":"sopami-car-scratch-wax","status":"publish","type":"product","link":"https:\/\/sopami.tech\/de\/p\/sopami-car-scratch-wax\/","title":{"rendered":"Sopami Auto Kratzer Wachs"},"content":{"rendered":"<p><img fetchpriority=\"high\" decoding=\"async\" class=\"alignnone size-full wp-image-7419\" title=\"einfache Reparatur schnelle Retuschierung von Sopami Car Scratch Wax\" src=\"https:\/\/sopami.tech\/wp-content\/uploads\/2024\/12\/easy-repair-quick-retouching-of-Sopami-Car-Scratch-Wax.webp\" alt=\"einfache Reparatur schnelle Retuschierung von Sopami Car Scratch Wax\" width=\"1566\" height=\"2098\" srcset=\"https:\/\/sopami.tech\/wp-content\/uploads\/2024\/12\/easy-repair-quick-retouching-of-Sopami-Car-Scratch-Wax.webp 1566w, https:\/\/sopami.tech\/wp-content\/uploads\/2024\/12\/easy-repair-quick-retouching-of-Sopami-Car-Scratch-Wax-224x300.webp 224w, https:\/\/sopami.tech\/wp-content\/uploads\/2024\/12\/easy-repair-quick-retouching-of-Sopami-Car-Scratch-Wax-764x1024.webp 764w, https:\/\/sopami.tech\/wp-content\/uploads\/2024\/12\/easy-repair-quick-retouching-of-Sopami-Car-Scratch-Wax-768x1029.webp 768w, https:\/\/sopami.tech\/wp-content\/uploads\/2024\/12\/easy-repair-quick-retouching-of-Sopami-Car-Scratch-Wax-1147x1536.webp 1147w, https:\/\/sopami.tech\/wp-content\/uploads\/2024\/12\/easy-repair-quick-retouching-of-Sopami-Car-Scratch-Wax-1529x2048.webp 1529w, https:\/\/sopami.tech\/wp-content\/uploads\/2024\/12\/easy-repair-quick-retouching-of-Sopami-Car-Scratch-Wax-990x1326.webp 990w, https:\/\/sopami.tech\/wp-content\/uploads\/2024\/12\/easy-repair-quick-retouching-of-Sopami-Car-Scratch-Wax-441x591.webp 441w, https:\/\/sopami.tech\/wp-content\/uploads\/2024\/12\/easy-repair-quick-retouching-of-Sopami-Car-Scratch-Wax-300x402.webp 300w, https:\/\/sopami.tech\/wp-content\/uploads\/2024\/12\/easy-repair-quick-retouching-of-Sopami-Car-Scratch-Wax-800x1072.webp 800w, https:\/\/sopami.tech\/wp-content\/uploads\/2024\/12\/easy-repair-quick-retouching-of-Sopami-Car-Scratch-Wax-150x201.webp 150w\" sizes=\"(max-width: 1566px) 100vw, 1566px\" \/> <img decoding=\"async\" class=\"alignnone size-full wp-image-7420\" title=\"schnelle Aufarbeitung ohne Besch\u00e4digung des Originallacks mit Sopami Car Scratch Wax\" src=\"https:\/\/sopami.tech\/wp-content\/uploads\/2024\/12\/quick-refurbishment-without-damage-the-original-paint-using-Sopami-Car-Scratch-Wax.webp\" alt=\"schnelle Aufarbeitung ohne Besch\u00e4digung des Originallacks mit Sopami Car Scratch Wax\" width=\"1578\" height=\"894\" srcset=\"https:\/\/sopami.tech\/wp-content\/uploads\/2024\/12\/quick-refurbishment-without-damage-the-original-paint-using-Sopami-Car-Scratch-Wax.webp 1578w, https:\/\/sopami.tech\/wp-content\/uploads\/2024\/12\/quick-refurbishment-without-damage-the-original-paint-using-Sopami-Car-Scratch-Wax-300x170.webp 300w, https:\/\/sopami.tech\/wp-content\/uploads\/2024\/12\/quick-refurbishment-without-damage-the-original-paint-using-Sopami-Car-Scratch-Wax-1024x580.webp 1024w, https:\/\/sopami.tech\/wp-content\/uploads\/2024\/12\/quick-refurbishment-without-damage-the-original-paint-using-Sopami-Car-Scratch-Wax-768x435.webp 768w, https:\/\/sopami.tech\/wp-content\/uploads\/2024\/12\/quick-refurbishment-without-damage-the-original-paint-using-Sopami-Car-Scratch-Wax-1536x870.webp 1536w, https:\/\/sopami.tech\/wp-content\/uploads\/2024\/12\/quick-refurbishment-without-damage-the-original-paint-using-Sopami-Car-Scratch-Wax-990x561.webp 990w, https:\/\/sopami.tech\/wp-content\/uploads\/2024\/12\/quick-refurbishment-without-damage-the-original-paint-using-Sopami-Car-Scratch-Wax-441x250.webp 441w, https:\/\/sopami.tech\/wp-content\/uploads\/2024\/12\/quick-refurbishment-without-damage-the-original-paint-using-Sopami-Car-Scratch-Wax-800x453.webp 800w, https:\/\/sopami.tech\/wp-content\/uploads\/2024\/12\/quick-refurbishment-without-damage-the-original-paint-using-Sopami-Car-Scratch-Wax-150x85.webp 150w\" sizes=\"(max-width: 1578px) 100vw, 1578px\" \/> <img decoding=\"async\" class=\"alignnone size-full wp-image-7421\" title=\"kleine Kratzer gro\u00dfe Probleme, mit Sopami Car Scratch Wax zu l\u00f6sen\" src=\"https:\/\/sopami.tech\/wp-content\/uploads\/2024\/12\/small-scratches-big-problems-using-Sopami-Car-Scratch-Wax-to-solve.webp\" alt=\"kleine Kratzer gro\u00dfe Probleme, mit Sopami Car Scratch Wax zu l\u00f6sen\" width=\"1576\" height=\"1584\" srcset=\"https:\/\/sopami.tech\/wp-content\/uploads\/2024\/12\/small-scratches-big-problems-using-Sopami-Car-Scratch-Wax-to-solve.webp 1576w, https:\/\/sopami.tech\/wp-content\/uploads\/2024\/12\/small-scratches-big-problems-using-Sopami-Car-Scratch-Wax-to-solve-298x300.webp 298w, https:\/\/sopami.tech\/wp-content\/uploads\/2024\/12\/small-scratches-big-problems-using-Sopami-Car-Scratch-Wax-to-solve-1019x1024.webp 1019w, https:\/\/sopami.tech\/wp-content\/uploads\/2024\/12\/small-scratches-big-problems-using-Sopami-Car-Scratch-Wax-to-solve-150x151.webp 150w, https:\/\/sopami.tech\/wp-content\/uploads\/2024\/12\/small-scratches-big-problems-using-Sopami-Car-Scratch-Wax-to-solve-768x772.webp 768w, https:\/\/sopami.tech\/wp-content\/uploads\/2024\/12\/small-scratches-big-problems-using-Sopami-Car-Scratch-Wax-to-solve-1528x1536.webp 1528w, https:\/\/sopami.tech\/wp-content\/uploads\/2024\/12\/small-scratches-big-problems-using-Sopami-Car-Scratch-Wax-to-solve-990x995.webp 990w, https:\/\/sopami.tech\/wp-content\/uploads\/2024\/12\/small-scratches-big-problems-using-Sopami-Car-Scratch-Wax-to-solve-441x443.webp 441w, https:\/\/sopami.tech\/wp-content\/uploads\/2024\/12\/small-scratches-big-problems-using-Sopami-Car-Scratch-Wax-to-solve-100x100.webp 100w, https:\/\/sopami.tech\/wp-content\/uploads\/2024\/12\/small-scratches-big-problems-using-Sopami-Car-Scratch-Wax-to-solve-300x302.webp 300w, https:\/\/sopami.tech\/wp-content\/uploads\/2024\/12\/small-scratches-big-problems-using-Sopami-Car-Scratch-Wax-to-solve-800x804.webp 800w\" sizes=\"(max-width: 1576px) 100vw, 1576px\" \/> <img loading=\"lazy\" decoding=\"async\" class=\"alignnone size-full wp-image-7422\" title=\"Sopami Auto Kratzer Wachs Bilder reivew\" src=\"https:\/\/sopami.tech\/wp-content\/uploads\/2024\/12\/Sopami-Car-Scratch-Wax-pictures-reivew.webp\" alt=\"Sopami Auto Kratzer Wachs Bilder reivew\" width=\"1566\" height=\"1748\" srcset=\"https:\/\/sopami.tech\/wp-content\/uploads\/2024\/12\/Sopami-Car-Scratch-Wax-pictures-reivew.webp 1566w, https:\/\/sopami.tech\/wp-content\/uploads\/2024\/12\/Sopami-Car-Scratch-Wax-pictures-reivew-269x300.webp 269w, https:\/\/sopami.tech\/wp-content\/uploads\/2024\/12\/Sopami-Car-Scratch-Wax-pictures-reivew-917x1024.webp 917w, https:\/\/sopami.tech\/wp-content\/uploads\/2024\/12\/Sopami-Car-Scratch-Wax-pictures-reivew-768x857.webp 768w, https:\/\/sopami.tech\/wp-content\/uploads\/2024\/12\/Sopami-Car-Scratch-Wax-pictures-reivew-1376x1536.webp 1376w, https:\/\/sopami.tech\/wp-content\/uploads\/2024\/12\/Sopami-Car-Scratch-Wax-pictures-reivew-990x1105.webp 990w, https:\/\/sopami.tech\/wp-content\/uploads\/2024\/12\/Sopami-Car-Scratch-Wax-pictures-reivew-441x492.webp 441w, https:\/\/sopami.tech\/wp-content\/uploads\/2024\/12\/Sopami-Car-Scratch-Wax-pictures-reivew-300x335.webp 300w, https:\/\/sopami.tech\/wp-content\/uploads\/2024\/12\/Sopami-Car-Scratch-Wax-pictures-reivew-800x893.webp 800w, https:\/\/sopami.tech\/wp-content\/uploads\/2024\/12\/Sopami-Car-Scratch-Wax-pictures-reivew-150x167.webp 150w\" sizes=\"(max-width: 1566px) 100vw, 1566px\" \/> <img loading=\"lazy\" decoding=\"async\" class=\"alignnone size-full wp-image-7423\" title=\"Sopami Car Scratch Wax schnelle Reparatur, kein Verblassen, kein R\u00fcckprall\" src=\"https:\/\/sopami.tech\/wp-content\/uploads\/2024\/12\/Sopami-Car-Scratch-Wax-quick-repair-no-fading-no-rebound.webp\" alt=\"Sopami Car Scratch Wax schnelle Reparatur, kein Verblassen, kein R\u00fcckprall\" width=\"1574\" height=\"1976\" srcset=\"https:\/\/sopami.tech\/wp-content\/uploads\/2024\/12\/Sopami-Car-Scratch-Wax-quick-repair-no-fading-no-rebound.webp 1574w, https:\/\/sopami.tech\/wp-content\/uploads\/2024\/12\/Sopami-Car-Scratch-Wax-quick-repair-no-fading-no-rebound-239x300.webp 239w, https:\/\/sopami.tech\/wp-content\/uploads\/2024\/12\/Sopami-Car-Scratch-Wax-quick-repair-no-fading-no-rebound-816x1024.webp 816w, https:\/\/sopami.tech\/wp-content\/uploads\/2024\/12\/Sopami-Car-Scratch-Wax-quick-repair-no-fading-no-rebound-768x964.webp 768w, https:\/\/sopami.tech\/wp-content\/uploads\/2024\/12\/Sopami-Car-Scratch-Wax-quick-repair-no-fading-no-rebound-1224x1536.webp 1224w, https:\/\/sopami.tech\/wp-content\/uploads\/2024\/12\/Sopami-Car-Scratch-Wax-quick-repair-no-fading-no-rebound-990x1243.webp 990w, https:\/\/sopami.tech\/wp-content\/uploads\/2024\/12\/Sopami-Car-Scratch-Wax-quick-repair-no-fading-no-rebound-441x554.webp 441w, https:\/\/sopami.tech\/wp-content\/uploads\/2024\/12\/Sopami-Car-Scratch-Wax-quick-repair-no-fading-no-rebound-300x377.webp 300w, https:\/\/sopami.tech\/wp-content\/uploads\/2024\/12\/Sopami-Car-Scratch-Wax-quick-repair-no-fading-no-rebound-800x1004.webp 800w, https:\/\/sopami.tech\/wp-content\/uploads\/2024\/12\/Sopami-Car-Scratch-Wax-quick-repair-no-fading-no-rebound-150x188.webp 150w\" sizes=\"(max-width: 1574px) 100vw, 1574px\" \/> <img loading=\"lazy\" decoding=\"async\" class=\"alignnone size-full wp-image-7424\" title=\"Sopami Car Scratch Wax entfernt Sonnenstreifen, schnelle Reparatur, Lackschutz\" src=\"https:\/\/sopami.tech\/wp-content\/uploads\/2024\/12\/Sopami-Car-Scratch-Wax-remove-sun-stripes-fast-repair-protective-paint.webp\" alt=\"Sopami Car Scratch Wax entfernt Sonnenstreifen, schnelle Reparatur, Lackschutz\" width=\"1576\" height=\"1180\" srcset=\"https:\/\/sopami.tech\/wp-content\/uploads\/2024\/12\/Sopami-Car-Scratch-Wax-remove-sun-stripes-fast-repair-protective-paint.webp 1576w, https:\/\/sopami.tech\/wp-content\/uploads\/2024\/12\/Sopami-Car-Scratch-Wax-remove-sun-stripes-fast-repair-protective-paint-300x225.webp 300w, https:\/\/sopami.tech\/wp-content\/uploads\/2024\/12\/Sopami-Car-Scratch-Wax-remove-sun-stripes-fast-repair-protective-paint-1024x767.webp 1024w, https:\/\/sopami.tech\/wp-content\/uploads\/2024\/12\/Sopami-Car-Scratch-Wax-remove-sun-stripes-fast-repair-protective-paint-768x575.webp 768w, https:\/\/sopami.tech\/wp-content\/uploads\/2024\/12\/Sopami-Car-Scratch-Wax-remove-sun-stripes-fast-repair-protective-paint-1536x1150.webp 1536w, https:\/\/sopami.tech\/wp-content\/uploads\/2024\/12\/Sopami-Car-Scratch-Wax-remove-sun-stripes-fast-repair-protective-paint-990x741.webp 990w, https:\/\/sopami.tech\/wp-content\/uploads\/2024\/12\/Sopami-Car-Scratch-Wax-remove-sun-stripes-fast-repair-protective-paint-441x330.webp 441w, https:\/\/sopami.tech\/wp-content\/uploads\/2024\/12\/Sopami-Car-Scratch-Wax-remove-sun-stripes-fast-repair-protective-paint-800x599.webp 800w, https:\/\/sopami.tech\/wp-content\/uploads\/2024\/12\/Sopami-Car-Scratch-Wax-remove-sun-stripes-fast-repair-protective-paint-150x112.webp 150w\" sizes=\"(max-width: 1576px) 100vw, 1576px\" \/> <img loading=\"lazy\" decoding=\"async\" class=\"alignnone size-full wp-image-7425\" title=\"welche Art von Kratzern kann mit Sopami Car Scratch Wax repariert werden\" src=\"https:\/\/sopami.tech\/wp-content\/uploads\/2024\/12\/what-kind-of-scratches-can-Sopami-Car-Scratch-Wax-be-repaired.webp\" alt=\"welche Art von Kratzern kann mit Sopami Car Scratch Wax repariert werden\" width=\"1572\" height=\"1416\" srcset=\"https:\/\/sopami.tech\/wp-content\/uploads\/2024\/12\/what-kind-of-scratches-can-Sopami-Car-Scratch-Wax-be-repaired.webp 1572w, https:\/\/sopami.tech\/wp-content\/uploads\/2024\/12\/what-kind-of-scratches-can-Sopami-Car-Scratch-Wax-be-repaired-300x270.webp 300w, https:\/\/sopami.tech\/wp-content\/uploads\/2024\/12\/what-kind-of-scratches-can-Sopami-Car-Scratch-Wax-be-repaired-1024x922.webp 1024w, https:\/\/sopami.tech\/wp-content\/uploads\/2024\/12\/what-kind-of-scratches-can-Sopami-Car-Scratch-Wax-be-repaired-768x692.webp 768w, https:\/\/sopami.tech\/wp-content\/uploads\/2024\/12\/what-kind-of-scratches-can-Sopami-Car-Scratch-Wax-be-repaired-1536x1384.webp 1536w, https:\/\/sopami.tech\/wp-content\/uploads\/2024\/12\/what-kind-of-scratches-can-Sopami-Car-Scratch-Wax-be-repaired-990x892.webp 990w, https:\/\/sopami.tech\/wp-content\/uploads\/2024\/12\/what-kind-of-scratches-can-Sopami-Car-Scratch-Wax-be-repaired-441x397.webp 441w, https:\/\/sopami.tech\/wp-content\/uploads\/2024\/12\/what-kind-of-scratches-can-Sopami-Car-Scratch-Wax-be-repaired-800x721.webp 800w, https:\/\/sopami.tech\/wp-content\/uploads\/2024\/12\/what-kind-of-scratches-can-Sopami-Car-Scratch-Wax-be-repaired-150x135.webp 150w\" sizes=\"(max-width: 1572px) 100vw, 1572px\" \/><\/p>\n<h2>Sopami Auto Kratzer Wachs Spezifikation<\/h2>\n<ul>\n<li><strong>Produktname<\/strong>: Sopami Auto-Kratzer-Wachs<\/li>\n<li><strong>Produkt Kapazit\u00e4t<\/strong>: 150ml<\/li>\n<li><strong>Geeignet f\u00fcr<\/strong>: Feine und flache Kratzer auf allen Autolackfarben<\/li>\n<li><strong>Produktmerkmale<\/strong>: Schnelle Reparatur, keine Verf\u00e4rbung, kein R\u00fcckprall, sicher f\u00fcr den Originallack, polierf\u00e4hig<\/li>\n<li><strong>Technologie<\/strong>: Schleifende Reparaturtechnik f\u00fcr effektive Kratzerentfernung<\/li>\n<li><strong>Verwenden Sie<\/strong>: Ideal f\u00fcr kleinere Lackkratzer, Oxidation, Sonnenstreifen und Verblassen<\/li>\n<li><strong>Verpackung<\/strong>: 150ml Flasche<\/li>\n<\/ul>\n<h2><strong>Sopami Car Scratch Wax Eigenschaften<\/strong><\/h2>\n<ul>\n<li><strong>Schnelle und einfache Reparatur von Kratzern<\/strong>: Sopami Car Scratch Wax bietet eine schnelle und effiziente L\u00f6sung f\u00fcr die Beseitigung kleiner Kratzer und Lacksch\u00e4den. Egal, ob es sich um einen feinen Kratzer von einem Parkplatzunfall oder um einen flachen Kratzer handelt, der durch eine versehentliche Ber\u00fchrung verursacht wurde, dieses Produkt erm\u00f6glicht eine schnelle Ausbesserung mit minimalem Aufwand.<\/li>\n<li><strong>Keine Verf\u00e4rbung, kein Ausbleichen<\/strong>: Eines der Hauptprobleme bei Produkten zur Reparatur von Autokratzern ist die m\u00f6gliche Verf\u00e4rbung oder das Verblassen im Laufe der Zeit. Sopami Car Scratch Wax beseitigt dieses Problem mit einer Formulierung, die sicherstellt, dass der Lack Ihres Fahrzeugs nach der Anwendung eine gleichm\u00e4\u00dfige Farbe beh\u00e4lt. Das Produkt f\u00fcgt sich nahtlos in den Originallack Ihres Fahrzeugs ein und sorgt daf\u00fcr, dass es keine erkennbaren Unterschiede im Farbton gibt.<\/li>\n<li><strong>Schonend und sicher f\u00fcr die Originalfarbe<\/strong>: Das Wachs verwendet eine weiche Schleifkomponente, d.h. es wirkt sanft auf den Autolack, ohne ihn zu besch\u00e4digen. Es eignet sich perfekt f\u00fcr leichte bis mittelschwere Kratzer, ist aber nicht f\u00fcr tiefe oder schwere Kratzer geeignet, die die Grundierung erkennen lassen. In solchen F\u00e4llen wird eine professionelle Reparatur empfohlen.<\/li>\n<li><strong>Dauerhafter Schutz und langanhaltende Wirkung<\/strong>: Einmal aufgetragen, bietet Sopami Car Scratch Wax lang anhaltenden Schutz vor neuen Kratzern. Es schafft eine glatte, polierte Oberfl\u00e4che, die weiteren Verschlei\u00df und Sch\u00e4den durch t\u00e4gliche Aktivit\u00e4ten wie Waschen, Wachsen und Fahren in rauen Wetterbedingungen widersteht.<\/li>\n<li><strong>Funktioniert auf allen Lackfarben<\/strong>: Dieses Kratzwachs ist f\u00fcr alle Autolackfarben geeignet und somit eine ideale L\u00f6sung f\u00fcr verschiedene Fahrzeugtypen. Es spielt keine Rolle, ob Sie ein schwarzes, wei\u00dfes, silbernes oder rotes Auto haben - das Produkt f\u00fcgt sich perfekt in jeden Autolack ein und ist somit ein vielseitiges Werkzeug f\u00fcr alle Autobesitzer.<\/li>\n<li><strong>Polieren und Wiederherstellung des Glanzes<\/strong>: Sopami Car Scratch Wax repariert nicht nur Kratzer, sondern poliert auch den Lack Ihres Fahrzeugs und stellt seinen Glanz wieder her. Es gl\u00e4ttet die betroffene Stelle effektiv und sorgt f\u00fcr ein gl\u00e4nzendes, glattes Finish.<\/li>\n<li><strong>Weitere Sch\u00e4den verhindern<\/strong>: Wenn sie unbehandelt bleiben, k\u00f6nnen kleinere Kratzer zu ernsteren Problemen wie Oxidation, Rost und Abbl\u00e4ttern f\u00fchren. Sopami Car Scratch Wax hilft, dies zu verhindern, indem es Kratzer auff\u00fcllt und eine Schutzschicht bildet, die den betroffenen Bereich vor den Elementen sch\u00fctzt.<\/li>\n<li><strong>Erschwinglich und bequem<\/strong>: Anstatt eine gro\u00dfe Summe f\u00fcr eine professionelle Reparatur auszugeben, bietet Sopami Car Scratch Wax eine kosteng\u00fcnstige L\u00f6sung f\u00fcr kleinere Sch\u00e4den. Sie k\u00f6nnen zu Hause professionelle Ergebnisse erzielen und dabei sowohl Zeit als auch Geld sparen.<\/li>\n<\/ul>\n<h2>Sopami Auto Kratzer Wachs Paket Liste<\/h2>\n<ul>\n<li>1 \u00d7 <strong>Sopami Auto Kratzer Wachs (150ml)<\/strong><\/li>\n<li>1 \u00d7 <strong>Schwammapplikator<\/strong><\/li>\n<\/ul>\n<h2>Wie verwendet man Sopami Car Scratch Wax<\/h2>\n<ol>\n<li><strong>Bereiten Sie die Oberfl\u00e4che vor<\/strong>: Stellen Sie sicher, dass die zu behandelnde Fl\u00e4che sauber und frei von Staub, Schmutz oder Sand ist. Wischen Sie die zerkratzte Stelle vor dem Auftragen vorsichtig ab.<\/li>\n<li><strong>Sch\u00fctteln Sie das Produkt<\/strong>: Die Flasche gut sch\u00fctteln, um sicherzustellen, dass das Wachs gut vermischt ist.<\/li>\n<li><strong>Das Wachs auftragen<\/strong>: Geben Sie eine kleine Menge des Sopami Car Scratch Wax auf den mitgelieferten Schwammapplikator.<\/li>\n<li><strong>Gleichm\u00e4\u00dfig auftragen<\/strong>: Tragen Sie das Produkt gleichm\u00e4\u00dfig in kreisenden Bewegungen auf die zerkratzte Stelle auf. Achten Sie darauf, dass das Wachs den gesamten Kratzer bedeckt.<\/li>\n<li><strong>Polnisch<\/strong>: Nach dem Auftragen des Produkts die Stelle vorsichtig mit einem sauberen, weichen Handtuch oder Mikrofasertuch polieren, bis der Kratzer nicht mehr sichtbar ist.<\/li>\n<li><strong>Falls erforderlich, wiederholen Sie den Vorgang.<\/strong>: Bei tieferen Kratzern oder hartn\u00e4ckigen Stellen k\u00f6nnen Sie das Produkt erneut auftragen und den Vorgang wiederholen, bis der Kratzer verschwindet.<\/li>\n<li><strong>Letzter Schliff<\/strong>: Polieren Sie die Stelle mit einem sauberen Tuch, um eine glatte, gl\u00e4nzende Oberfl\u00e4che zu erhalten.<\/li>\n<\/ol>\n<p><strong>Hinweis<\/strong>: Dieses Produkt ist f\u00fcr feine und flache Kratzer geeignet. Bei tiefen Kratzern, die die Grundierung zeigen, ist es am besten, einen Fachmann f\u00fcr die Reparatur zu konsultieren.<\/p>","protected":false},"excerpt":{"rendered":"<p>Reparieren Sie schnell feine Kratzer mit Sopami Car Scratch Wax. Keine Verf\u00e4rbung, sicher auf allen Farben, und stellt den Glanz Ihres Autos wieder her. Ideal f\u00fcr kleinere Lackausbesserungen<\/p>","protected":false},"featured_media":7428,"comment_status":"open","ping_status":"closed","template":"","meta":[],"product_brand":[],"product_cat":[15],"product_tag":[],"class_list":{"0":"post-7418","1":"product","2":"type-product","3":"status-publish","4":"has-post-thumbnail","6":"product_cat-sopami-spray","8":"first","9":"instock","10":"shipping-taxable","11":"purchasable","12":"product-type-simple"},"jetpack_sharing_enabled":true,"_links":{"self":[{"href":"https:\/\/sopami.tech\/de\/wp-json\/wp\/v2\/product\/7418","targetHints":{"allow":["GET"]}}],"collection":[{"href":"https:\/\/sopami.tech\/de\/wp-json\/wp\/v2\/product"}],"about":[{"href":"https:\/\/sopami.tech\/de\/wp-json\/wp\/v2\/types\/product"}],"replies":[{"embeddable":true,"href":"https:\/\/sopami.tech\/de\/wp-json\/wp\/v2\/comments?post=7418"}],"wp:featuredmedia":[{"embeddable":true,"href":"https:\/\/sopami.tech\/de\/wp-json\/wp\/v2\/media\/7428"}],"wp:attachment":[{"href":"https:\/\/sopami.tech\/de\/wp-json\/wp\/v2\/media?parent=7418"}],"wp:term":[{"taxonomy":"product_brand","embeddable":true,"href":"https:\/\/sopami.tech\/de\/wp-json\/wp\/v2\/product_brand?post=7418"},{"taxonomy":"product_cat","embeddable":true,"href":"https:\/\/sopami.tech\/de\/wp-json\/wp\/v2\/product_cat?post=7418"},{"taxonomy":"product_tag","embeddable":true,"href":"https:\/\/sopami.tech\/de\/wp-json\/wp\/v2\/product_tag?post=7418"}],"curies":[{"name":"wp","href":"https:\/\/api.w.org\/{rel}","templated":true}]}}