{"id":7404,"date":"2024-12-24T21:53:20","date_gmt":"2024-12-24T13:53:20","guid":{"rendered":"https:\/\/sopami.tech\/?post_type=product&#038;p=7404"},"modified":"2024-12-24T21:53:21","modified_gmt":"2024-12-24T13:53:21","slug":"sopami-oil-film-cleaning-emulsion","status":"publish","type":"product","link":"https:\/\/sopami.tech\/de\/p\/sopami-oil-film-cleaning-emulsion\/","title":{"rendered":"Sopami \u00d6lfilm-Reinigungsemulsion"},"content":{"rendered":"<p><img fetchpriority=\"high\" decoding=\"async\" class=\"alignnone size-full wp-image-7416\" title=\"sopami Fensterreiniger\" src=\"https:\/\/sopami.tech\/wp-content\/uploads\/2024\/12\/sopami-window-cleaner.webp\" alt=\"sopami Fensterreiniger\" width=\"1001\" height=\"1001\" srcset=\"https:\/\/sopami.tech\/wp-content\/uploads\/2024\/12\/sopami-window-cleaner.webp 1001w, https:\/\/sopami.tech\/wp-content\/uploads\/2024\/12\/sopami-window-cleaner-300x300.webp 300w, https:\/\/sopami.tech\/wp-content\/uploads\/2024\/12\/sopami-window-cleaner-150x150.webp 150w, https:\/\/sopami.tech\/wp-content\/uploads\/2024\/12\/sopami-window-cleaner-768x768.webp 768w, https:\/\/sopami.tech\/wp-content\/uploads\/2024\/12\/sopami-window-cleaner-990x990.webp 990w, https:\/\/sopami.tech\/wp-content\/uploads\/2024\/12\/sopami-window-cleaner-441x441.webp 441w, https:\/\/sopami.tech\/wp-content\/uploads\/2024\/12\/sopami-window-cleaner-100x100.webp 100w, https:\/\/sopami.tech\/wp-content\/uploads\/2024\/12\/sopami-window-cleaner-800x800.webp 800w\" sizes=\"(max-width: 1001px) 100vw, 1001px\" \/> <img decoding=\"async\" class=\"alignnone size-full wp-image-7415\" title=\"sopami staubsauger\" src=\"https:\/\/sopami.tech\/wp-content\/uploads\/2024\/12\/sopami-vacuum-cleaner.webp\" alt=\"sopami staubsauger\" width=\"1001\" height=\"1001\" srcset=\"https:\/\/sopami.tech\/wp-content\/uploads\/2024\/12\/sopami-vacuum-cleaner.webp 1001w, https:\/\/sopami.tech\/wp-content\/uploads\/2024\/12\/sopami-vacuum-cleaner-300x300.webp 300w, https:\/\/sopami.tech\/wp-content\/uploads\/2024\/12\/sopami-vacuum-cleaner-150x150.webp 150w, https:\/\/sopami.tech\/wp-content\/uploads\/2024\/12\/sopami-vacuum-cleaner-768x768.webp 768w, https:\/\/sopami.tech\/wp-content\/uploads\/2024\/12\/sopami-vacuum-cleaner-990x990.webp 990w, https:\/\/sopami.tech\/wp-content\/uploads\/2024\/12\/sopami-vacuum-cleaner-441x441.webp 441w, https:\/\/sopami.tech\/wp-content\/uploads\/2024\/12\/sopami-vacuum-cleaner-100x100.webp 100w, https:\/\/sopami.tech\/wp-content\/uploads\/2024\/12\/sopami-vacuum-cleaner-800x800.webp 800w\" sizes=\"(max-width: 1001px) 100vw, 1001px\" \/><br \/>\n<img decoding=\"async\" class=\"alignnone size-full wp-image-7406\" title=\"aliexpress sopami Autowachs-Spray aus Porzellan\" src=\"https:\/\/sopami.tech\/wp-content\/uploads\/2024\/12\/aliexpress-sopami-car-wax-spray-from-china.webp\" alt=\"aliexpress sopami Autowachs-Spray aus Porzellan\" width=\"1001\" height=\"1001\" srcset=\"https:\/\/sopami.tech\/wp-content\/uploads\/2024\/12\/aliexpress-sopami-car-wax-spray-from-china.webp 1001w, https:\/\/sopami.tech\/wp-content\/uploads\/2024\/12\/aliexpress-sopami-car-wax-spray-from-china-300x300.webp 300w, https:\/\/sopami.tech\/wp-content\/uploads\/2024\/12\/aliexpress-sopami-car-wax-spray-from-china-150x150.webp 150w, https:\/\/sopami.tech\/wp-content\/uploads\/2024\/12\/aliexpress-sopami-car-wax-spray-from-china-768x768.webp 768w, https:\/\/sopami.tech\/wp-content\/uploads\/2024\/12\/aliexpress-sopami-car-wax-spray-from-china-990x990.webp 990w, https:\/\/sopami.tech\/wp-content\/uploads\/2024\/12\/aliexpress-sopami-car-wax-spray-from-china-441x441.webp 441w, https:\/\/sopami.tech\/wp-content\/uploads\/2024\/12\/aliexpress-sopami-car-wax-spray-from-china-100x100.webp 100w, https:\/\/sopami.tech\/wp-content\/uploads\/2024\/12\/aliexpress-sopami-car-wax-spray-from-china-800x800.webp 800w\" sizes=\"(max-width: 1001px) 100vw, 1001px\" \/> <img loading=\"lazy\" decoding=\"async\" class=\"alignnone size-full wp-image-7414\" title=\"sopami sp7 probiotische zahnpasta\" src=\"https:\/\/sopami.tech\/wp-content\/uploads\/2024\/12\/sopami-sp7-probiotic-toothpaste.webp\" alt=\"sopami sp7 probiotische zahnpasta\" width=\"1001\" height=\"1001\" srcset=\"https:\/\/sopami.tech\/wp-content\/uploads\/2024\/12\/sopami-sp7-probiotic-toothpaste.webp 1001w, https:\/\/sopami.tech\/wp-content\/uploads\/2024\/12\/sopami-sp7-probiotic-toothpaste-300x300.webp 300w, https:\/\/sopami.tech\/wp-content\/uploads\/2024\/12\/sopami-sp7-probiotic-toothpaste-150x150.webp 150w, https:\/\/sopami.tech\/wp-content\/uploads\/2024\/12\/sopami-sp7-probiotic-toothpaste-768x768.webp 768w, https:\/\/sopami.tech\/wp-content\/uploads\/2024\/12\/sopami-sp7-probiotic-toothpaste-990x990.webp 990w, https:\/\/sopami.tech\/wp-content\/uploads\/2024\/12\/sopami-sp7-probiotic-toothpaste-441x441.webp 441w, https:\/\/sopami.tech\/wp-content\/uploads\/2024\/12\/sopami-sp7-probiotic-toothpaste-100x100.webp 100w, https:\/\/sopami.tech\/wp-content\/uploads\/2024\/12\/sopami-sp7-probiotic-toothpaste-800x800.webp 800w\" sizes=\"(max-width: 1001px) 100vw, 1001px\" \/><br \/>\n<img loading=\"lazy\" decoding=\"async\" class=\"alignnone size-full wp-image-7417\" title=\"spray de recubrimiento de coche sopami\" src=\"https:\/\/sopami.tech\/wp-content\/uploads\/2024\/12\/spray-de-recubrimiento-de-coche-sopami.webp\" alt=\"spray de recubrimiento de coche sopami\" width=\"1001\" height=\"1001\" srcset=\"https:\/\/sopami.tech\/wp-content\/uploads\/2024\/12\/spray-de-recubrimiento-de-coche-sopami.webp 1001w, https:\/\/sopami.tech\/wp-content\/uploads\/2024\/12\/spray-de-recubrimiento-de-coche-sopami-300x300.webp 300w, https:\/\/sopami.tech\/wp-content\/uploads\/2024\/12\/spray-de-recubrimiento-de-coche-sopami-150x150.webp 150w, https:\/\/sopami.tech\/wp-content\/uploads\/2024\/12\/spray-de-recubrimiento-de-coche-sopami-768x768.webp 768w, https:\/\/sopami.tech\/wp-content\/uploads\/2024\/12\/spray-de-recubrimiento-de-coche-sopami-990x990.webp 990w, https:\/\/sopami.tech\/wp-content\/uploads\/2024\/12\/spray-de-recubrimiento-de-coche-sopami-441x441.webp 441w, https:\/\/sopami.tech\/wp-content\/uploads\/2024\/12\/spray-de-recubrimiento-de-coche-sopami-100x100.webp 100w, https:\/\/sopami.tech\/wp-content\/uploads\/2024\/12\/spray-de-recubrimiento-de-coche-sopami-800x800.webp 800w\" sizes=\"(max-width: 1001px) 100vw, 1001px\" \/> \u00a0<img loading=\"lazy\" decoding=\"async\" class=\"alignnone size-full wp-image-7412\" title=\"Sopami \u00d6lfilm-Reinigungsemulsion\" src=\"https:\/\/sopami.tech\/wp-content\/uploads\/2024\/12\/Sopami-Oil-Film-Cleaning-Emulsion.webp\" alt=\"Sopami \u00d6lfilm-Reinigungsemulsion\" width=\"1001\" height=\"1001\" srcset=\"https:\/\/sopami.tech\/wp-content\/uploads\/2024\/12\/Sopami-Oil-Film-Cleaning-Emulsion.webp 1001w, https:\/\/sopami.tech\/wp-content\/uploads\/2024\/12\/Sopami-Oil-Film-Cleaning-Emulsion-300x300.webp 300w, https:\/\/sopami.tech\/wp-content\/uploads\/2024\/12\/Sopami-Oil-Film-Cleaning-Emulsion-150x150.webp 150w, https:\/\/sopami.tech\/wp-content\/uploads\/2024\/12\/Sopami-Oil-Film-Cleaning-Emulsion-768x768.webp 768w, https:\/\/sopami.tech\/wp-content\/uploads\/2024\/12\/Sopami-Oil-Film-Cleaning-Emulsion-990x990.webp 990w, https:\/\/sopami.tech\/wp-content\/uploads\/2024\/12\/Sopami-Oil-Film-Cleaning-Emulsion-441x441.webp 441w, https:\/\/sopami.tech\/wp-content\/uploads\/2024\/12\/Sopami-Oil-Film-Cleaning-Emulsion-100x100.webp 100w, https:\/\/sopami.tech\/wp-content\/uploads\/2024\/12\/Sopami-Oil-Film-Cleaning-Emulsion-800x800.webp 800w\" sizes=\"(max-width: 1001px) 100vw, 1001px\" \/> <img loading=\"lazy\" decoding=\"async\" class=\"alignnone size-full wp-image-7411\" title=\"sopami \u00d6lfilm-Reinigungsemulsion sopami \u00d6lfilm-Emulsion Glasreiniger\" src=\"https:\/\/sopami.tech\/wp-content\/uploads\/2024\/12\/sopami-oil-film-cleaning-emulsion-sopami-oil-film-emulsion-glass-cleaner.webp\" alt=\"sopami \u00d6lfilm-Reinigungsemulsion sopami \u00d6lfilm-Emulsion Glasreiniger\" width=\"1001\" height=\"1001\" srcset=\"https:\/\/sopami.tech\/wp-content\/uploads\/2024\/12\/sopami-oil-film-cleaning-emulsion-sopami-oil-film-emulsion-glass-cleaner.webp 1001w, https:\/\/sopami.tech\/wp-content\/uploads\/2024\/12\/sopami-oil-film-cleaning-emulsion-sopami-oil-film-emulsion-glass-cleaner-300x300.webp 300w, https:\/\/sopami.tech\/wp-content\/uploads\/2024\/12\/sopami-oil-film-cleaning-emulsion-sopami-oil-film-emulsion-glass-cleaner-150x150.webp 150w, https:\/\/sopami.tech\/wp-content\/uploads\/2024\/12\/sopami-oil-film-cleaning-emulsion-sopami-oil-film-emulsion-glass-cleaner-768x768.webp 768w, https:\/\/sopami.tech\/wp-content\/uploads\/2024\/12\/sopami-oil-film-cleaning-emulsion-sopami-oil-film-emulsion-glass-cleaner-990x990.webp 990w, https:\/\/sopami.tech\/wp-content\/uploads\/2024\/12\/sopami-oil-film-cleaning-emulsion-sopami-oil-film-emulsion-glass-cleaner-441x441.webp 441w, https:\/\/sopami.tech\/wp-content\/uploads\/2024\/12\/sopami-oil-film-cleaning-emulsion-sopami-oil-film-emulsion-glass-cleaner-100x100.webp 100w, https:\/\/sopami.tech\/wp-content\/uploads\/2024\/12\/sopami-oil-film-cleaning-emulsion-sopami-oil-film-emulsion-glass-cleaner-800x800.webp 800w\" sizes=\"(max-width: 1001px) 100vw, 1001px\" \/> <img loading=\"lazy\" decoding=\"async\" class=\"alignnone size-full wp-image-7410\" title=\"sopami emporium sopami \u00d6lfilm\" src=\"https:\/\/sopami.tech\/wp-content\/uploads\/2024\/12\/sopami-emporium-sopami-oil-film.webp\" alt=\"sopami emporium sopami \u00d6lfilm\" width=\"1001\" height=\"1001\" srcset=\"https:\/\/sopami.tech\/wp-content\/uploads\/2024\/12\/sopami-emporium-sopami-oil-film.webp 1001w, https:\/\/sopami.tech\/wp-content\/uploads\/2024\/12\/sopami-emporium-sopami-oil-film-300x300.webp 300w, https:\/\/sopami.tech\/wp-content\/uploads\/2024\/12\/sopami-emporium-sopami-oil-film-150x150.webp 150w, https:\/\/sopami.tech\/wp-content\/uploads\/2024\/12\/sopami-emporium-sopami-oil-film-768x768.webp 768w, https:\/\/sopami.tech\/wp-content\/uploads\/2024\/12\/sopami-emporium-sopami-oil-film-990x990.webp 990w, https:\/\/sopami.tech\/wp-content\/uploads\/2024\/12\/sopami-emporium-sopami-oil-film-441x441.webp 441w, https:\/\/sopami.tech\/wp-content\/uploads\/2024\/12\/sopami-emporium-sopami-oil-film-100x100.webp 100w, https:\/\/sopami.tech\/wp-content\/uploads\/2024\/12\/sopami-emporium-sopami-oil-film-800x800.webp 800w\" sizes=\"(max-width: 1001px) 100vw, 1001px\" \/> <img loading=\"lazy\" decoding=\"async\" class=\"alignnone size-full wp-image-7409\" title=\"sopami Autospray in meiner N\u00e4he\" src=\"https:\/\/sopami.tech\/wp-content\/uploads\/2024\/12\/sopami-car-spray-near-me.webp\" alt=\"sopami Autospray in meiner N\u00e4he\" width=\"1001\" height=\"1001\" srcset=\"https:\/\/sopami.tech\/wp-content\/uploads\/2024\/12\/sopami-car-spray-near-me.webp 1001w, https:\/\/sopami.tech\/wp-content\/uploads\/2024\/12\/sopami-car-spray-near-me-300x300.webp 300w, https:\/\/sopami.tech\/wp-content\/uploads\/2024\/12\/sopami-car-spray-near-me-150x150.webp 150w, https:\/\/sopami.tech\/wp-content\/uploads\/2024\/12\/sopami-car-spray-near-me-768x768.webp 768w, https:\/\/sopami.tech\/wp-content\/uploads\/2024\/12\/sopami-car-spray-near-me-990x990.webp 990w, https:\/\/sopami.tech\/wp-content\/uploads\/2024\/12\/sopami-car-spray-near-me-441x441.webp 441w, https:\/\/sopami.tech\/wp-content\/uploads\/2024\/12\/sopami-car-spray-near-me-100x100.webp 100w, https:\/\/sopami.tech\/wp-content\/uploads\/2024\/12\/sopami-car-spray-near-me-800x800.webp 800w\" sizes=\"(max-width: 1001px) 100vw, 1001px\" \/> <img loading=\"lazy\" decoding=\"async\" class=\"alignnone size-full wp-image-7408\" title=\"sopami-Autobeschichtung\" src=\"https:\/\/sopami.tech\/wp-content\/uploads\/2024\/12\/sopami-car-coating.webp\" alt=\"sopami-Autobeschichtung\" width=\"1001\" height=\"1001\" srcset=\"https:\/\/sopami.tech\/wp-content\/uploads\/2024\/12\/sopami-car-coating.webp 1001w, https:\/\/sopami.tech\/wp-content\/uploads\/2024\/12\/sopami-car-coating-300x300.webp 300w, https:\/\/sopami.tech\/wp-content\/uploads\/2024\/12\/sopami-car-coating-150x150.webp 150w, https:\/\/sopami.tech\/wp-content\/uploads\/2024\/12\/sopami-car-coating-768x768.webp 768w, https:\/\/sopami.tech\/wp-content\/uploads\/2024\/12\/sopami-car-coating-990x990.webp 990w, https:\/\/sopami.tech\/wp-content\/uploads\/2024\/12\/sopami-car-coating-441x441.webp 441w, https:\/\/sopami.tech\/wp-content\/uploads\/2024\/12\/sopami-car-coating-100x100.webp 100w, https:\/\/sopami.tech\/wp-content\/uploads\/2024\/12\/sopami-car-coating-800x800.webp 800w\" sizes=\"(max-width: 1001px) 100vw, 1001px\" \/> <img loading=\"lazy\" decoding=\"async\" class=\"alignnone size-full wp-image-7407\" title=\"amazon sopami Auto Kratzer Wachs\" src=\"https:\/\/sopami.tech\/wp-content\/uploads\/2024\/12\/amazon-sopami-car-scratch-wax.webp\" alt=\"amazon sopami Auto Kratzer Wachs\" width=\"1001\" height=\"1001\" srcset=\"https:\/\/sopami.tech\/wp-content\/uploads\/2024\/12\/amazon-sopami-car-scratch-wax.webp 1001w, https:\/\/sopami.tech\/wp-content\/uploads\/2024\/12\/amazon-sopami-car-scratch-wax-300x300.webp 300w, https:\/\/sopami.tech\/wp-content\/uploads\/2024\/12\/amazon-sopami-car-scratch-wax-150x150.webp 150w, https:\/\/sopami.tech\/wp-content\/uploads\/2024\/12\/amazon-sopami-car-scratch-wax-768x768.webp 768w, https:\/\/sopami.tech\/wp-content\/uploads\/2024\/12\/amazon-sopami-car-scratch-wax-990x990.webp 990w, https:\/\/sopami.tech\/wp-content\/uploads\/2024\/12\/amazon-sopami-car-scratch-wax-441x441.webp 441w, https:\/\/sopami.tech\/wp-content\/uploads\/2024\/12\/amazon-sopami-car-scratch-wax-100x100.webp 100w, https:\/\/sopami.tech\/wp-content\/uploads\/2024\/12\/amazon-sopami-car-scratch-wax-800x800.webp 800w\" sizes=\"(max-width: 1001px) 100vw, 1001px\" \/><br \/>\n<img loading=\"lazy\" decoding=\"async\" class=\"alignnone size-full wp-image-7413\" title=\"sopami schnell wirkendes Beschichtungsmittel\" src=\"https:\/\/sopami.tech\/wp-content\/uploads\/2024\/12\/sopami-quick-effect-coating-agent-1.webp\" alt=\"sopami schnell wirkendes Beschichtungsmittel\" width=\"1001\" height=\"1001\" srcset=\"https:\/\/sopami.tech\/wp-content\/uploads\/2024\/12\/sopami-quick-effect-coating-agent-1.webp 1001w, https:\/\/sopami.tech\/wp-content\/uploads\/2024\/12\/sopami-quick-effect-coating-agent-1-300x300.webp 300w, https:\/\/sopami.tech\/wp-content\/uploads\/2024\/12\/sopami-quick-effect-coating-agent-1-150x150.webp 150w, https:\/\/sopami.tech\/wp-content\/uploads\/2024\/12\/sopami-quick-effect-coating-agent-1-768x768.webp 768w, https:\/\/sopami.tech\/wp-content\/uploads\/2024\/12\/sopami-quick-effect-coating-agent-1-990x990.webp 990w, https:\/\/sopami.tech\/wp-content\/uploads\/2024\/12\/sopami-quick-effect-coating-agent-1-441x441.webp 441w, https:\/\/sopami.tech\/wp-content\/uploads\/2024\/12\/sopami-quick-effect-coating-agent-1-100x100.webp 100w, https:\/\/sopami.tech\/wp-content\/uploads\/2024\/12\/sopami-quick-effect-coating-agent-1-800x800.webp 800w\" sizes=\"(max-width: 1001px) 100vw, 1001px\" \/><\/p>\n<h2>Sopami \u00d6lfilm-Reinigungsemulsion Spezifikation<\/h2>\n<ul>\n<li><strong>Produktname<\/strong>: Sopami \u00d6lfilm-Reinigungsemulsion<\/li>\n<li><strong>Produkt Kapazit\u00e4t<\/strong>: 150ml<\/li>\n<li><strong>Gr\u00f6\u00dfe des Produkts<\/strong>: Ca. <em>5.71<\/em>\u00a0Zoll<\/li>\n<li><strong>Produkt Verwendung<\/strong>: Entfernung des \u00d6lfilms und Dekontaminierung von Autos<\/li>\n<li><strong>Produktmerkmale<\/strong>: Ohne Wischer, effektiver Schutz der Scheiben, doppelte Verwendung f\u00fcr Haus und Auto<\/li>\n<\/ul>\n<h2>Sopami \u00d6lfilm-Reinigungsemulsion Merkmale<\/h2>\n<ul>\n<li><strong>Effektive \u00d6lfilm-Entfernung<\/strong>: Die Sopami \u00d6lfilm-Reinigungsemulsion wurde speziell entwickelt, um die \u00f6ligen R\u00fcckst\u00e4nde, die sich auf der Oberfl\u00e4che Ihres Fahrzeugs bilden, zu bek\u00e4mpfen und abzubauen. Sie l\u00f6st die durch Stra\u00dfenschmutz, Abgase und Umweltverschmutzungen verursachte Fettschicht auf und stellt so die Klarheit und Sauberkeit Ihres Fahrzeugs wieder her. Ob auf Scheiben, Spiegeln oder Karosserieteilen - mit diesem Produkt l\u00e4sst sich der \u00d6lfilm schnell und m\u00fchelos entfernen.<\/li>\n<li><strong>Kein Wischer erforderlich<\/strong>: Im Gegensatz zu herk\u00f6mmlichen Reinigungsmethoden, die oft ein \u00fcberm\u00e4\u00dfiges Abwischen oder die Verwendung eines Wischers erfordern, ist f\u00fcr die Sopami \u00d6lfilm-Reinigungsemulsion keine spezielle Ausr\u00fcstung erforderlich. Tragen Sie das Produkt einfach auf und wischen Sie es mit einem weichen Tuch ab, um eine streifenfreie, gl\u00e4nzende Oberfl\u00e4che zu erhalten. Das macht den Reinigungsprozess einfacher und schneller und spart Ihnen Zeit und M\u00fche.<\/li>\n<li><strong>Hydrophober Schutz<\/strong>: Eines der herausragenden Merkmale dieser Emulsion sind ihre hydrophoben Eigenschaften. Nach dem Auftragen bilden die behandelten Oberfl\u00e4chen eine wasserabweisende Schicht, die verhindert, dass Wasser auf der Oberfl\u00e4che haften bleibt. Dies erleichtert es, auch bei Regenwetter ein sauberes und klares Aussehen zu bewahren, da Wassertropfen schlieren- und fleckenfrei vom Glas abperlen.<\/li>\n<li><strong>Stellt Glanz und Klarheit wieder her<\/strong>: Die Sopami \u00d6lfilm-Reinigungsemulsion entfernt nicht nur Schmutz und \u00d6l, sondern hilft auch, den urspr\u00fcnglichen Glanz und die Klarheit der Fenster und Glasfl\u00e4chen Ihres Fahrzeugs wiederherzustellen. Durch die Entfernung des \u00d6lfilms und der Verunreinigungen, die die Oberfl\u00e4che tr\u00fcben, wird das Gesamtbild Ihres Fahrzeugs verbessert und es sieht frisch und gepflegt aus.<\/li>\n<li><strong>Dual-Use f\u00fcr Haus und Auto<\/strong>: Die Sopami \u00d6lfilm-Reinigungsemulsion ist zwar in erster Linie f\u00fcr den Einsatz im Automobilbereich gedacht, kann aber auch f\u00fcr andere feste Oberfl\u00e4chen in Ihrem Haus verwendet werden. Sie kann zur Reinigung von Glasfenstern, Spiegeln und sogar von Oberfl\u00e4chen in K\u00fcche und Bad verwendet werden, auf denen sich \u00d6l und Schmutz ansammeln. Dies macht sie zu einem vielseitigen und praktischen Reiniger f\u00fcr verschiedene Reinigungsanforderungen.<\/li>\n<li><strong>Schutzbeschichtung<\/strong>: Nach dem Reinigungsprozess hinterl\u00e4sst die Sopami \u00d6lfilm-Reinigungsemulsion eine d\u00fcnne Schutzschicht auf der behandelten Oberfl\u00e4che. Diese Schicht wirkt als Barriere gegen k\u00fcnftige \u00d6lablagerungen und Verschmutzungen und h\u00e4lt Ihre Oberfl\u00e4chen l\u00e4nger sauber. Bei regelm\u00e4\u00dfiger Anwendung bleibt die Oberfl\u00e4che klarer, gl\u00e4nzender und besser gesch\u00fctzt.<\/li>\n<li><strong>Leicht aufzutragen<\/strong>: Die Emulsion l\u00e4sst sich sehr leicht auftragen, auch an schwer zug\u00e4nglichen Stellen. Die Emulsion wird mit einem praktischen Schwammpinsel geliefert, der ein pr\u00e4zises Auftragen erm\u00f6glicht und die gew\u00fcnschten Stellen gr\u00fcndlich und gleichm\u00e4\u00dfig bedeckt. Die Formel ist au\u00dferdem schnell trocknend, so dass Sie nicht lange warten m\u00fcssen, bis das Produkt einwirkt.<\/li>\n<li><strong>Sicher f\u00fcr verschiedene Oberfl\u00e4chen<\/strong>: Diese Reinigungsemulsion ist sicher f\u00fcr die Verwendung auf verschiedenen Oberfl\u00e4chen, einschlie\u00dflich Glas, Spiegel, Metall und Kunststoff, und eignet sich daher f\u00fcr Autos, Motorr\u00e4der, Boote, Wohnmobile und andere Fahrzeuge. Die sanfte und dennoch wirksame Formulierung sorgt daf\u00fcr, dass die Oberfl\u00e4chen nicht besch\u00e4digt oder verf\u00e4rbt werden und bietet gleichzeitig eine hervorragende Reinigungsleistung.<\/li>\n<li><strong>Auf Nanotechnologie basierende Formel<\/strong>: Dank fortschrittlicher Nanotechnologie bietet diese Reinigungsemulsion eine zus\u00e4tzliche Schutzschicht gegen Schmutz und Dreck. Die Nano-Formel verhindert, dass Verunreinigungen auf Oberfl\u00e4chen haften bleiben, was die Reinigung langfristig einfacher und effizienter macht.<\/li>\n<\/ul>\n<h2>Sopami \u00d6lfilm-Reinigungsemulsion Paket<\/h2>\n<ul>\n<li>1 \u00d7 <strong>Sopami \u00d6lfilm-Emulsion Glasreiniger (150ml)<\/strong><\/li>\n<li>1 \u00d7 <strong>Schwammb\u00fcrste<\/strong><\/li>\n<\/ul>\n<h2>Wie verwendet man die Sopami \u00d6lfilm-Reinigungsemulsion?<\/h2>\n<ol>\n<li><strong>Bereiten Sie die Oberfl\u00e4che vor<\/strong>: Vergewissern Sie sich, dass die zu reinigende Oberfl\u00e4che trocken und frei von losem Schmutz oder Ablagerungen ist.<\/li>\n<li><strong>Auftragen der Emulsion<\/strong>: Geben Sie eine kleine Menge der Sopami \u00d6lfilm-Reinigungsemulsion auf den mitgelieferten Schwammpinsel.<\/li>\n<li><strong>Gleichm\u00e4\u00dfig auftragen<\/strong>: Tragen Sie die Emulsion vorsichtig auf die gew\u00fcnschte Stelle auf und verteilen Sie sie gleichm\u00e4\u00dfig auf der Oberfl\u00e4che.<\/li>\n<li><strong>\u00dcbersch\u00fcsse wegwischen<\/strong>: Wischen Sie \u00fcbersch\u00fcssige Emulsion mit einem sauberen, weichen Handtuch ab, so dass die Oberfl\u00e4che gl\u00e4nzend und klar bleibt.<\/li>\n<li><strong>Schwabbeln f\u00fcr Extra-Glanz<\/strong>: F\u00fcr ein noch gl\u00e4nzenderes Finish k\u00f6nnen Sie die Oberfl\u00e4che nach der Reinigung vorsichtig mit einem Mikrofasertuch polieren.<\/li>\n<li><strong>Falls erforderlich, wiederholen Sie den Vorgang.<\/strong>: Bei hartn\u00e4ckigen \u00d6lfilmen oder Flecken tragen Sie die Emulsion erneut auf die betroffenen Stellen auf und wiederholen Sie den Vorgang, bis die Oberfl\u00e4che vollst\u00e4ndig sauber ist.<\/li>\n<\/ol>","protected":false},"excerpt":{"rendered":"<p>Entfernen Sie den \u00d6lfilm und stellen Sie den Glanz wieder her mit der Sopami \u00d6lfilm-Reinigungsemulsion. Einfach zu verwenden, hydrophob und perfekt f\u00fcr Autos, Glas und Oberfl\u00e4chen im Haushalt<\/p>","protected":false},"featured_media":7400,"comment_status":"open","ping_status":"closed","template":"","meta":[],"product_brand":[],"product_cat":[15],"product_tag":[],"class_list":{"0":"post-7404","1":"product","2":"type-product","3":"status-publish","4":"has-post-thumbnail","6":"product_cat-sopami-spray","8":"first","9":"instock","10":"shipping-taxable","11":"purchasable","12":"product-type-simple"},"jetpack_sharing_enabled":true,"_links":{"self":[{"href":"https:\/\/sopami.tech\/de\/wp-json\/wp\/v2\/product\/7404","targetHints":{"allow":["GET"]}}],"collection":[{"href":"https:\/\/sopami.tech\/de\/wp-json\/wp\/v2\/product"}],"about":[{"href":"https:\/\/sopami.tech\/de\/wp-json\/wp\/v2\/types\/product"}],"replies":[{"embeddable":true,"href":"https:\/\/sopami.tech\/de\/wp-json\/wp\/v2\/comments?post=7404"}],"wp:featuredmedia":[{"embeddable":true,"href":"https:\/\/sopami.tech\/de\/wp-json\/wp\/v2\/media\/7400"}],"wp:attachment":[{"href":"https:\/\/sopami.tech\/de\/wp-json\/wp\/v2\/media?parent=7404"}],"wp:term":[{"taxonomy":"product_brand","embeddable":true,"href":"https:\/\/sopami.tech\/de\/wp-json\/wp\/v2\/product_brand?post=7404"},{"taxonomy":"product_cat","embeddable":true,"href":"https:\/\/sopami.tech\/de\/wp-json\/wp\/v2\/product_cat?post=7404"},{"taxonomy":"product_tag","embeddable":true,"href":"https:\/\/sopami.tech\/de\/wp-json\/wp\/v2\/product_tag?post=7404"}],"curies":[{"name":"wp","href":"https:\/\/api.w.org\/{rel}","templated":true}]}}