{"id":7382,"date":"2024-12-24T21:53:28","date_gmt":"2024-12-24T13:53:28","guid":{"rendered":"https:\/\/sopami.tech\/?post_type=product&#038;p=7382"},"modified":"2025-02-19T18:28:24","modified_gmt":"2025-02-19T10:28:24","slug":"sopami-car-coating-spray-3-in-1-ceramic-car-paint-spray","status":"publish","type":"product","link":"https:\/\/sopami.tech\/de\/p\/sopami-car-coating-spray-3-in-1-ceramic-car-paint-spray\/","title":{"rendered":"Sopami Car Coating Spray | 3-in-1 Keramik-Autolackspray"},"content":{"rendered":"<p><img fetchpriority=\"high\" decoding=\"async\" class=\"alignnone size-full wp-image-7397\" title=\"sopami shaver f\u00fcr metallverchromte Reifen, Spiegel, Seitent\u00fcr, Glas, Fenster.jpeg\" src=\"https:\/\/sopami.tech\/wp-content\/uploads\/2024\/12\/sopami-shaver-for-metal-plated-chrome-tiresmirrors-side-door-glass-windows.jpeg.webp\" alt=\"sopami shaver f\u00fcr metallverchromte Reifen, Spiegel, Seitent\u00fcr, Glas, Fenster.jpeg\" width=\"1000\" height=\"1000\" srcset=\"https:\/\/sopami.tech\/wp-content\/uploads\/2024\/12\/sopami-shaver-for-metal-plated-chrome-tiresmirrors-side-door-glass-windows.jpeg.webp 1000w, https:\/\/sopami.tech\/wp-content\/uploads\/2024\/12\/sopami-shaver-for-metal-plated-chrome-tiresmirrors-side-door-glass-windows.jpeg-300x300.webp 300w, https:\/\/sopami.tech\/wp-content\/uploads\/2024\/12\/sopami-shaver-for-metal-plated-chrome-tiresmirrors-side-door-glass-windows.jpeg-150x150.webp 150w, https:\/\/sopami.tech\/wp-content\/uploads\/2024\/12\/sopami-shaver-for-metal-plated-chrome-tiresmirrors-side-door-glass-windows.jpeg-768x768.webp 768w, https:\/\/sopami.tech\/wp-content\/uploads\/2024\/12\/sopami-shaver-for-metal-plated-chrome-tiresmirrors-side-door-glass-windows.jpeg-990x990.webp 990w, https:\/\/sopami.tech\/wp-content\/uploads\/2024\/12\/sopami-shaver-for-metal-plated-chrome-tiresmirrors-side-door-glass-windows.jpeg-441x441.webp 441w, https:\/\/sopami.tech\/wp-content\/uploads\/2024\/12\/sopami-shaver-for-metal-plated-chrome-tiresmirrors-side-door-glass-windows.jpeg-100x100.webp 100w, https:\/\/sopami.tech\/wp-content\/uploads\/2024\/12\/sopami-shaver-for-metal-plated-chrome-tiresmirrors-side-door-glass-windows.jpeg-800x800.webp 800w\" sizes=\"(max-width: 1000px) 100vw, 1000px\" \/><\/p>\n<p><img decoding=\"async\" class=\"alignnone size-full wp-image-7396\" title=\"sopami schnell wirkendes Beschichtungsmittel.jpeg\" src=\"https:\/\/sopami.tech\/wp-content\/uploads\/2024\/12\/sopami-quick-effect-coating-agent.jpeg-1.webp\" alt=\"sopami schnell wirkendes Beschichtungsmittel.jpeg\" width=\"1000\" height=\"1000\" srcset=\"https:\/\/sopami.tech\/wp-content\/uploads\/2024\/12\/sopami-quick-effect-coating-agent.jpeg-1.webp 1000w, https:\/\/sopami.tech\/wp-content\/uploads\/2024\/12\/sopami-quick-effect-coating-agent.jpeg-1-300x300.webp 300w, https:\/\/sopami.tech\/wp-content\/uploads\/2024\/12\/sopami-quick-effect-coating-agent.jpeg-1-150x150.webp 150w, https:\/\/sopami.tech\/wp-content\/uploads\/2024\/12\/sopami-quick-effect-coating-agent.jpeg-1-768x768.webp 768w, https:\/\/sopami.tech\/wp-content\/uploads\/2024\/12\/sopami-quick-effect-coating-agent.jpeg-1-990x990.webp 990w, https:\/\/sopami.tech\/wp-content\/uploads\/2024\/12\/sopami-quick-effect-coating-agent.jpeg-1-441x441.webp 441w, https:\/\/sopami.tech\/wp-content\/uploads\/2024\/12\/sopami-quick-effect-coating-agent.jpeg-1-100x100.webp 100w, https:\/\/sopami.tech\/wp-content\/uploads\/2024\/12\/sopami-quick-effect-coating-agent.jpeg-1-800x800.webp 800w\" sizes=\"(max-width: 1000px) 100vw, 1000px\" \/><\/p>\n<p><img decoding=\"async\" class=\"alignnone size-full wp-image-7395\" title=\"sopami \u00d6lfilm Emulsion Glasreiniger.jpeg\" src=\"https:\/\/sopami.tech\/wp-content\/uploads\/2024\/12\/sopami-oil-film-emulsion-glass-cleaner.jpeg.webp\" alt=\"sopami \u00d6lfilm Emulsion Glasreiniger.jpeg\" width=\"1000\" height=\"1000\" srcset=\"https:\/\/sopami.tech\/wp-content\/uploads\/2024\/12\/sopami-oil-film-emulsion-glass-cleaner.jpeg.webp 1000w, https:\/\/sopami.tech\/wp-content\/uploads\/2024\/12\/sopami-oil-film-emulsion-glass-cleaner.jpeg-300x300.webp 300w, https:\/\/sopami.tech\/wp-content\/uploads\/2024\/12\/sopami-oil-film-emulsion-glass-cleaner.jpeg-150x150.webp 150w, https:\/\/sopami.tech\/wp-content\/uploads\/2024\/12\/sopami-oil-film-emulsion-glass-cleaner.jpeg-768x768.webp 768w, https:\/\/sopami.tech\/wp-content\/uploads\/2024\/12\/sopami-oil-film-emulsion-glass-cleaner.jpeg-990x990.webp 990w, https:\/\/sopami.tech\/wp-content\/uploads\/2024\/12\/sopami-oil-film-emulsion-glass-cleaner.jpeg-441x441.webp 441w, https:\/\/sopami.tech\/wp-content\/uploads\/2024\/12\/sopami-oil-film-emulsion-glass-cleaner.jpeg-100x100.webp 100w, https:\/\/sopami.tech\/wp-content\/uploads\/2024\/12\/sopami-oil-film-emulsion-glass-cleaner.jpeg-800x800.webp 800w\" sizes=\"(max-width: 1000px) 100vw, 1000px\" \/><\/p>\n<p><img loading=\"lazy\" decoding=\"async\" class=\"alignnone size-full wp-image-7394\" title=\"sopami \u00d6lfilm-Reinigungsemulsion sopami \u00d6lfilm-Emulsion Glasreiniger.jpeg\" src=\"https:\/\/sopami.tech\/wp-content\/uploads\/2024\/12\/sopami-oil-film-cleaning-emulsion-sopami-oil-film-emulsion-glass-cleaner.jpeg.webp\" alt=\"sopami \u00d6lfilm-Reinigungsemulsion sopami \u00d6lfilm-Emulsion Glasreiniger.jpeg\" width=\"1000\" height=\"1000\" srcset=\"https:\/\/sopami.tech\/wp-content\/uploads\/2024\/12\/sopami-oil-film-cleaning-emulsion-sopami-oil-film-emulsion-glass-cleaner.jpeg.webp 1000w, https:\/\/sopami.tech\/wp-content\/uploads\/2024\/12\/sopami-oil-film-cleaning-emulsion-sopami-oil-film-emulsion-glass-cleaner.jpeg-300x300.webp 300w, https:\/\/sopami.tech\/wp-content\/uploads\/2024\/12\/sopami-oil-film-cleaning-emulsion-sopami-oil-film-emulsion-glass-cleaner.jpeg-150x150.webp 150w, https:\/\/sopami.tech\/wp-content\/uploads\/2024\/12\/sopami-oil-film-cleaning-emulsion-sopami-oil-film-emulsion-glass-cleaner.jpeg-768x768.webp 768w, https:\/\/sopami.tech\/wp-content\/uploads\/2024\/12\/sopami-oil-film-cleaning-emulsion-sopami-oil-film-emulsion-glass-cleaner.jpeg-990x990.webp 990w, https:\/\/sopami.tech\/wp-content\/uploads\/2024\/12\/sopami-oil-film-cleaning-emulsion-sopami-oil-film-emulsion-glass-cleaner.jpeg-441x441.webp 441w, https:\/\/sopami.tech\/wp-content\/uploads\/2024\/12\/sopami-oil-film-cleaning-emulsion-sopami-oil-film-emulsion-glass-cleaner.jpeg-100x100.webp 100w, https:\/\/sopami.tech\/wp-content\/uploads\/2024\/12\/sopami-oil-film-cleaning-emulsion-sopami-oil-film-emulsion-glass-cleaner.jpeg-800x800.webp 800w\" sizes=\"(max-width: 1000px) 100vw, 1000px\" \/><\/p>\n<p><img loading=\"lazy\" decoding=\"async\" class=\"alignnone size-full wp-image-7393\" title=\"sopami Beschichtungsmittel f\u00fcr jedes Auto.jpeg\" src=\"https:\/\/sopami.tech\/wp-content\/uploads\/2024\/12\/sopami-coating-agent-for-every-car.jpeg.webp\" alt=\"sopami Beschichtungsmittel f\u00fcr jedes Auto.jpeg\" width=\"1000\" height=\"1000\" srcset=\"https:\/\/sopami.tech\/wp-content\/uploads\/2024\/12\/sopami-coating-agent-for-every-car.jpeg.webp 1000w, https:\/\/sopami.tech\/wp-content\/uploads\/2024\/12\/sopami-coating-agent-for-every-car.jpeg-300x300.webp 300w, https:\/\/sopami.tech\/wp-content\/uploads\/2024\/12\/sopami-coating-agent-for-every-car.jpeg-150x150.webp 150w, https:\/\/sopami.tech\/wp-content\/uploads\/2024\/12\/sopami-coating-agent-for-every-car.jpeg-768x768.webp 768w, https:\/\/sopami.tech\/wp-content\/uploads\/2024\/12\/sopami-coating-agent-for-every-car.jpeg-990x990.webp 990w, https:\/\/sopami.tech\/wp-content\/uploads\/2024\/12\/sopami-coating-agent-for-every-car.jpeg-441x441.webp 441w, https:\/\/sopami.tech\/wp-content\/uploads\/2024\/12\/sopami-coating-agent-for-every-car.jpeg-100x100.webp 100w, https:\/\/sopami.tech\/wp-content\/uploads\/2024\/12\/sopami-coating-agent-for-every-car.jpeg-800x800.webp 800w\" sizes=\"(max-width: 1000px) 100vw, 1000px\" \/><\/p>\n<p><img loading=\"lazy\" decoding=\"async\" class=\"alignnone size-full wp-image-7392\" title=\"sopami Autowachs-Spray.jpeg\" src=\"https:\/\/sopami.tech\/wp-content\/uploads\/2024\/12\/sopami-car-wax-spray.jpeg.webp\" alt=\"sopami Autowachs-Spray.jpeg\" width=\"1000\" height=\"1000\" srcset=\"https:\/\/sopami.tech\/wp-content\/uploads\/2024\/12\/sopami-car-wax-spray.jpeg.webp 1000w, https:\/\/sopami.tech\/wp-content\/uploads\/2024\/12\/sopami-car-wax-spray.jpeg-300x300.webp 300w, https:\/\/sopami.tech\/wp-content\/uploads\/2024\/12\/sopami-car-wax-spray.jpeg-150x150.webp 150w, https:\/\/sopami.tech\/wp-content\/uploads\/2024\/12\/sopami-car-wax-spray.jpeg-768x768.webp 768w, https:\/\/sopami.tech\/wp-content\/uploads\/2024\/12\/sopami-car-wax-spray.jpeg-990x990.webp 990w, https:\/\/sopami.tech\/wp-content\/uploads\/2024\/12\/sopami-car-wax-spray.jpeg-441x441.webp 441w, https:\/\/sopami.tech\/wp-content\/uploads\/2024\/12\/sopami-car-wax-spray.jpeg-100x100.webp 100w, https:\/\/sopami.tech\/wp-content\/uploads\/2024\/12\/sopami-car-wax-spray.jpeg-800x800.webp 800w\" sizes=\"(max-width: 1000px) 100vw, 1000px\" \/><\/p>\n<p><img loading=\"lazy\" decoding=\"async\" class=\"alignnone size-full wp-image-7391\" title=\"sopami car spray Bewertungen und Beschwerden.jpeg\" src=\"https:\/\/sopami.tech\/wp-content\/uploads\/2024\/12\/sopami-car-spray-reviews-and-complaints.jpeg.webp\" alt=\"sopami car spray Bewertungen und Beschwerden.jpeg\" width=\"1000\" height=\"1000\" srcset=\"https:\/\/sopami.tech\/wp-content\/uploads\/2024\/12\/sopami-car-spray-reviews-and-complaints.jpeg.webp 1000w, https:\/\/sopami.tech\/wp-content\/uploads\/2024\/12\/sopami-car-spray-reviews-and-complaints.jpeg-300x300.webp 300w, https:\/\/sopami.tech\/wp-content\/uploads\/2024\/12\/sopami-car-spray-reviews-and-complaints.jpeg-150x150.webp 150w, https:\/\/sopami.tech\/wp-content\/uploads\/2024\/12\/sopami-car-spray-reviews-and-complaints.jpeg-768x768.webp 768w, https:\/\/sopami.tech\/wp-content\/uploads\/2024\/12\/sopami-car-spray-reviews-and-complaints.jpeg-990x990.webp 990w, https:\/\/sopami.tech\/wp-content\/uploads\/2024\/12\/sopami-car-spray-reviews-and-complaints.jpeg-441x441.webp 441w, https:\/\/sopami.tech\/wp-content\/uploads\/2024\/12\/sopami-car-spray-reviews-and-complaints.jpeg-100x100.webp 100w, https:\/\/sopami.tech\/wp-content\/uploads\/2024\/12\/sopami-car-spray-reviews-and-complaints.jpeg-800x800.webp 800w\" sizes=\"(max-width: 1000px) 100vw, 1000px\" \/><\/p>\n<h2>Sopami Car Coating Spray Spezifikation<\/h2>\n<ul>\n<li><strong>Artikel Volumen<\/strong>: 500ml<\/li>\n<li><strong>Artikel H\u00f6he<\/strong>: 21.03 cm<\/li>\n<li><strong>Artikel Breite<\/strong>: 6,1 cm<\/li>\n<li><strong>Marke<\/strong>: Sopami<\/li>\n<li><strong>Herkunft<\/strong>: Festland China<\/li>\n<li><strong>Name des Modells<\/strong>: 128705<\/li>\n<li><strong>Artikel Typ<\/strong>: Lackier-Schutzfolie<\/li>\n<\/ul>\n<h2>Sopami Car Coating Spray Paketliste<\/h2>\n<ul>\n<li>1 \u00d7 Auto-Schnell-Lackierspray<\/li>\n<li>1 \u00d7 Handtuch<\/li>\n<\/ul>\n<h2>Sopami Car Coating Spray Eigenschaften<\/h2>\n<ul>\n<li><strong>Schutzbeschichtung<\/strong>: Das 3-in-1-Keramik-Autolackspray erzeugt eine \u00e4u\u00dferst haltbare, diamantartige Schutzschicht auf der Oberfl\u00e4che Ihres Fahrzeugs. Dieser Schutzschild sch\u00fctzt vor einer Vielzahl von Umweltverschmutzungen wie Schmutz, Fett, Vogelkot und Wasserflecken und sorgt daf\u00fcr, dass der Lack Ihres Fahrzeugs monatelang makellos bleibt, ohne dass er h\u00e4ufig neu aufgetragen werden muss.<\/li>\n<li><strong>M\u00fchelose Reinigung<\/strong>: Dieses Spray entfernt m\u00fchelos hartn\u00e4ckigen Schmutz, Schlamm, Ungeziefer, Staub und Fett von der Oberfl\u00e4che Ihres Fahrzeugs und macht die regelm\u00e4\u00dfige Reinigung viel schneller und einfacher. Es hilft auch bei der Beseitigung anderer \u00fcblicher Verschmutzungen, einschlie\u00dflich \u00d6lfilmen, und l\u00e4sst Ihr Auto nach jeder Anwendung makellos aussehen.<\/li>\n<li><strong>Langanhaltender Glanz<\/strong>: The nanotechnology formula ensures that the protective coating is highly effective and long-lasting. The coating provides a glossy, showroom-quality shine that won\u2019t fade with time. The long-term effect makes it ideal for keeping your car looking brand new with minimal maintenance.<\/li>\n<li><strong>Verhindert Lacksch\u00e4den<\/strong>: Beyond just adding a shine, the ceramic coating prevents damage caused by harsh UV rays, oxidation, acid rain, and other elements that can dull your car\u2019s paintwork over time. It also protects from light scratches and swirl marks, preserving the vehicle&#8217;s aesthetic appeal.<\/li>\n<li><strong>Einfache Anwendung<\/strong>: Einer der gr\u00f6\u00dften Vorteile dieses Produkts ist seine einfache Anwendung. Spr\u00fchen Sie es einfach direkt auf die Oberfl\u00e4che des Autos, und es entfernt sofort Schmutz, Fett und andere Verunreinigungen. Das Spray hilft auch dabei, das Auto l\u00e4nger sauber zu halten, indem es eine Antihaftschicht bildet, die Schmutz und Wasser abweist.<\/li>\n<li><strong>Vielseitiger Schutz<\/strong>: Dieses vielseitige Spray ist nicht nur f\u00fcr Autos, sondern auch f\u00fcr eine Vielzahl von Oberfl\u00e4chen geeignet und somit ein unverzichtbares Werkzeug f\u00fcr Boote, Motorr\u00e4der, Wohnmobile, Quads, Glas- und Kunststoffteile und vieles mehr. Es funktioniert gleicherma\u00dfen gut auf allen Lack-, Kunststoff- und Glasoberfl\u00e4chen und bietet eine universelle L\u00f6sung f\u00fcr verschiedene Fahrzeuge und Ger\u00e4te.<\/li>\n<li><strong>Wasserabweisende und hydrophobe Wirkung<\/strong>: Dieses Spray f\u00fcgt auch eine wasserabweisende Schicht hinzu, die Wasser wirksam abweist und die Bildung von Wasserflecken auf Ihrem Auto verhindert. Die hydrophoben Eigenschaften sorgen daf\u00fcr, dass Regenwasser oder Autowaschanlagen abtrocknen, ohne Flecken zu hinterlassen, so dass Ihr Auto bei N\u00e4sse leichter zu pflegen ist.<\/li>\n<li><strong>Zeitsparende L\u00f6sung<\/strong>: Kein langwieriges Waxing mehr n\u00f6tig. Das schnell wirkende Spray bietet sofortige Ergebnisse, spart Zeit und erzielt die gleiche lang anhaltende Wirkung wie ein herk\u00f6mmliches Wachs. Perfekt f\u00fcr vielbesch\u00e4ftigte Autobesitzer, die erstklassige Ergebnisse erzielen m\u00f6chten, ohne sich zu qu\u00e4len.<\/li>\n<li><strong>Kratzer reparieren<\/strong>: Dieses Produkt hat auch eine milde Kratzerausbesserungsfunktion. Es f\u00fcllt kleine Kratzer und Unebenheiten auf der Oberfl\u00e4che Ihres Fahrzeugs auf und hilft, eine glatte, makellose Oberfl\u00e4che wiederherzustellen.<\/li>\n<li><strong>Umweltvertr\u00e4gliche Formel<\/strong>: Das 3-in-1-Keramik-Autolackspray wurde nach umweltfreundlichen Prinzipien entwickelt und ist damit eine sichere Alternative zu aggressiven chemischen Reinigern und Wachsen. Es ist wirksam, ohne die Umwelt zu belasten.<\/li>\n<\/ul>\n<h2>Wie verwendet man Sopami Car Coating Spray?<\/h2>\n<ol>\n<li><strong>Reinigen Sie die Oberfl\u00e4che<\/strong>: Waschen Sie Ihr Auto, um Schmutz und Ablagerungen zu entfernen, bevor Sie das Spray auftragen.<\/li>\n<li><strong>Sch\u00fctteln Sie die Flasche<\/strong>: Die Spr\u00fchflasche gut sch\u00fctteln, um die Formel zu mischen.<\/li>\n<li><strong>Auf die Oberfl\u00e4che spr\u00fchen<\/strong>: Spr\u00fchen Sie die 3-in-1-Keramikbeschichtung gleichm\u00e4\u00dfig auf den Autolack.<\/li>\n<li><strong>Wischen und Polieren<\/strong>: Wischen Sie die bespr\u00fchte Stelle mit einem sauberen Handtuch ab und polieren Sie sie auf Hochglanz.<\/li>\n<li><strong>Wiederholen Sie den Vorgang nach Bedarf.<\/strong>: Fahren Sie mit dem Spr\u00fchen und Polieren von Teilen des Fahrzeugs fort, bis die Beschichtung vollst\u00e4ndig ist.<\/li>\n<li><strong>Abbinden lassen<\/strong>: Lassen Sie die Beschichtung einige Minuten lang trocknen, um ein optimales Ergebnis zu erzielen.<\/li>\n<\/ol>","protected":false},"excerpt":{"rendered":"<p>Sch\u00fctzen, reinigen und gl\u00e4nzen Sie Ihr Auto mit Sopami 3-in-1 Ceramic Car Paint Spray. Langlebig, wasserfest und einfach aufzutragen f\u00fcr ein makelloses Finish<\/p>","protected":false},"featured_media":7387,"comment_status":"open","ping_status":"closed","template":"","meta":[],"product_brand":[],"product_cat":[15],"product_tag":[],"class_list":{"0":"post-7382","1":"product","2":"type-product","3":"status-publish","4":"has-post-thumbnail","6":"product_cat-sopami-spray","8":"first","9":"instock","10":"shipping-taxable","11":"purchasable","12":"product-type-simple"},"jetpack_sharing_enabled":true,"_links":{"self":[{"href":"https:\/\/sopami.tech\/de\/wp-json\/wp\/v2\/product\/7382","targetHints":{"allow":["GET"]}}],"collection":[{"href":"https:\/\/sopami.tech\/de\/wp-json\/wp\/v2\/product"}],"about":[{"href":"https:\/\/sopami.tech\/de\/wp-json\/wp\/v2\/types\/product"}],"replies":[{"embeddable":true,"href":"https:\/\/sopami.tech\/de\/wp-json\/wp\/v2\/comments?post=7382"}],"wp:featuredmedia":[{"embeddable":true,"href":"https:\/\/sopami.tech\/de\/wp-json\/wp\/v2\/media\/7387"}],"wp:attachment":[{"href":"https:\/\/sopami.tech\/de\/wp-json\/wp\/v2\/media?parent=7382"}],"wp:term":[{"taxonomy":"product_brand","embeddable":true,"href":"https:\/\/sopami.tech\/de\/wp-json\/wp\/v2\/product_brand?post=7382"},{"taxonomy":"product_cat","embeddable":true,"href":"https:\/\/sopami.tech\/de\/wp-json\/wp\/v2\/product_cat?post=7382"},{"taxonomy":"product_tag","embeddable":true,"href":"https:\/\/sopami.tech\/de\/wp-json\/wp\/v2\/product_tag?post=7382"}],"curies":[{"name":"wp","href":"https:\/\/api.w.org\/{rel}","templated":true}]}}